{"id":14041,"date":"2025-07-15T12:48:34","date_gmt":"2025-07-15T10:48:34","guid":{"rendered":"https:\/\/uj.adatbank.ro\/lexikon\/termek\/lorinczi-jozsef-2\/"},"modified":"2025-07-15T12:48:34","modified_gmt":"2025-07-15T10:48:34","slug":"lorinczi-jozsef-2","status":"publish","type":"product","link":"https:\/\/uj.adatbank.ro\/lexikon\/termek\/lorinczi-jozsef-2\/","title":{"rendered":"L\u0150RINCZI J\u00f3zsef"},"content":{"rendered":"<p>Hagym\u00e1sbodon, 1848., \u2020 ? : k\u00f6nyvk\u00f6t\u0151. \u2013 Mv.-en k\u00f6nyvk\u00f6t\u0151. Folytatta \u00e9s kiad\u00f3 tulajdonosa a L\u0151csey -f\u00e9le Sz\u00e9kely Napt\u00e1rnak: R\u00e9gi \u00e9s val\u00f3di L\u0151csei f\u00e9le Sz\u00e9kely Napt\u00e1r c.l (1898\u20131909; 1913; 1922\u201325; 1939; 1945). <br \/><strong>Irod.:<\/strong> Poptamas-M\u00f3zes; Sz\u00e9kely Napt\u00e1r (h\u00edrdet\u00e9sei; 1890, 1909); Szinnyei<\/br><\/p>\n","protected":false},"excerpt":{"rendered":"<p>Hagym\u00e1sbodon, 1848., \u2020 ? : k\u00f6nyvk\u00f6t\u0151. \u2013 Mv.-en k\u00f6nyvk\u00f6t\u0151. Folytatta \u00e9s kiad\u00f3 tulajdonosa a L\u0151csey -f\u00e9le Sz\u00e9kely Napt\u00e1rnak: R\u00e9gi \u00e9s val\u00f3di L\u0151csei f\u00e9le Sz\u00e9kely Napt\u00e1r c.l (1898\u20131909; 1913; 1922\u201325; 1939; 1945). Irod.: Poptamas-M\u00f3zes; Sz\u00e9kely Napt\u00e1r (h\u00edrdet\u00e9sei; 1890, 1909); Szinnyei<\/p>\n","protected":false},"featured_media":0,"comment_status":"open","ping_status":"closed","template":"","meta":[],"product_brand":[],"product_cat":[137],"product_tag":[],"class_list":{"0":"post-14041","1":"product","2":"type-product","3":"status-publish","5":"product_cat-maros-megyei-eletrajzi-lexikon","7":"first","8":"instock","9":"shipping-taxable","10":"product-type-simple"},"_links":{"self":[{"href":"https:\/\/uj.adatbank.ro\/lexikon\/wp-json\/wp\/v2\/product\/14041","targetHints":{"allow":["GET"]}}],"collection":[{"href":"https:\/\/uj.adatbank.ro\/lexikon\/wp-json\/wp\/v2\/product"}],"about":[{"href":"https:\/\/uj.adatbank.ro\/lexikon\/wp-json\/wp\/v2\/types\/product"}],"replies":[{"embeddable":true,"href":"https:\/\/uj.adatbank.ro\/lexikon\/wp-json\/wp\/v2\/comments?post=14041"}],"wp:attachment":[{"href":"https:\/\/uj.adatbank.ro\/lexikon\/wp-json\/wp\/v2\/media?parent=14041"}],"wp:term":[{"taxonomy":"product_brand","embeddable":true,"href":"https:\/\/uj.adatbank.ro\/lexikon\/wp-json\/wp\/v2\/product_brand?post=14041"},{"taxonomy":"product_cat","embeddable":true,"href":"https:\/\/uj.adatbank.ro\/lexikon\/wp-json\/wp\/v2\/product_cat?post=14041"},{"taxonomy":"product_tag","embeddable":true,"href":"https:\/\/uj.adatbank.ro\/lexikon\/wp-json\/wp\/v2\/product_tag?post=14041"}],"curies":[{"name":"wp","href":"https:\/\/api.w.org\/{rel}","templated":true}]}}