{"id":14045,"date":"2025-07-15T12:48:42","date_gmt":"2025-07-15T10:48:42","guid":{"rendered":"https:\/\/uj.adatbank.ro\/lexikon\/termek\/lorinczi-mozes\/"},"modified":"2025-07-15T12:48:42","modified_gmt":"2025-07-15T10:48:42","slug":"lorinczi-mozes","status":"publish","type":"product","link":"https:\/\/uj.adatbank.ro\/lexikon\/termek\/lorinczi-mozes\/","title":{"rendered":"L\u0150RINCZI M\u00f3zes"},"content":{"rendered":"<p>? \u2020\u00a0?: ref. lelk\u00e9sz. \u2013 Feles\u00e9ge Sikl\u00f3di Anna (.\u2020 1792 k.). Mv.-en subscrib\u00e1lt (1776), a s\u00e1rdi zsinaton szentelt\u00e9k papp\u00e1 (1783). Kisf\u00fclp\u00f6s\u00f6n (1783\u201393), Galambodon (1793\u20131800), Iklandon (1802\u20131808) \u00e9s L\u0151rincfalv\u00e1n (1808\u20131812) volt lelk\u00e9sz. <br \/><strong>Irod.:<\/strong> \u0150sz<\/br><\/p>\n","protected":false},"excerpt":{"rendered":"<p>? \u2020\u00a0?: ref. lelk\u00e9sz. \u2013 Feles\u00e9ge Sikl\u00f3di Anna (.\u2020 1792 k.). Mv.-en subscrib\u00e1lt (1776), a s\u00e1rdi zsinaton szentelt\u00e9k papp\u00e1 (1783). Kisf\u00fclp\u00f6s\u00f6n (1783\u201393), Galambodon (1793\u20131800), Iklandon (1802\u20131808) \u00e9s L\u0151rincfalv\u00e1n (1808\u20131812) volt lelk\u00e9sz. Irod.: \u0150sz<\/p>\n","protected":false},"featured_media":0,"comment_status":"open","ping_status":"closed","template":"","meta":[],"product_brand":[],"product_cat":[137],"product_tag":[],"class_list":{"0":"post-14045","1":"product","2":"type-product","3":"status-publish","5":"product_cat-maros-megyei-eletrajzi-lexikon","7":"first","8":"instock","9":"shipping-taxable","10":"product-type-simple"},"_links":{"self":[{"href":"https:\/\/uj.adatbank.ro\/lexikon\/wp-json\/wp\/v2\/product\/14045","targetHints":{"allow":["GET"]}}],"collection":[{"href":"https:\/\/uj.adatbank.ro\/lexikon\/wp-json\/wp\/v2\/product"}],"about":[{"href":"https:\/\/uj.adatbank.ro\/lexikon\/wp-json\/wp\/v2\/types\/product"}],"replies":[{"embeddable":true,"href":"https:\/\/uj.adatbank.ro\/lexikon\/wp-json\/wp\/v2\/comments?post=14045"}],"wp:attachment":[{"href":"https:\/\/uj.adatbank.ro\/lexikon\/wp-json\/wp\/v2\/media?parent=14045"}],"wp:term":[{"taxonomy":"product_brand","embeddable":true,"href":"https:\/\/uj.adatbank.ro\/lexikon\/wp-json\/wp\/v2\/product_brand?post=14045"},{"taxonomy":"product_cat","embeddable":true,"href":"https:\/\/uj.adatbank.ro\/lexikon\/wp-json\/wp\/v2\/product_cat?post=14045"},{"taxonomy":"product_tag","embeddable":true,"href":"https:\/\/uj.adatbank.ro\/lexikon\/wp-json\/wp\/v2\/product_tag?post=14045"}],"curies":[{"name":"wp","href":"https:\/\/api.w.org\/{rel}","templated":true}]}}