{"id":14047,"date":"2025-07-15T12:48:45","date_gmt":"2025-07-15T10:48:45","guid":{"rendered":"https:\/\/uj.adatbank.ro\/lexikon\/termek\/lorinczi-zsigmond-lorinczy\/"},"modified":"2025-07-15T12:48:45","modified_gmt":"2025-07-15T10:48:45","slug":"lorinczi-zsigmond-lorinczy","status":"publish","type":"product","link":"https:\/\/uj.adatbank.ro\/lexikon\/termek\/lorinczi-zsigmond-lorinczy\/","title":{"rendered":"L\u0150RINCZI Zsigmond, L\u0151rinczy"},"content":{"rendered":"<p>Szent\u00e1brah\u00e1m, 1863. dec. 12., \u2020 Mv., 1943. \u00e1pr. 7: tan\u00edt\u00f3, iskolaigazgat\u00f3.- Feles\u00e9ge: J\u00e1nossy Eszter. \u2013 K\u00f6zs\u00e9gi tan\u00edt\u00f3 Cserefalv\u00e1n; Szab\u00e9don t\u00edz \u00e9vig unit. felekezeti iskolai tan\u00edt\u00f3. Mv.-en (1906\u201327), igazgat\u00f3i c\u00edmet kapott (1912), k\u00f6nyvt\u00e1rosa a Kaszin\u00f3nak, a Marostordamegyei Tan\u00edt\u00f3 Egyes\u00fcletnek f\u0151jegyz\u0151je, titk\u00e1ra, k\u00f6nyvt\u00e1rosa. Az unit. egyh\u00e1zk\u00f6zs\u00e9gnek jegyz\u0151je, \u00e9nekvez\u00e9re \u00e9s presbitere. \u2013 <strong>F. m.:<\/strong> A Marostordamegyei \u00c1llami Tantetest\u00fclet K\u00f6nyvt\u00e1r\u00e1nak szakcsoportos\u00edtott jegyz\u00e9ke (Mv., 1914). \u2013 Irod : EM; Guly\u00e1s; Gy\u00e1szjelent\u0151 ; Mv.-i Alamanach, 1912.<\/br><\/p>\n","protected":false},"excerpt":{"rendered":"<p>Szent\u00e1brah\u00e1m, 1863. dec. 12., \u2020 Mv., 1943. \u00e1pr. 7: tan\u00edt\u00f3, iskolaigazgat\u00f3.- Feles\u00e9ge: J\u00e1nossy Eszter. \u2013 K\u00f6zs\u00e9gi tan\u00edt\u00f3 Cserefalv\u00e1n; Szab\u00e9don t\u00edz \u00e9vig unit. felekezeti iskolai tan\u00edt\u00f3. Mv.-en (1906\u201327), igazgat\u00f3i c\u00edmet kapott (1912), k\u00f6nyvt\u00e1rosa a Kaszin\u00f3nak, a Marostordamegyei Tan\u00edt\u00f3 Egyes\u00fcletnek f\u0151jegyz\u0151je, titk\u00e1ra, k\u00f6nyvt\u00e1rosa. Az unit. egyh\u00e1zk\u00f6zs\u00e9gnek jegyz\u0151je, \u00e9nekvez\u00e9re \u00e9s presbitere. \u2013 F. m.: A Marostordamegyei \u00c1llami Tantetest\u00fclet [&hellip;]<\/p>\n","protected":false},"featured_media":0,"comment_status":"open","ping_status":"closed","template":"","meta":[],"product_brand":[],"product_cat":[137],"product_tag":[],"class_list":{"0":"post-14047","1":"product","2":"type-product","3":"status-publish","5":"product_cat-maros-megyei-eletrajzi-lexikon","7":"first","8":"instock","9":"shipping-taxable","10":"product-type-simple"},"_links":{"self":[{"href":"https:\/\/uj.adatbank.ro\/lexikon\/wp-json\/wp\/v2\/product\/14047","targetHints":{"allow":["GET"]}}],"collection":[{"href":"https:\/\/uj.adatbank.ro\/lexikon\/wp-json\/wp\/v2\/product"}],"about":[{"href":"https:\/\/uj.adatbank.ro\/lexikon\/wp-json\/wp\/v2\/types\/product"}],"replies":[{"embeddable":true,"href":"https:\/\/uj.adatbank.ro\/lexikon\/wp-json\/wp\/v2\/comments?post=14047"}],"wp:attachment":[{"href":"https:\/\/uj.adatbank.ro\/lexikon\/wp-json\/wp\/v2\/media?parent=14047"}],"wp:term":[{"taxonomy":"product_brand","embeddable":true,"href":"https:\/\/uj.adatbank.ro\/lexikon\/wp-json\/wp\/v2\/product_brand?post=14047"},{"taxonomy":"product_cat","embeddable":true,"href":"https:\/\/uj.adatbank.ro\/lexikon\/wp-json\/wp\/v2\/product_cat?post=14047"},{"taxonomy":"product_tag","embeddable":true,"href":"https:\/\/uj.adatbank.ro\/lexikon\/wp-json\/wp\/v2\/product_tag?post=14047"}],"curies":[{"name":"wp","href":"https:\/\/api.w.org\/{rel}","templated":true}]}}