{"id":14048,"date":"2025-07-15T12:48:48","date_gmt":"2025-07-15T10:48:48","guid":{"rendered":"https:\/\/uj.adatbank.ro\/lexikon\/termek\/lorinczy-albert-dalnoki\/"},"modified":"2025-07-15T12:48:48","modified_gmt":"2025-07-15T10:48:48","slug":"lorinczy-albert-dalnoki","status":"publish","type":"product","link":"https:\/\/uj.adatbank.ro\/lexikon\/termek\/lorinczy-albert-dalnoki\/","title":{"rendered":"L\u0150RINCZY Albert, d\u00e1lnoki"},"content":{"rendered":"<p>Mez\u0151b\u00e1nd, 1891., \u2020\u00a0?: tan\u00edt\u00f3, bankigazgat\u00f3. \u2013 A gimn.-ot Mv.-en, a tan\u00edt\u00f3k\u00e9pz\u0151t Kv.-on v\u00e9gezte. 4 \u00e9vig dolgozott mint pedag\u00f3gus, majd Mv.-en a Takar\u00e9kp\u00e9nzt\u00e1rhoz ker\u00fclt mint p\u00e9nzt\u00e1ros (1926), azut\u00e1n mint igazgat\u00f3 vezette a bankot (1939\u2013). Az els\u0151 vh.-ban az orosz fronton harcolt, fogs\u00e1gba esett (1915), 6 \u00e9v m\u00falva t\u00e9rt haza, mint szakaszvezet\u0151 szerelt le a II. o. ez\u00fcst vit. \u00e9rem kit\u00fcntet\u00e9ssel. <br \/><strong>Irod.:<\/strong> Sz\u00e9kelyf\u00f6ld \u00ed.k<\/br><\/p>\n","protected":false},"excerpt":{"rendered":"<p>Mez\u0151b\u00e1nd, 1891., \u2020\u00a0?: tan\u00edt\u00f3, bankigazgat\u00f3. \u2013 A gimn.-ot Mv.-en, a tan\u00edt\u00f3k\u00e9pz\u0151t Kv.-on v\u00e9gezte. 4 \u00e9vig dolgozott mint pedag\u00f3gus, majd Mv.-en a Takar\u00e9kp\u00e9nzt\u00e1rhoz ker\u00fclt mint p\u00e9nzt\u00e1ros (1926), azut\u00e1n mint igazgat\u00f3 vezette a bankot (1939\u2013). Az els\u0151 vh.-ban az orosz fronton harcolt, fogs\u00e1gba esett (1915), 6 \u00e9v m\u00falva t\u00e9rt haza, mint szakaszvezet\u0151 szerelt le a II. o. [&hellip;]<\/p>\n","protected":false},"featured_media":0,"comment_status":"open","ping_status":"closed","template":"","meta":[],"product_brand":[],"product_cat":[137],"product_tag":[],"class_list":{"0":"post-14048","1":"product","2":"type-product","3":"status-publish","5":"product_cat-maros-megyei-eletrajzi-lexikon","7":"first","8":"instock","9":"shipping-taxable","10":"product-type-simple"},"_links":{"self":[{"href":"https:\/\/uj.adatbank.ro\/lexikon\/wp-json\/wp\/v2\/product\/14048","targetHints":{"allow":["GET"]}}],"collection":[{"href":"https:\/\/uj.adatbank.ro\/lexikon\/wp-json\/wp\/v2\/product"}],"about":[{"href":"https:\/\/uj.adatbank.ro\/lexikon\/wp-json\/wp\/v2\/types\/product"}],"replies":[{"embeddable":true,"href":"https:\/\/uj.adatbank.ro\/lexikon\/wp-json\/wp\/v2\/comments?post=14048"}],"wp:attachment":[{"href":"https:\/\/uj.adatbank.ro\/lexikon\/wp-json\/wp\/v2\/media?parent=14048"}],"wp:term":[{"taxonomy":"product_brand","embeddable":true,"href":"https:\/\/uj.adatbank.ro\/lexikon\/wp-json\/wp\/v2\/product_brand?post=14048"},{"taxonomy":"product_cat","embeddable":true,"href":"https:\/\/uj.adatbank.ro\/lexikon\/wp-json\/wp\/v2\/product_cat?post=14048"},{"taxonomy":"product_tag","embeddable":true,"href":"https:\/\/uj.adatbank.ro\/lexikon\/wp-json\/wp\/v2\/product_tag?post=14048"}],"curies":[{"name":"wp","href":"https:\/\/api.w.org\/{rel}","templated":true}]}}