{"id":14049,"date":"2025-07-15T12:48:50","date_gmt":"2025-07-15T10:48:50","guid":{"rendered":"https:\/\/uj.adatbank.ro\/lexikon\/termek\/lorinczy-gergely\/"},"modified":"2025-07-15T12:48:50","modified_gmt":"2025-07-15T10:48:50","slug":"lorinczy-gergely","status":"publish","type":"product","link":"https:\/\/uj.adatbank.ro\/lexikon\/termek\/lorinczy-gergely\/","title":{"rendered":"L\u0150RINCZY Gergely"},"content":{"rendered":"<p>1906, \u2020 Dics\u0151szentm\u00e1rton, 1982. m\u00e1rc. 2.: unit. lelk\u00e9sz. A harangl\u00e1bi temet\u0151ben nyugszik. \u2013 Unit. lelk\u00e9sze volt a lupenyi, k\u00fck\u00fcll\u0151sz\u00e9plaki \u00e9s d\u00e9sfalvi gy\u00fclekezetnek. <br \/><strong>Irod.:<\/strong> [Nekrol\u00f3g] (V. Z., 1982. m\u00e1rc. 4.); Kelemen Imre<\/br><\/p>\n","protected":false},"excerpt":{"rendered":"<p>1906, \u2020 Dics\u0151szentm\u00e1rton, 1982. m\u00e1rc. 2.: unit. lelk\u00e9sz. A harangl\u00e1bi temet\u0151ben nyugszik. \u2013 Unit. lelk\u00e9sze volt a lupenyi, k\u00fck\u00fcll\u0151sz\u00e9plaki \u00e9s d\u00e9sfalvi gy\u00fclekezetnek. Irod.: [Nekrol\u00f3g] (V. Z., 1982. m\u00e1rc. 4.); Kelemen Imre<\/p>\n","protected":false},"featured_media":0,"comment_status":"open","ping_status":"closed","template":"","meta":[],"product_brand":[],"product_cat":[137],"product_tag":[],"class_list":{"0":"post-14049","1":"product","2":"type-product","3":"status-publish","5":"product_cat-maros-megyei-eletrajzi-lexikon","7":"first","8":"instock","9":"shipping-taxable","10":"product-type-simple"},"_links":{"self":[{"href":"https:\/\/uj.adatbank.ro\/lexikon\/wp-json\/wp\/v2\/product\/14049","targetHints":{"allow":["GET"]}}],"collection":[{"href":"https:\/\/uj.adatbank.ro\/lexikon\/wp-json\/wp\/v2\/product"}],"about":[{"href":"https:\/\/uj.adatbank.ro\/lexikon\/wp-json\/wp\/v2\/types\/product"}],"replies":[{"embeddable":true,"href":"https:\/\/uj.adatbank.ro\/lexikon\/wp-json\/wp\/v2\/comments?post=14049"}],"wp:attachment":[{"href":"https:\/\/uj.adatbank.ro\/lexikon\/wp-json\/wp\/v2\/media?parent=14049"}],"wp:term":[{"taxonomy":"product_brand","embeddable":true,"href":"https:\/\/uj.adatbank.ro\/lexikon\/wp-json\/wp\/v2\/product_brand?post=14049"},{"taxonomy":"product_cat","embeddable":true,"href":"https:\/\/uj.adatbank.ro\/lexikon\/wp-json\/wp\/v2\/product_cat?post=14049"},{"taxonomy":"product_tag","embeddable":true,"href":"https:\/\/uj.adatbank.ro\/lexikon\/wp-json\/wp\/v2\/product_tag?post=14049"}],"curies":[{"name":"wp","href":"https:\/\/api.w.org\/{rel}","templated":true}]}}