{"id":14050,"date":"2025-07-15T12:48:51","date_gmt":"2025-07-15T10:48:51","guid":{"rendered":"https:\/\/uj.adatbank.ro\/lexikon\/termek\/lorinczy-gyula\/"},"modified":"2025-07-15T12:48:51","modified_gmt":"2025-07-15T10:48:51","slug":"lorinczy-gyula","status":"publish","type":"product","link":"https:\/\/uj.adatbank.ro\/lexikon\/termek\/lorinczy-gyula\/","title":{"rendered":"L\u0150RINCZY Gyula"},"content":{"rendered":"<p>? \u2020 Magyarp\u00e9terlaka, 1899. jan.3.: f\u00f6ldbirtokos. \u2013 Magyarp\u00e9terlak\u00e1n voltak a birtokai. 200 koron\u00e1t hagyt\u00e9kozott az EMKE r\u00e9sz\u00e9re. <br \/><strong>Irod.:<\/strong> Pesty 2014; S\u00e1ndor<\/br><\/p>\n","protected":false},"excerpt":{"rendered":"<p>? \u2020 Magyarp\u00e9terlaka, 1899. jan.3.: f\u00f6ldbirtokos. \u2013 Magyarp\u00e9terlak\u00e1n voltak a birtokai. 200 koron\u00e1t hagyt\u00e9kozott az EMKE r\u00e9sz\u00e9re. Irod.: Pesty 2014; S\u00e1ndor<\/p>\n","protected":false},"featured_media":0,"comment_status":"open","ping_status":"closed","template":"","meta":[],"product_brand":[],"product_cat":[137],"product_tag":[],"class_list":{"0":"post-14050","1":"product","2":"type-product","3":"status-publish","5":"product_cat-maros-megyei-eletrajzi-lexikon","7":"first","8":"instock","9":"shipping-taxable","10":"product-type-simple"},"_links":{"self":[{"href":"https:\/\/uj.adatbank.ro\/lexikon\/wp-json\/wp\/v2\/product\/14050","targetHints":{"allow":["GET"]}}],"collection":[{"href":"https:\/\/uj.adatbank.ro\/lexikon\/wp-json\/wp\/v2\/product"}],"about":[{"href":"https:\/\/uj.adatbank.ro\/lexikon\/wp-json\/wp\/v2\/types\/product"}],"replies":[{"embeddable":true,"href":"https:\/\/uj.adatbank.ro\/lexikon\/wp-json\/wp\/v2\/comments?post=14050"}],"wp:attachment":[{"href":"https:\/\/uj.adatbank.ro\/lexikon\/wp-json\/wp\/v2\/media?parent=14050"}],"wp:term":[{"taxonomy":"product_brand","embeddable":true,"href":"https:\/\/uj.adatbank.ro\/lexikon\/wp-json\/wp\/v2\/product_brand?post=14050"},{"taxonomy":"product_cat","embeddable":true,"href":"https:\/\/uj.adatbank.ro\/lexikon\/wp-json\/wp\/v2\/product_cat?post=14050"},{"taxonomy":"product_tag","embeddable":true,"href":"https:\/\/uj.adatbank.ro\/lexikon\/wp-json\/wp\/v2\/product_tag?post=14050"}],"curies":[{"name":"wp","href":"https:\/\/api.w.org\/{rel}","templated":true}]}}