{"id":14051,"date":"2025-07-15T12:48:53","date_gmt":"2025-07-15T10:48:53","guid":{"rendered":"https:\/\/uj.adatbank.ro\/lexikon\/termek\/lorinczy-ilona-%c2%a7-ica\/"},"modified":"2025-07-15T12:48:53","modified_gmt":"2025-07-15T10:48:53","slug":"lorinczy-ilona-%c2%a7-ica","status":"publish","type":"product","link":"https:\/\/uj.adatbank.ro\/lexikon\/termek\/lorinczy-ilona-%c2%a7-ica\/","title":{"rendered":"L\u0150RINCZY Ilona, \u00a7 Ica"},"content":{"rendered":"<p>Ny\u00e1r\u00e1dszereda, 1931. \u00e1pr. 24., \u2020 Mv., 2005. okt. 30.: sz\u00edn\u00e9sz, b\u00e1bsz\u00edn\u00e9sz. \u2013 Mv.-en \u00e9retts\u00e9gizett (1946). T\u00e1ncosn\u0151k\u00e9nt kezdte p\u00e1ly\u00e1j\u00e1t. N\u00e9gy\u00e9ves kor\u00e1t\u00f3l t\u00e1ncolt, rev\u0171- \u00e9s b\u00e1rt\u00e1ncosn\u0151 is volt. Kv.-on, Nagyv\u00e1radon, Buk.-ben, B\u00e9csben Pr\u00e1g\u00e1ban l\u00e9pett fel. A mv.-i Sz\u00e9kely Sz\u00ednh\u00e1z alap\u00edt\u00f3tagja, majd az \u00c1llami\/Nemzeti Sz\u00ednh\u00e1z m\u0171v\u00e9sze (1946- okt.\u2013); a B\u00e1bsz\u00ednh\u00e1z (1949\u2013), majd a r\u00e1di\u00f3 alap\u00edt\u00f3tagja, k\u00fcls\u0151 munkat\u00e1rsa (1958\u2013). Sz\u00ednes egy\u00e9nis\u00e9g, \u00e9letet, sz\u00ednt, hangulatot vitt szerepeibe. Dolgozott neves rendez\u0151kkel, mint Tompa Mikl\u00f3s, Szab\u00f3 Ern\u0151, Gergely G\u00e9za, Harag Gy\u00f6rgy, Hunyadi Andr\u00e1s. \u2013 <strong>F. sz.:<\/strong> Sura (Gorkij: Jegor Bulicsov \u00e9s a t\u00f6bbiek); Tatyana (Gorkij: Kispolg\u00e1rok); Dorine (Moliere: Tartuffe); Kate (O\u2019Neill: Hossz\u00fa az \u00fat haz\u00e1ig; Eunice (T. Williams: A v\u00e1gy villamosa); Jenny (Wesker: A gy\u00f6kerek); Sereczkyn\u00e9 (Csiky Gergely: Bubor\u00e9kok); Gizi G\u00e9z\u00e1n\u00e9 (\u00d6rk\u00e9ny Istv\u00e1n: T\u00f3t\u00e9k); Toldalgahy gr\u00f3fn\u0151 (N\u00e9meth L\u00e1szl\u00f3: A k\u00e9t Bolyai); Freulein (Kiri\u0163escu: A dar\u00e1zsf\u00e9szek); Eg\u00e9rke (\u00d6rk\u00e9ny Istv\u00e1n: Macskaj\u00e1t\u00e9k); Kisvic\u00e1kn\u00e9 (M\u00f3ricz Zsigmond: Nem \u00e9lhetek muzsikasz\u00f3 n\u00e9lk\u00fcl); Katyi n\u00e9ni (M\u00f3ricz: Kismad\u00e1r); B\u00e1r\u00f3n\u0151 (Labiche: Olasz szalmakalap); Rummy (Shaw: Barbara \u0151rnagy); Boszork\u00e1ny, Sirat\u00f3asszony (Tam\u00e1si \u00c1ron: \u00c9nekes mad\u00e1r); Szunyogn\u00e9 (G\u00e1rdonyi : A bor); Zs\u00f3fi (Cs\u00edky Gergely: Cifra nyomor\u00fas\u00e1g); Vera (Kincses Elem\u00e9r: Porond); Natalia Panait (Mu\u015fatescu T.: Szilveszteri \u00e1lom); \u00d6regasszony, Beteg csel\u00e9d (Br\u00f3dy S\u00e1ndor: A dada); Csurin\u00e9 (Ters\u00e1nszky J\u00f3zsi Jen\u0151: Kakuk Marci); Victoria Sava (Baranga: Legyen eszed Cristofor); Sophie (Labiche: Szemf\u00e9nyveszt\u0151k); Viola (Tam\u00e1si \u00c1ron: Csal\u00f3ka sziv\u00e1rv\u00e1ny); Eufrosina Grosu (Lovinescu: Boga n\u00f6v\u00e9rek); R\u00e9szeg asszony (Szigligeti -M\u00f3ricz: A csik\u00f3s); Szab\u00e1szn\u0151 (Bulgakov: A divatszalon titka); Boiangiun\u00e9 (Rebreanu: Angyal \u00e9s bor\u00edt\u00e9k); Vaszary G\u00e1bor: Bubus; Gogol:A revizor, (Sarkadi Imre: Szeptember, 1957); Tennesee Williams: A v\u00e1gy villamosa; S\u00fct\u0151 Andr\u00e1s: Pomp\u00e1s Gedeon, Ruhat\u00e1ros (F\u00e9nyes Szabolcs: V\u00e9n di\u00f3fa); IV. Matr\u00f3z (*** Marci, mint Robinson); M\u00e1sodik di\u00e1kl\u00e1ny (L. Rachmanov: Viharos alkonyat); S\u00e1ni, piccol\u00f3 (H. Bert\u00e9: H\u00e1rom a kisl\u00e1ny); 1. boy (C. de Fries: Ilyenek a f\u00e9rfiak); Boszork\u00e1ny (Domby Imre: A s\u00e1t\u00e1nfi\u00f3ka); S\u00e1ri, szolg\u00e1l\u00f3 (K\u00e1lm\u00e1n Imre: Az obsitos). <br \/><strong>Irod.:<\/strong> Ariel; Ferencz\u2013Keresztes; Gy\u00e1rf\u00e1s L. Mikl\u00f3s: L. I. (V. Z., 1981. okt. 11.); Horv\u00e1th Bea; K\u00e1ntor-K\u00f6t\u0151, Katona Szab\u00f3 Istv\u00e1n: Az \u00daj \u00c9let lexikona, 98. (\u00daj \u00c9let, 14. sz. 1974.); KKACs; Marosi Ildik\u00f3: L\u0151rinczi Ica (\u00daj \u00c9let, 1967. 17.sz.); MSZL; [Nekrol\u00f3g] (N\u00fa., 2005. nov. 1.); Rotescu<\/br><\/p>\n","protected":false},"excerpt":{"rendered":"<p>Ny\u00e1r\u00e1dszereda, 1931. \u00e1pr. 24., \u2020 Mv., 2005. okt. 30.: sz\u00edn\u00e9sz, b\u00e1bsz\u00edn\u00e9sz. \u2013 Mv.-en \u00e9retts\u00e9gizett (1946). T\u00e1ncosn\u0151k\u00e9nt kezdte p\u00e1ly\u00e1j\u00e1t. N\u00e9gy\u00e9ves kor\u00e1t\u00f3l t\u00e1ncolt, rev\u0171- \u00e9s b\u00e1rt\u00e1ncosn\u0151 is volt. Kv.-on, Nagyv\u00e1radon, Buk.-ben, B\u00e9csben Pr\u00e1g\u00e1ban l\u00e9pett fel. A mv.-i Sz\u00e9kely Sz\u00ednh\u00e1z alap\u00edt\u00f3tagja, majd az \u00c1llami\/Nemzeti Sz\u00ednh\u00e1z m\u0171v\u00e9sze (1946- okt.\u2013); a B\u00e1bsz\u00ednh\u00e1z (1949\u2013), majd a r\u00e1di\u00f3 alap\u00edt\u00f3tagja, k\u00fcls\u0151 munkat\u00e1rsa (1958\u2013). [&hellip;]<\/p>\n","protected":false},"featured_media":0,"comment_status":"open","ping_status":"closed","template":"","meta":[],"product_brand":[],"product_cat":[137],"product_tag":[],"class_list":{"0":"post-14051","1":"product","2":"type-product","3":"status-publish","5":"product_cat-maros-megyei-eletrajzi-lexikon","7":"first","8":"instock","9":"shipping-taxable","10":"product-type-simple"},"_links":{"self":[{"href":"https:\/\/uj.adatbank.ro\/lexikon\/wp-json\/wp\/v2\/product\/14051","targetHints":{"allow":["GET"]}}],"collection":[{"href":"https:\/\/uj.adatbank.ro\/lexikon\/wp-json\/wp\/v2\/product"}],"about":[{"href":"https:\/\/uj.adatbank.ro\/lexikon\/wp-json\/wp\/v2\/types\/product"}],"replies":[{"embeddable":true,"href":"https:\/\/uj.adatbank.ro\/lexikon\/wp-json\/wp\/v2\/comments?post=14051"}],"wp:attachment":[{"href":"https:\/\/uj.adatbank.ro\/lexikon\/wp-json\/wp\/v2\/media?parent=14051"}],"wp:term":[{"taxonomy":"product_brand","embeddable":true,"href":"https:\/\/uj.adatbank.ro\/lexikon\/wp-json\/wp\/v2\/product_brand?post=14051"},{"taxonomy":"product_cat","embeddable":true,"href":"https:\/\/uj.adatbank.ro\/lexikon\/wp-json\/wp\/v2\/product_cat?post=14051"},{"taxonomy":"product_tag","embeddable":true,"href":"https:\/\/uj.adatbank.ro\/lexikon\/wp-json\/wp\/v2\/product_tag?post=14051"}],"curies":[{"name":"wp","href":"https:\/\/api.w.org\/{rel}","templated":true}]}}