{"id":14058,"date":"2025-07-15T12:49:08","date_gmt":"2025-07-15T10:49:08","guid":{"rendered":"https:\/\/uj.adatbank.ro\/lexikon\/termek\/lorinczy-tamas-dalnoki\/"},"modified":"2025-07-15T12:49:08","modified_gmt":"2025-07-15T10:49:08","slug":"lorinczy-tamas-dalnoki","status":"publish","type":"product","link":"https:\/\/uj.adatbank.ro\/lexikon\/termek\/lorinczy-tamas-dalnoki\/","title":{"rendered":"L\u0150RINCZY Tam\u00e1s, d\u00e1lnoki"},"content":{"rendered":"<p>Mez\u0151b\u00e1nd, 1902., \u2020\u00a0? : keresked\u0151. \u2013 A gimn.-ot Mv.-en v\u00e9gezte, majd kitanulta a f\u0171szer- \u00e9s vegyeskeresked\u0151i szakm\u00e1t. H\u00e1rom \u00e9vi seg\u00e9desked\u00e9s ut\u00e1n \u00f6n\u00e1ll\u00f3 lett Mez\u0151b\u00e1ndon (1926\u2013), azut\u00e1n Mez\u0151r\u00fccs\u00f6n nyitott \u00fczletet (1929\u2013). A k\u00f6zs\u00e9gi b\u00edr\u00f3, a ref. egyh\u00e1z gondnoka \u00e9s a Gazdak\u00f6r p\u00e9nzt\u00e1rosa volt. <br \/><strong>Irod.:<\/strong> Sz\u00e9kelyf\u00f6ld \u00ed.k<\/br><\/p>\n","protected":false},"excerpt":{"rendered":"<p>Mez\u0151b\u00e1nd, 1902., \u2020\u00a0? : keresked\u0151. \u2013 A gimn.-ot Mv.-en v\u00e9gezte, majd kitanulta a f\u0171szer- \u00e9s vegyeskeresked\u0151i szakm\u00e1t. H\u00e1rom \u00e9vi seg\u00e9desked\u00e9s ut\u00e1n \u00f6n\u00e1ll\u00f3 lett Mez\u0151b\u00e1ndon (1926\u2013), azut\u00e1n Mez\u0151r\u00fccs\u00f6n nyitott \u00fczletet (1929\u2013). A k\u00f6zs\u00e9gi b\u00edr\u00f3, a ref. egyh\u00e1z gondnoka \u00e9s a Gazdak\u00f6r p\u00e9nzt\u00e1rosa volt. Irod.: Sz\u00e9kelyf\u00f6ld \u00ed.k<\/p>\n","protected":false},"featured_media":0,"comment_status":"open","ping_status":"closed","template":"","meta":[],"product_brand":[],"product_cat":[137],"product_tag":[],"class_list":{"0":"post-14058","1":"product","2":"type-product","3":"status-publish","5":"product_cat-maros-megyei-eletrajzi-lexikon","7":"first","8":"instock","9":"shipping-taxable","10":"product-type-simple"},"_links":{"self":[{"href":"https:\/\/uj.adatbank.ro\/lexikon\/wp-json\/wp\/v2\/product\/14058","targetHints":{"allow":["GET"]}}],"collection":[{"href":"https:\/\/uj.adatbank.ro\/lexikon\/wp-json\/wp\/v2\/product"}],"about":[{"href":"https:\/\/uj.adatbank.ro\/lexikon\/wp-json\/wp\/v2\/types\/product"}],"replies":[{"embeddable":true,"href":"https:\/\/uj.adatbank.ro\/lexikon\/wp-json\/wp\/v2\/comments?post=14058"}],"wp:attachment":[{"href":"https:\/\/uj.adatbank.ro\/lexikon\/wp-json\/wp\/v2\/media?parent=14058"}],"wp:term":[{"taxonomy":"product_brand","embeddable":true,"href":"https:\/\/uj.adatbank.ro\/lexikon\/wp-json\/wp\/v2\/product_brand?post=14058"},{"taxonomy":"product_cat","embeddable":true,"href":"https:\/\/uj.adatbank.ro\/lexikon\/wp-json\/wp\/v2\/product_cat?post=14058"},{"taxonomy":"product_tag","embeddable":true,"href":"https:\/\/uj.adatbank.ro\/lexikon\/wp-json\/wp\/v2\/product_tag?post=14058"}],"curies":[{"name":"wp","href":"https:\/\/api.w.org\/{rel}","templated":true}]}}