{"id":14060,"date":"2025-07-15T12:49:11","date_gmt":"2025-07-15T10:49:11","guid":{"rendered":"https:\/\/uj.adatbank.ro\/lexikon\/termek\/loschdorfer-magdolna-%c2%a7\/"},"modified":"2025-07-15T12:49:11","modified_gmt":"2025-07-15T10:49:11","slug":"loschdorfer-magdolna-%c2%a7","status":"publish","type":"product","link":"https:\/\/uj.adatbank.ro\/lexikon\/termek\/loschdorfer-magdolna-%c2%a7\/","title":{"rendered":"LOSCHDORFER Magdolna, \u00a7"},"content":{"rendered":"<p>Dics\u0151szentm\u00e1rton, 1914. jan. 9., \u2020\u00a0Mv., 1989. okt. 16.: testnevel\u0151 tan\u00e1r, n\u00e9pt\u00e1ncoktat\u00f3. \u2013 L. Alad\u00e1r \u00fajs\u00e1g\u00edr\u00f3 \u00e9s Galter Elise Julianna tan\u00edt\u00f3n\u0151 le\u00e1nya. F\u00e9rje: 1. Tompa Mikl\u00f3s (esk\u00fcv\u0151: 1941\u2013), \u00e1llami-d\u00edjas rendez\u0151-sz\u00ednh\u00e1zigazgat\u00f3, gyermekeik: Mikl\u00f3s elektrom\u00e9rn\u00f6k (1942\u2013) \u00e9s Judit \u00e9p\u00edt\u00e9szm\u00e9rn\u00f6k (1945\u2013); 2. dr. Feszt Gy\u00f6rgy (esk\u00fcv\u0151: 1956\u2013), orvosegyetemi tan\u00e1r. \u2013 Sz\u00fcleivel Bp.-re k\u00f6lt\u00f6ztek (1915\u2013), elemi iskol\u00e1ban (1920\u20131923), mellette a zeneiskola zongoraszak\u00e1n (1920\u201328), majd a budai Szil\u00e1gyi Erzs\u00e9bet le\u00e1nygimn.-ban (1924\u201332) tanult, v\u00e9g\u00fcl a M. Testnevel\u00e9si F\u0151iskol\u00e1n (1933\u201337), ahol k\u00f6z\u00e9piskolai testnevel\u0151 tan\u00e1ri oklevelet szerzett. Ugyanitt 50 \u00e9ves tev\u00e9kenys\u00e9ge elismer\u00e9sek\u00e9nt arany d\u00edszoklevelet kapott (1987). Helyettes tan\u00e1rk\u00e9nt Bp. k\u00fcl\u00f6nb\u00f6z\u0151 sz\u00e9kesf\u0151v\u00e1rosi iskol\u00e1iban tan\u00edtott (1937\u2013), a kv.-i \u00c1llami Le\u00e1nygimn. tan\u00e1r\u00e1v\u00e1 nevezt\u00e9k ki (1941\u2013). Mv.-en az \u00c1llami Tan\u00edt\u00f3k\u00e9pz\u0151 tan\u00e1ra lett (1945\u2013), majd a M\u0171v\u00e9szeti K\u00f6z\u00e9piskol\u00e1ban dolgozott annak megalakul\u00e1s\u00e1t\u00f3l (1949\u201362). Az Unirea L\u00edc.-ban is tan\u00edtott (1957\u201362). Betegnyugd\u00edjas, majd \u00f6regs\u00e9gi nyug\u00e1llom\u00e1nyba ker\u00fclt (1962\u2013).Tan\u00e1ri munk\u00e1j\u00e1val tan\u00edtv\u00e1nyai eg\u00e9szs\u00e9ges testi-lelki fejl\u0151d\u00e9s\u00e9t szolg\u00e1lta, gazdag k\u00f6zm\u0171vel\u0151d\u00e9si tev\u00e9kenys\u00e9get fejtett ki sport- \u00e9s k\u00fcl\u00f6n\u00f6sen n\u00e9pt\u00e1nc-vonalon. Kv.-on az Orsz\u00e1gos Testnevel\u00e9si Tan\u00e1cs felk\u00e9r\u00e9s\u00e9re megszervezte \u00e9s vezette a Dermata gy\u00e1ri le\u00e1nyifj\u00fas\u00e1g \u00fczemi testnevel\u0151 k\u00f6r\u00e9t (1941\u201344). Mv.-en lelkes felkarol\u00f3ja \u00e9s el\u0151mozd\u00edt\u00f3ja volt a n\u00e9pt\u00e1nc-mozgalomnak (1946-nyugd\u00edjaz\u00e1s\u00e1ig). \u00d6nk\u00e9ntes munk\u00e1ban sz\u00e1mos szakszervezeti n\u00e9pt\u00e1nc-csoportot vezetett \u00e9s tan\u00edtott; \u00e1lland\u00f3 jelleggel tagja volt a t\u00e1ncversenyek b\u00edr\u00e1l\u00f3 bizotts\u00e1g\u00e1nak, a megyei illetve tartom\u00e1nyi n\u00e9pt\u00e1nc-bizotts\u00e1gnak (1949\u2013), az ut\u00f3bbinak eln\u00f6ke (1953\u2013). A tan\u00edtv\u00e1nyaib\u00f3l szervezett n\u00e9pt\u00e1nc-csoporttal sorozatosan els\u0151 d\u00edjat nyertek az \u00e1ltala tervezett m\u0171soraikkal. A Buk.-ben szervezett orsz\u00e1gos ifj\u00fas\u00e1gi versenyen sz\u00e9kely n\u00e9pt\u00e1ncuk nyerte a nemzetis\u00e9gi I. d\u00edjat (1958\u2013). D\u00edjnyertes csoportj\u00e1nak tagjai k\u00f6z\u00e9 tartoz\u00f3 di\u00e1kok voltak L\u0151rincz B\u00e9la \u00e9s L\u0151rincz Lajos, k\u00e9s\u0151bbi neves n\u00e9pt\u00e1nc szakemberek. <br \/><strong>Irod.:<\/strong> csal\u00e1di inf.; [Nekrol\u00f3g] (V. Z., 1989. okt. 18.; 1989. okt. 24.)<\/br><\/p>\n","protected":false},"excerpt":{"rendered":"<p>Dics\u0151szentm\u00e1rton, 1914. jan. 9., \u2020\u00a0Mv., 1989. okt. 16.: testnevel\u0151 tan\u00e1r, n\u00e9pt\u00e1ncoktat\u00f3. \u2013 L. Alad\u00e1r \u00fajs\u00e1g\u00edr\u00f3 \u00e9s Galter Elise Julianna tan\u00edt\u00f3n\u0151 le\u00e1nya. F\u00e9rje: 1. Tompa Mikl\u00f3s (esk\u00fcv\u0151: 1941\u2013), \u00e1llami-d\u00edjas rendez\u0151-sz\u00ednh\u00e1zigazgat\u00f3, gyermekeik: Mikl\u00f3s elektrom\u00e9rn\u00f6k (1942\u2013) \u00e9s Judit \u00e9p\u00edt\u00e9szm\u00e9rn\u00f6k (1945\u2013); 2. dr. Feszt Gy\u00f6rgy (esk\u00fcv\u0151: 1956\u2013), orvosegyetemi tan\u00e1r. \u2013 Sz\u00fcleivel Bp.-re k\u00f6lt\u00f6ztek (1915\u2013), elemi iskol\u00e1ban (1920\u20131923), mellette a [&hellip;]<\/p>\n","protected":false},"featured_media":0,"comment_status":"open","ping_status":"closed","template":"","meta":[],"product_brand":[],"product_cat":[137],"product_tag":[],"class_list":{"0":"post-14060","1":"product","2":"type-product","3":"status-publish","5":"product_cat-maros-megyei-eletrajzi-lexikon","7":"first","8":"instock","9":"shipping-taxable","10":"product-type-simple"},"_links":{"self":[{"href":"https:\/\/uj.adatbank.ro\/lexikon\/wp-json\/wp\/v2\/product\/14060","targetHints":{"allow":["GET"]}}],"collection":[{"href":"https:\/\/uj.adatbank.ro\/lexikon\/wp-json\/wp\/v2\/product"}],"about":[{"href":"https:\/\/uj.adatbank.ro\/lexikon\/wp-json\/wp\/v2\/types\/product"}],"replies":[{"embeddable":true,"href":"https:\/\/uj.adatbank.ro\/lexikon\/wp-json\/wp\/v2\/comments?post=14060"}],"wp:attachment":[{"href":"https:\/\/uj.adatbank.ro\/lexikon\/wp-json\/wp\/v2\/media?parent=14060"}],"wp:term":[{"taxonomy":"product_brand","embeddable":true,"href":"https:\/\/uj.adatbank.ro\/lexikon\/wp-json\/wp\/v2\/product_brand?post=14060"},{"taxonomy":"product_cat","embeddable":true,"href":"https:\/\/uj.adatbank.ro\/lexikon\/wp-json\/wp\/v2\/product_cat?post=14060"},{"taxonomy":"product_tag","embeddable":true,"href":"https:\/\/uj.adatbank.ro\/lexikon\/wp-json\/wp\/v2\/product_tag?post=14060"}],"curies":[{"name":"wp","href":"https:\/\/api.w.org\/{rel}","templated":true}]}}