{"id":14061,"date":"2025-07-15T12:49:12","date_gmt":"2025-07-15T10:49:12","guid":{"rendered":"https:\/\/uj.adatbank.ro\/lexikon\/termek\/loskay-ferenc-vitez-luksch-ferenc-1936-jul-14-ig\/"},"modified":"2025-07-15T12:49:12","modified_gmt":"2025-07-15T10:49:12","slug":"loskay-ferenc-vitez-luksch-ferenc-1936-jul-14-ig","status":"publish","type":"product","link":"https:\/\/uj.adatbank.ro\/lexikon\/termek\/loskay-ferenc-vitez-luksch-ferenc-1936-jul-14-ig\/","title":{"rendered":"L\u00d3SKAY Ferenc, vit\u00e9z, Luksch Ferenc (1936. j\u00fal. 14.-ig.)"},"content":{"rendered":"<p>Segesv\u00e1r, 1892. aug..12.,\u2020\u00a0Stuttgart, 1971. febr. 18.: gyalogs\u00e1gi vez\u00e9r\u0151rnagy. \u2013 L. Ferenc, postatiszt \u00e9s Taschler M\u00e1ria fia. \u2013 A cs. \u00e9s kir. gyalogos hadapr\u00f3diskol\u00e1ban Kass\u00e1n (1906\u20131910) tanult. Z\u00e1szl\u00f3s (1910. aug. 18.), hadnagy (1913. m\u00e1j. 1.), f\u0151hadnagy (1915. m\u00e1rc. 1.), sz\u00e1zados (1920. szept.1.), \u0151rnagy (1930. nov. 1.), alezredes (1935. m\u00e1j. 1.), ezredes (1940. szept. 1.), vez\u00e9r\u0151rnagy (1943. m\u00e1j. 1.). <br \/><strong>Irod.:<\/strong> Szak\u00e1ly S\u00e1ndor<\/br><\/p>\n","protected":false},"excerpt":{"rendered":"<p>Segesv\u00e1r, 1892. aug..12.,\u2020\u00a0Stuttgart, 1971. febr. 18.: gyalogs\u00e1gi vez\u00e9r\u0151rnagy. \u2013 L. Ferenc, postatiszt \u00e9s Taschler M\u00e1ria fia. \u2013 A cs. \u00e9s kir. gyalogos hadapr\u00f3diskol\u00e1ban Kass\u00e1n (1906\u20131910) tanult. Z\u00e1szl\u00f3s (1910. aug. 18.), hadnagy (1913. m\u00e1j. 1.), f\u0151hadnagy (1915. m\u00e1rc. 1.), sz\u00e1zados (1920. szept.1.), \u0151rnagy (1930. nov. 1.), alezredes (1935. m\u00e1j. 1.), ezredes (1940. szept. 1.), vez\u00e9r\u0151rnagy (1943. [&hellip;]<\/p>\n","protected":false},"featured_media":0,"comment_status":"open","ping_status":"closed","template":"","meta":[],"product_brand":[],"product_cat":[137],"product_tag":[],"class_list":{"0":"post-14061","1":"product","2":"type-product","3":"status-publish","5":"product_cat-maros-megyei-eletrajzi-lexikon","7":"first","8":"instock","9":"shipping-taxable","10":"product-type-simple"},"_links":{"self":[{"href":"https:\/\/uj.adatbank.ro\/lexikon\/wp-json\/wp\/v2\/product\/14061","targetHints":{"allow":["GET"]}}],"collection":[{"href":"https:\/\/uj.adatbank.ro\/lexikon\/wp-json\/wp\/v2\/product"}],"about":[{"href":"https:\/\/uj.adatbank.ro\/lexikon\/wp-json\/wp\/v2\/types\/product"}],"replies":[{"embeddable":true,"href":"https:\/\/uj.adatbank.ro\/lexikon\/wp-json\/wp\/v2\/comments?post=14061"}],"wp:attachment":[{"href":"https:\/\/uj.adatbank.ro\/lexikon\/wp-json\/wp\/v2\/media?parent=14061"}],"wp:term":[{"taxonomy":"product_brand","embeddable":true,"href":"https:\/\/uj.adatbank.ro\/lexikon\/wp-json\/wp\/v2\/product_brand?post=14061"},{"taxonomy":"product_cat","embeddable":true,"href":"https:\/\/uj.adatbank.ro\/lexikon\/wp-json\/wp\/v2\/product_cat?post=14061"},{"taxonomy":"product_tag","embeddable":true,"href":"https:\/\/uj.adatbank.ro\/lexikon\/wp-json\/wp\/v2\/product_tag?post=14061"}],"curies":[{"name":"wp","href":"https:\/\/api.w.org\/{rel}","templated":true}]}}