{"id":14062,"date":"2025-07-15T12:49:14","date_gmt":"2025-07-15T10:49:14","guid":{"rendered":"https:\/\/uj.adatbank.ro\/lexikon\/termek\/losonci-banfi-istvan\/"},"modified":"2025-07-15T12:49:14","modified_gmt":"2025-07-15T10:49:14","slug":"losonci-banfi-istvan","status":"publish","type":"product","link":"https:\/\/uj.adatbank.ro\/lexikon\/termek\/losonci-banfi-istvan\/","title":{"rendered":"LOSONCI B\u00c1NFi Istv\u00e1n"},"content":{"rendered":"<p>Erzs\u00e9bet kir\u00e1lyn\u00e9 tisztvisel\u0151je. (1441.jan.13.). <br \/><strong>Irod.:<\/strong> Sz\u00e9kelyf\u00f6ld t\u00f6rt. 1.<\/br><\/p>\n","protected":false},"excerpt":{"rendered":"<p>Erzs\u00e9bet kir\u00e1lyn\u00e9 tisztvisel\u0151je. (1441.jan.13.). Irod.: Sz\u00e9kelyf\u00f6ld t\u00f6rt. 1.<\/p>\n","protected":false},"featured_media":0,"comment_status":"open","ping_status":"closed","template":"","meta":[],"product_brand":[],"product_cat":[137],"product_tag":[],"class_list":{"0":"post-14062","1":"product","2":"type-product","3":"status-publish","5":"product_cat-maros-megyei-eletrajzi-lexikon","7":"first","8":"instock","9":"shipping-taxable","10":"product-type-simple"},"_links":{"self":[{"href":"https:\/\/uj.adatbank.ro\/lexikon\/wp-json\/wp\/v2\/product\/14062","targetHints":{"allow":["GET"]}}],"collection":[{"href":"https:\/\/uj.adatbank.ro\/lexikon\/wp-json\/wp\/v2\/product"}],"about":[{"href":"https:\/\/uj.adatbank.ro\/lexikon\/wp-json\/wp\/v2\/types\/product"}],"replies":[{"embeddable":true,"href":"https:\/\/uj.adatbank.ro\/lexikon\/wp-json\/wp\/v2\/comments?post=14062"}],"wp:attachment":[{"href":"https:\/\/uj.adatbank.ro\/lexikon\/wp-json\/wp\/v2\/media?parent=14062"}],"wp:term":[{"taxonomy":"product_brand","embeddable":true,"href":"https:\/\/uj.adatbank.ro\/lexikon\/wp-json\/wp\/v2\/product_brand?post=14062"},{"taxonomy":"product_cat","embeddable":true,"href":"https:\/\/uj.adatbank.ro\/lexikon\/wp-json\/wp\/v2\/product_cat?post=14062"},{"taxonomy":"product_tag","embeddable":true,"href":"https:\/\/uj.adatbank.ro\/lexikon\/wp-json\/wp\/v2\/product_tag?post=14062"}],"curies":[{"name":"wp","href":"https:\/\/api.w.org\/{rel}","templated":true}]}}