{"id":14068,"date":"2025-07-15T12:49:30","date_gmt":"2025-07-15T10:49:30","guid":{"rendered":"https:\/\/uj.adatbank.ro\/lexikon\/termek\/losonczi-daniel-losontzi-daniel\/"},"modified":"2025-07-15T12:49:30","modified_gmt":"2025-07-15T10:49:30","slug":"losonczi-daniel-losontzi-daniel","status":"publish","type":"product","link":"https:\/\/uj.adatbank.ro\/lexikon\/termek\/losonczi-daniel-losontzi-daniel\/","title":{"rendered":"LOSONCZI D\u00e1niel, Losontzi D\u00e1niel"},"content":{"rendered":"<p>? \u2020 ?: lelk\u00e9sz, tan\u00edt\u00f3. \u2013 \u00c1kosfalv\u00e1n tan\u00edt\u00f3 (1729\u20131732). Ref. pap Ny\u00e1r\u00e1dsely\u00e9ben (1733\u20131735), Ny\u00e1r\u00e1dszentimr\u00e9n (1752\u20131766). &#8211;<br \/><strong>Irod.:<\/strong> Imreh Barna; Sipos G\u00e1bor<\/br><\/p>\n","protected":false},"excerpt":{"rendered":"<p>? \u2020 ?: lelk\u00e9sz, tan\u00edt\u00f3. \u2013 \u00c1kosfalv\u00e1n tan\u00edt\u00f3 (1729\u20131732). Ref. pap Ny\u00e1r\u00e1dsely\u00e9ben (1733\u20131735), Ny\u00e1r\u00e1dszentimr\u00e9n (1752\u20131766). &#8211;Irod.: Imreh Barna; Sipos G\u00e1bor<\/p>\n","protected":false},"featured_media":0,"comment_status":"open","ping_status":"closed","template":"","meta":[],"product_brand":[],"product_cat":[137],"product_tag":[],"class_list":{"0":"post-14068","1":"product","2":"type-product","3":"status-publish","5":"product_cat-maros-megyei-eletrajzi-lexikon","7":"first","8":"instock","9":"shipping-taxable","10":"product-type-simple"},"_links":{"self":[{"href":"https:\/\/uj.adatbank.ro\/lexikon\/wp-json\/wp\/v2\/product\/14068","targetHints":{"allow":["GET"]}}],"collection":[{"href":"https:\/\/uj.adatbank.ro\/lexikon\/wp-json\/wp\/v2\/product"}],"about":[{"href":"https:\/\/uj.adatbank.ro\/lexikon\/wp-json\/wp\/v2\/types\/product"}],"replies":[{"embeddable":true,"href":"https:\/\/uj.adatbank.ro\/lexikon\/wp-json\/wp\/v2\/comments?post=14068"}],"wp:attachment":[{"href":"https:\/\/uj.adatbank.ro\/lexikon\/wp-json\/wp\/v2\/media?parent=14068"}],"wp:term":[{"taxonomy":"product_brand","embeddable":true,"href":"https:\/\/uj.adatbank.ro\/lexikon\/wp-json\/wp\/v2\/product_brand?post=14068"},{"taxonomy":"product_cat","embeddable":true,"href":"https:\/\/uj.adatbank.ro\/lexikon\/wp-json\/wp\/v2\/product_cat?post=14068"},{"taxonomy":"product_tag","embeddable":true,"href":"https:\/\/uj.adatbank.ro\/lexikon\/wp-json\/wp\/v2\/product_tag?post=14068"}],"curies":[{"name":"wp","href":"https:\/\/api.w.org\/{rel}","templated":true}]}}