{"id":14073,"date":"2025-07-15T12:49:39","date_gmt":"2025-07-15T10:49:39","guid":{"rendered":"https:\/\/uj.adatbank.ro\/lexikon\/termek\/losonczi-dezso-2\/"},"modified":"2025-07-15T12:49:39","modified_gmt":"2025-07-15T10:49:39","slug":"losonczi-dezso-2","status":"publish","type":"product","link":"https:\/\/uj.adatbank.ro\/lexikon\/termek\/losonczi-dezso-2\/","title":{"rendered":"LOSONCZI Dezs\u0151"},"content":{"rendered":"<p>? \u2020\u00a0?: birtokos \u2013 Vajdasszentiv\u00e1nyon, valamint L. J\u00e1nos, L\u00e1szl\u00f3, Gy\u00f6rgy, Andr\u00e1s \u00e9s Mih\u00e1ly szint\u00e9n \u00e9s B\u00e1nffy Istv\u00e1n fiai birtokosok Vajdaszentiv\u00e1nyon (1473). <br \/><strong>Irod.:<\/strong> Vajdaszentiv\u00e1ny<\/br><\/p>\n","protected":false},"excerpt":{"rendered":"<p>? \u2020\u00a0?: birtokos \u2013 Vajdasszentiv\u00e1nyon, valamint L. J\u00e1nos, L\u00e1szl\u00f3, Gy\u00f6rgy, Andr\u00e1s \u00e9s Mih\u00e1ly szint\u00e9n \u00e9s B\u00e1nffy Istv\u00e1n fiai birtokosok Vajdaszentiv\u00e1nyon (1473). Irod.: Vajdaszentiv\u00e1ny<\/p>\n","protected":false},"featured_media":0,"comment_status":"open","ping_status":"closed","template":"","meta":[],"product_brand":[],"product_cat":[137],"product_tag":[],"class_list":{"0":"post-14073","1":"product","2":"type-product","3":"status-publish","5":"product_cat-maros-megyei-eletrajzi-lexikon","7":"first","8":"instock","9":"shipping-taxable","10":"product-type-simple"},"_links":{"self":[{"href":"https:\/\/uj.adatbank.ro\/lexikon\/wp-json\/wp\/v2\/product\/14073","targetHints":{"allow":["GET"]}}],"collection":[{"href":"https:\/\/uj.adatbank.ro\/lexikon\/wp-json\/wp\/v2\/product"}],"about":[{"href":"https:\/\/uj.adatbank.ro\/lexikon\/wp-json\/wp\/v2\/types\/product"}],"replies":[{"embeddable":true,"href":"https:\/\/uj.adatbank.ro\/lexikon\/wp-json\/wp\/v2\/comments?post=14073"}],"wp:attachment":[{"href":"https:\/\/uj.adatbank.ro\/lexikon\/wp-json\/wp\/v2\/media?parent=14073"}],"wp:term":[{"taxonomy":"product_brand","embeddable":true,"href":"https:\/\/uj.adatbank.ro\/lexikon\/wp-json\/wp\/v2\/product_brand?post=14073"},{"taxonomy":"product_cat","embeddable":true,"href":"https:\/\/uj.adatbank.ro\/lexikon\/wp-json\/wp\/v2\/product_cat?post=14073"},{"taxonomy":"product_tag","embeddable":true,"href":"https:\/\/uj.adatbank.ro\/lexikon\/wp-json\/wp\/v2\/product_tag?post=14073"}],"curies":[{"name":"wp","href":"https:\/\/api.w.org\/{rel}","templated":true}]}}