{"id":14074,"date":"2025-07-15T12:49:43","date_gmt":"2025-07-15T10:49:43","guid":{"rendered":"https:\/\/uj.adatbank.ro\/lexikon\/termek\/losonczi-dezso-szentmartoni\/"},"modified":"2025-07-15T12:49:43","modified_gmt":"2025-07-15T10:49:43","slug":"losonczi-dezso-szentmartoni","status":"publish","type":"product","link":"https:\/\/uj.adatbank.ro\/lexikon\/termek\/losonczi-dezso-szentmartoni\/","title":{"rendered":"LOSONCZI Dezs\u0151, szentm\u00e1rtoni"},"content":{"rendered":"<p>? \u2020 1336 u. 1357 e.: erd\u00e9lyi vajda. \u2013 III. D\u00e9nes fia. Erd\u00e9lyi vajda (1320). R\u00e9szt vett Nagy Lajos els\u0151 n\u00e1polyi hadj\u00e1rat\u00e1ban (1347\u201348). Apj\u00e1t\u00f3l, III. L. D\u00e9nest\u0151l \u00f6r\u00f6k\u00f6lte disznaj\u00f3i birtokait (1319). \u0150 a Dezs\u0151fi csal\u00e1d n\u00e9vad\u00f3 \u0151se. Fia L\u00e1szl\u00f3 sz\u00e9kely isp\u00e1n (1373\u201376), Mikl\u00f3s szint\u00e9n sz\u00e9kely isp\u00e1n (1385) <br \/><strong>Irod.:<\/strong> Cs. D\u00e1vid Gyula: Rh\u00e9deyek \u00e9s Fr\u00e1terek<\/br><\/p>\n","protected":false},"excerpt":{"rendered":"<p>? \u2020 1336 u. 1357 e.: erd\u00e9lyi vajda. \u2013 III. D\u00e9nes fia. Erd\u00e9lyi vajda (1320). R\u00e9szt vett Nagy Lajos els\u0151 n\u00e1polyi hadj\u00e1rat\u00e1ban (1347\u201348). Apj\u00e1t\u00f3l, III. L. D\u00e9nest\u0151l \u00f6r\u00f6k\u00f6lte disznaj\u00f3i birtokait (1319). \u0150 a Dezs\u0151fi csal\u00e1d n\u00e9vad\u00f3 \u0151se. Fia L\u00e1szl\u00f3 sz\u00e9kely isp\u00e1n (1373\u201376), Mikl\u00f3s szint\u00e9n sz\u00e9kely isp\u00e1n (1385) Irod.: Cs. D\u00e1vid Gyula: Rh\u00e9deyek \u00e9s Fr\u00e1terek<\/p>\n","protected":false},"featured_media":0,"comment_status":"open","ping_status":"closed","template":"","meta":[],"product_brand":[],"product_cat":[137],"product_tag":[],"class_list":{"0":"post-14074","1":"product","2":"type-product","3":"status-publish","5":"product_cat-maros-megyei-eletrajzi-lexikon","7":"first","8":"instock","9":"shipping-taxable","10":"product-type-simple"},"_links":{"self":[{"href":"https:\/\/uj.adatbank.ro\/lexikon\/wp-json\/wp\/v2\/product\/14074","targetHints":{"allow":["GET"]}}],"collection":[{"href":"https:\/\/uj.adatbank.ro\/lexikon\/wp-json\/wp\/v2\/product"}],"about":[{"href":"https:\/\/uj.adatbank.ro\/lexikon\/wp-json\/wp\/v2\/types\/product"}],"replies":[{"embeddable":true,"href":"https:\/\/uj.adatbank.ro\/lexikon\/wp-json\/wp\/v2\/comments?post=14074"}],"wp:attachment":[{"href":"https:\/\/uj.adatbank.ro\/lexikon\/wp-json\/wp\/v2\/media?parent=14074"}],"wp:term":[{"taxonomy":"product_brand","embeddable":true,"href":"https:\/\/uj.adatbank.ro\/lexikon\/wp-json\/wp\/v2\/product_brand?post=14074"},{"taxonomy":"product_cat","embeddable":true,"href":"https:\/\/uj.adatbank.ro\/lexikon\/wp-json\/wp\/v2\/product_cat?post=14074"},{"taxonomy":"product_tag","embeddable":true,"href":"https:\/\/uj.adatbank.ro\/lexikon\/wp-json\/wp\/v2\/product_tag?post=14074"}],"curies":[{"name":"wp","href":"https:\/\/api.w.org\/{rel}","templated":true}]}}