{"id":14075,"date":"2025-07-15T12:49:46","date_gmt":"2025-07-15T10:49:46","guid":{"rendered":"https:\/\/uj.adatbank.ro\/lexikon\/termek\/losonczi-ibolyadr\/"},"modified":"2025-07-15T12:49:46","modified_gmt":"2025-07-15T10:49:46","slug":"losonczi-ibolyadr","status":"publish","type":"product","link":"https:\/\/uj.adatbank.ro\/lexikon\/termek\/losonczi-ibolyadr\/","title":{"rendered":"LOSONCZI Ibolya,dr."},"content":{"rendered":"<p>1933., \u2020 Mv.,1994. m\u00e1rc.8.: orvos, egyetemi oktat\u00f3. \u2013 Az egyetemet a MOGYI-n v\u00e9gezte (1957), a gyermekgy\u00f3gy\u00e1szati karon; Gyakornokk\u00e9nt kezdte p\u00e1ly\u00e1j\u00e1t a MOGYI T\u00f6rv\u00e9nysz\u00e9ki Orvostan katedr\u00e1nj\u00e1n (1956\u201360); egyetemi tan\u00e1rseg\u00e9d a K\u00f6zeg\u00e9zs\u00e9gtan Katedr\u00e1n (1960\u2013). \u2013 <strong>F. m.:<\/strong> <strong>t\u00e1rssz.:<\/strong> \u00cendreptar de lucr\u0103ri practice de igiena alimenta\u0163iei (TgM, 1967); A gyermek- \u00e9s serd\u00fcl\u0151kor eg\u00e9szs\u00e9gtana. Egyetemi tank\u00f6nyv (Bed\u0151 K\u00e1roly-al, Mv., 1977.); \u00c1ltal\u00e1nos k\u00f6zeg\u00e9szs\u00e9gtan.Egyetemi hallgat\u00f3k sz\u00e1m\u00e1ra (Mv., 1983, 1985); K\u00f6zeg\u00e9szs\u00e9gtan: Jegyzet fogorvostan-hallgat\u00f3k sz\u00e1m\u00e1ra (<strong>t\u00e1rssz.:<\/strong> Dienes S\u00e1ndor, Bed\u0151 K\u00e1roly; Mv., 1984,); Igiena general\u0103 \u015fi comunal\u0103: curs. (TgM, 1986.). <br \/><strong>Irod.:<\/strong> Genersich; Kiss Cs. M 4; [Nekrol\u00f3g] (N\u00fa., 1994. m\u00e1rc. 9.); Orvostudom\u00e1nyi \u00c9rtes\u00edt\u0151 (1991); Todea\u2013F\u00fcl\u00f6p\u2013Avram<\/br><\/p>\n","protected":false},"excerpt":{"rendered":"<p>1933., \u2020 Mv.,1994. m\u00e1rc.8.: orvos, egyetemi oktat\u00f3. \u2013 Az egyetemet a MOGYI-n v\u00e9gezte (1957), a gyermekgy\u00f3gy\u00e1szati karon; Gyakornokk\u00e9nt kezdte p\u00e1ly\u00e1j\u00e1t a MOGYI T\u00f6rv\u00e9nysz\u00e9ki Orvostan katedr\u00e1nj\u00e1n (1956\u201360); egyetemi tan\u00e1rseg\u00e9d a K\u00f6zeg\u00e9zs\u00e9gtan Katedr\u00e1n (1960\u2013). \u2013 F. m.: t\u00e1rssz.: \u00cendreptar de lucr\u0103ri practice de igiena alimenta\u0163iei (TgM, 1967); A gyermek- \u00e9s serd\u00fcl\u0151kor eg\u00e9szs\u00e9gtana. Egyetemi tank\u00f6nyv (Bed\u0151 K\u00e1roly-al, Mv., [&hellip;]<\/p>\n","protected":false},"featured_media":0,"comment_status":"open","ping_status":"closed","template":"","meta":[],"product_brand":[],"product_cat":[137],"product_tag":[],"class_list":{"0":"post-14075","1":"product","2":"type-product","3":"status-publish","5":"product_cat-maros-megyei-eletrajzi-lexikon","7":"first","8":"instock","9":"shipping-taxable","10":"product-type-simple"},"_links":{"self":[{"href":"https:\/\/uj.adatbank.ro\/lexikon\/wp-json\/wp\/v2\/product\/14075","targetHints":{"allow":["GET"]}}],"collection":[{"href":"https:\/\/uj.adatbank.ro\/lexikon\/wp-json\/wp\/v2\/product"}],"about":[{"href":"https:\/\/uj.adatbank.ro\/lexikon\/wp-json\/wp\/v2\/types\/product"}],"replies":[{"embeddable":true,"href":"https:\/\/uj.adatbank.ro\/lexikon\/wp-json\/wp\/v2\/comments?post=14075"}],"wp:attachment":[{"href":"https:\/\/uj.adatbank.ro\/lexikon\/wp-json\/wp\/v2\/media?parent=14075"}],"wp:term":[{"taxonomy":"product_brand","embeddable":true,"href":"https:\/\/uj.adatbank.ro\/lexikon\/wp-json\/wp\/v2\/product_brand?post=14075"},{"taxonomy":"product_cat","embeddable":true,"href":"https:\/\/uj.adatbank.ro\/lexikon\/wp-json\/wp\/v2\/product_cat?post=14075"},{"taxonomy":"product_tag","embeddable":true,"href":"https:\/\/uj.adatbank.ro\/lexikon\/wp-json\/wp\/v2\/product_tag?post=14075"}],"curies":[{"name":"wp","href":"https:\/\/api.w.org\/{rel}","templated":true}]}}