{"id":14078,"date":"2025-07-15T12:49:51","date_gmt":"2025-07-15T10:49:51","guid":{"rendered":"https:\/\/uj.adatbank.ro\/lexikon\/termek\/losonczi-janos-veroi-losonci-janos-losonczy-janos\/"},"modified":"2025-07-15T12:49:51","modified_gmt":"2025-07-15T10:49:51","slug":"losonczi-janos-veroi-losonci-janos-losonczy-janos","status":"publish","type":"product","link":"https:\/\/uj.adatbank.ro\/lexikon\/termek\/losonczi-janos-veroi-losonci-janos-losonczy-janos\/","title":{"rendered":"LOSONCZI J\u00e1nos, ver\u0151i, Losonci J\u00e1nos, Losonczy, J\u00e1nos"},"content":{"rendered":"<p>? \u2020\u00a0?: birtokos. \u2013 Fia Dezs\u0151.- Enged\u00e9lyt k\u00e9rt egy ferences h\u00e1z alap\u00edt\u00e1s\u00e1ra \u00e9s \u00e9p\u00edt\u00e9s\u00e9re Marosfelfaluba (1427), amit meg is kapott Fel\u00e9p\u00edtette a Szent Mih\u00e1ly-kolostort amely a jelenlegi temet\u0151 ter\u00fclet\u00e9n \u00e1llt t\u00f6bb mint sz\u00e1z \u00e9vig. Mignem egy f\u00f6ldren\u00e9s k\u00f6vetkezt\u00e9ben lakhatatlann\u00e1 v\u00e1lt (1541). IV. Jen\u0151 p\u00e1pa az erd\u00e9lyi p\u00fcsp\u00f6knek megparancsolta, hogy observ\u00e1ns ferences testv\u00e9reket k\u00fcldj\u00f6n a kolostorba (1433). <br \/><strong>Irod.:<\/strong> L\u00e9sty\u00e1n \u2013 templomok 1.<\/br><\/p>\n","protected":false},"excerpt":{"rendered":"<p>? \u2020\u00a0?: birtokos. \u2013 Fia Dezs\u0151.- Enged\u00e9lyt k\u00e9rt egy ferences h\u00e1z alap\u00edt\u00e1s\u00e1ra \u00e9s \u00e9p\u00edt\u00e9s\u00e9re Marosfelfaluba (1427), amit meg is kapott Fel\u00e9p\u00edtette a Szent Mih\u00e1ly-kolostort amely a jelenlegi temet\u0151 ter\u00fclet\u00e9n \u00e1llt t\u00f6bb mint sz\u00e1z \u00e9vig. Mignem egy f\u00f6ldren\u00e9s k\u00f6vetkezt\u00e9ben lakhatatlann\u00e1 v\u00e1lt (1541). IV. Jen\u0151 p\u00e1pa az erd\u00e9lyi p\u00fcsp\u00f6knek megparancsolta, hogy observ\u00e1ns ferences testv\u00e9reket k\u00fcldj\u00f6n a kolostorba [&hellip;]<\/p>\n","protected":false},"featured_media":0,"comment_status":"open","ping_status":"closed","template":"","meta":[],"product_brand":[],"product_cat":[137],"product_tag":[],"class_list":{"0":"post-14078","1":"product","2":"type-product","3":"status-publish","5":"product_cat-maros-megyei-eletrajzi-lexikon","7":"first","8":"instock","9":"shipping-taxable","10":"product-type-simple"},"_links":{"self":[{"href":"https:\/\/uj.adatbank.ro\/lexikon\/wp-json\/wp\/v2\/product\/14078","targetHints":{"allow":["GET"]}}],"collection":[{"href":"https:\/\/uj.adatbank.ro\/lexikon\/wp-json\/wp\/v2\/product"}],"about":[{"href":"https:\/\/uj.adatbank.ro\/lexikon\/wp-json\/wp\/v2\/types\/product"}],"replies":[{"embeddable":true,"href":"https:\/\/uj.adatbank.ro\/lexikon\/wp-json\/wp\/v2\/comments?post=14078"}],"wp:attachment":[{"href":"https:\/\/uj.adatbank.ro\/lexikon\/wp-json\/wp\/v2\/media?parent=14078"}],"wp:term":[{"taxonomy":"product_brand","embeddable":true,"href":"https:\/\/uj.adatbank.ro\/lexikon\/wp-json\/wp\/v2\/product_brand?post=14078"},{"taxonomy":"product_cat","embeddable":true,"href":"https:\/\/uj.adatbank.ro\/lexikon\/wp-json\/wp\/v2\/product_cat?post=14078"},{"taxonomy":"product_tag","embeddable":true,"href":"https:\/\/uj.adatbank.ro\/lexikon\/wp-json\/wp\/v2\/product_tag?post=14078"}],"curies":[{"name":"wp","href":"https:\/\/api.w.org\/{rel}","templated":true}]}}