{"id":14080,"date":"2025-07-15T12:49:55","date_gmt":"2025-07-15T10:49:55","guid":{"rendered":"https:\/\/uj.adatbank.ro\/lexikon\/termek\/losonczi-jozsef-2\/"},"modified":"2025-07-15T12:49:55","modified_gmt":"2025-07-15T10:49:55","slug":"losonczi-jozsef-2","status":"publish","type":"product","link":"https:\/\/uj.adatbank.ro\/lexikon\/termek\/losonczi-jozsef-2\/","title":{"rendered":"LOSONCZI J\u00f3zsef"},"content":{"rendered":"<p>? \u2020\u00a0? : ref. lelk\u00e9sz. \u2013 Backamadarason szolg\u00e1lt. T\u00e1j\u00e9koztatta Marossz\u00e9k f\u0151kir\u00e1lyb\u00edr\u00f3j\u00e1t a ny\u00e1r\u00e1dszentbenedeki \u00fajonc\u00f6ssze\u00edr\u00e1s rendellens\u00e9geir\u0151l (1848. szept. 8.). <br \/><strong>Irod.:<\/strong> 1848\u20131849 Marossz\u00e9k<\/br><\/p>\n","protected":false},"excerpt":{"rendered":"<p>? \u2020\u00a0? : ref. lelk\u00e9sz. \u2013 Backamadarason szolg\u00e1lt. T\u00e1j\u00e9koztatta Marossz\u00e9k f\u0151kir\u00e1lyb\u00edr\u00f3j\u00e1t a ny\u00e1r\u00e1dszentbenedeki \u00fajonc\u00f6ssze\u00edr\u00e1s rendellens\u00e9geir\u0151l (1848. szept. 8.). Irod.: 1848\u20131849 Marossz\u00e9k<\/p>\n","protected":false},"featured_media":0,"comment_status":"open","ping_status":"closed","template":"","meta":[],"product_brand":[],"product_cat":[137],"product_tag":[],"class_list":{"0":"post-14080","1":"product","2":"type-product","3":"status-publish","5":"product_cat-maros-megyei-eletrajzi-lexikon","7":"first","8":"instock","9":"shipping-taxable","10":"product-type-simple"},"_links":{"self":[{"href":"https:\/\/uj.adatbank.ro\/lexikon\/wp-json\/wp\/v2\/product\/14080","targetHints":{"allow":["GET"]}}],"collection":[{"href":"https:\/\/uj.adatbank.ro\/lexikon\/wp-json\/wp\/v2\/product"}],"about":[{"href":"https:\/\/uj.adatbank.ro\/lexikon\/wp-json\/wp\/v2\/types\/product"}],"replies":[{"embeddable":true,"href":"https:\/\/uj.adatbank.ro\/lexikon\/wp-json\/wp\/v2\/comments?post=14080"}],"wp:attachment":[{"href":"https:\/\/uj.adatbank.ro\/lexikon\/wp-json\/wp\/v2\/media?parent=14080"}],"wp:term":[{"taxonomy":"product_brand","embeddable":true,"href":"https:\/\/uj.adatbank.ro\/lexikon\/wp-json\/wp\/v2\/product_brand?post=14080"},{"taxonomy":"product_cat","embeddable":true,"href":"https:\/\/uj.adatbank.ro\/lexikon\/wp-json\/wp\/v2\/product_cat?post=14080"},{"taxonomy":"product_tag","embeddable":true,"href":"https:\/\/uj.adatbank.ro\/lexikon\/wp-json\/wp\/v2\/product_tag?post=14080"}],"curies":[{"name":"wp","href":"https:\/\/api.w.org\/{rel}","templated":true}]}}