{"id":14081,"date":"2025-07-15T12:49:57","date_gmt":"2025-07-15T10:49:57","guid":{"rendered":"https:\/\/uj.adatbank.ro\/lexikon\/termek\/losonczi-jozsef-losontzi-jozsef\/"},"modified":"2025-07-15T12:49:57","modified_gmt":"2025-07-15T10:49:57","slug":"losonczi-jozsef-losontzi-jozsef","status":"publish","type":"product","link":"https:\/\/uj.adatbank.ro\/lexikon\/termek\/losonczi-jozsef-losontzi-jozsef\/","title":{"rendered":"LOSONCZI J\u00f3zsef, Losontzi J\u00f3zsef"},"content":{"rendered":"<p>Ny\u00e1r\u00e1dszentsimon, 1813.,\u2020 Backamadaras, 1885. \u00e1pr. 17.: ref. lelkip\u00e1sztor. \u2013 Feles\u00e9ge: Tolvaj M\u00e1ria. Gyermekei: L. Mikl\u00f3s, feles\u00e9ge Jakab Nina; L. D\u00e9nes, feles\u00e9ge Zakari\u00e1s Vilma; L. M\u00f3zes; L. M\u00e1ria Horv\u00e1th S\u00e1ndorn\u00e9; L. Katalin Moln\u00e1r Lajosn\u00e9, L. Zsuzsa Vitus Lajosn\u00e9, L. J\u00f3zsef. \u2013 Apja hely\u00e9t foglalta el \u00e9s Backamadaras (1867\u201385), Ny\u00e1r\u00e1dszentl\u00e1szl\u00f3 \u00e9s Nyom\u00e1t rendes papjak\u00e9nt folytatta tev\u00e9kenys\u00e9g\u00e9t. Backamadarason megnagy\u00edtott\u00e1k a kisebbik harangot (1868); faiskol\u00e1t l\u00e9tes\u00edtettek; \u00faj 6 m\u00e1zs\u00e1s harangot \u00f6nttettek Segesv\u00e1ron (1870); a papilakhoz ist\u00e1ll\u00f3t \u00e9p\u00edtettek (1873). Az iskolal\u00e1togat\u00e1s jav\u00edt\u00e1sa \u00e9rdek\u00e9ben iskolasz\u00e9ket alak\u00edtottak, amelynek eln\u00f6ke lett, \u00e9s iskolaalapot l\u00e9tes\u00edtettek a szeg\u00e9ny tanul\u00f3k megseg\u00edt\u00e9s\u00e9re (1877). Feles\u00e9ge a ma is haszn\u00e1latos, \u00e9rt\u00e9kes kegyszerekkel aj\u00e1nd\u00e9kozta meg az egyh\u00e1zat, amely adom\u00e1nyt f\u00e9rje eml\u00e9k\u00e9re, egy ez\u00fcstkellyel toldotta meg (1900. j\u00fal. 19.). <br \/><strong>Irod.:<\/strong> Backamadaras; Gy\u00e1szjelent\u0151<\/br><\/p>\n","protected":false},"excerpt":{"rendered":"<p>Ny\u00e1r\u00e1dszentsimon, 1813.,\u2020 Backamadaras, 1885. \u00e1pr. 17.: ref. lelkip\u00e1sztor. \u2013 Feles\u00e9ge: Tolvaj M\u00e1ria. Gyermekei: L. Mikl\u00f3s, feles\u00e9ge Jakab Nina; L. D\u00e9nes, feles\u00e9ge Zakari\u00e1s Vilma; L. M\u00f3zes; L. M\u00e1ria Horv\u00e1th S\u00e1ndorn\u00e9; L. Katalin Moln\u00e1r Lajosn\u00e9, L. Zsuzsa Vitus Lajosn\u00e9, L. J\u00f3zsef. \u2013 Apja hely\u00e9t foglalta el \u00e9s Backamadaras (1867\u201385), Ny\u00e1r\u00e1dszentl\u00e1szl\u00f3 \u00e9s Nyom\u00e1t rendes papjak\u00e9nt folytatta tev\u00e9kenys\u00e9g\u00e9t. Backamadarason [&hellip;]<\/p>\n","protected":false},"featured_media":0,"comment_status":"open","ping_status":"closed","template":"","meta":[],"product_brand":[],"product_cat":[137],"product_tag":[],"class_list":{"0":"post-14081","1":"product","2":"type-product","3":"status-publish","5":"product_cat-maros-megyei-eletrajzi-lexikon","7":"first","8":"instock","9":"shipping-taxable","10":"product-type-simple"},"_links":{"self":[{"href":"https:\/\/uj.adatbank.ro\/lexikon\/wp-json\/wp\/v2\/product\/14081","targetHints":{"allow":["GET"]}}],"collection":[{"href":"https:\/\/uj.adatbank.ro\/lexikon\/wp-json\/wp\/v2\/product"}],"about":[{"href":"https:\/\/uj.adatbank.ro\/lexikon\/wp-json\/wp\/v2\/types\/product"}],"replies":[{"embeddable":true,"href":"https:\/\/uj.adatbank.ro\/lexikon\/wp-json\/wp\/v2\/comments?post=14081"}],"wp:attachment":[{"href":"https:\/\/uj.adatbank.ro\/lexikon\/wp-json\/wp\/v2\/media?parent=14081"}],"wp:term":[{"taxonomy":"product_brand","embeddable":true,"href":"https:\/\/uj.adatbank.ro\/lexikon\/wp-json\/wp\/v2\/product_brand?post=14081"},{"taxonomy":"product_cat","embeddable":true,"href":"https:\/\/uj.adatbank.ro\/lexikon\/wp-json\/wp\/v2\/product_cat?post=14081"},{"taxonomy":"product_tag","embeddable":true,"href":"https:\/\/uj.adatbank.ro\/lexikon\/wp-json\/wp\/v2\/product_tag?post=14081"}],"curies":[{"name":"wp","href":"https:\/\/api.w.org\/{rel}","templated":true}]}}