{"id":14082,"date":"2025-07-15T12:49:58","date_gmt":"2025-07-15T10:49:58","guid":{"rendered":"https:\/\/uj.adatbank.ro\/lexikon\/termek\/losonczi-laszlo-ladislaus-de-lodhunk-losonczy\/"},"modified":"2025-07-15T12:49:58","modified_gmt":"2025-07-15T10:49:58","slug":"losonczi-laszlo-ladislaus-de-lodhunk-losonczy","status":"publish","type":"product","link":"https:\/\/uj.adatbank.ro\/lexikon\/termek\/losonczi-laszlo-ladislaus-de-lodhunk-losonczy\/","title":{"rendered":"LOSONCZI L\u00e1szl\u00f3, Ladislaus de Lodhunk Losonczy"},"content":{"rendered":"<p>sz\u00e1szr\u00e9geni f\u00f6ldbirtokos, sz\u00e9kely isp\u00e1n (1373. m\u00e1rc.19.\u20131374.dec.19)..A r. k. egyh\u00e1znak azt a f\u00f6ldter\u00fcletet adom\u00e1nyozta, amelyre a r. k.. templomot \u00e9p\u00edtett\u00e9k (1321\u201330). A templom a reform\u00e1ci\u00f3 ut\u00e1n az ev. egyh\u00e1z birtok\u00e1ba ker\u00fclt. <br \/><strong>Irod.:<\/strong> Regh. Cult. (10., 2010)<\/br><\/p>\n","protected":false},"excerpt":{"rendered":"<p>sz\u00e1szr\u00e9geni f\u00f6ldbirtokos, sz\u00e9kely isp\u00e1n (1373. m\u00e1rc.19.\u20131374.dec.19)..A r. k. egyh\u00e1znak azt a f\u00f6ldter\u00fcletet adom\u00e1nyozta, amelyre a r. k.. templomot \u00e9p\u00edtett\u00e9k (1321\u201330). A templom a reform\u00e1ci\u00f3 ut\u00e1n az ev. egyh\u00e1z birtok\u00e1ba ker\u00fclt. Irod.: Regh. Cult. (10., 2010)<\/p>\n","protected":false},"featured_media":0,"comment_status":"open","ping_status":"closed","template":"","meta":[],"product_brand":[],"product_cat":[137],"product_tag":[],"class_list":{"0":"post-14082","1":"product","2":"type-product","3":"status-publish","5":"product_cat-maros-megyei-eletrajzi-lexikon","7":"first","8":"instock","9":"shipping-taxable","10":"product-type-simple"},"_links":{"self":[{"href":"https:\/\/uj.adatbank.ro\/lexikon\/wp-json\/wp\/v2\/product\/14082","targetHints":{"allow":["GET"]}}],"collection":[{"href":"https:\/\/uj.adatbank.ro\/lexikon\/wp-json\/wp\/v2\/product"}],"about":[{"href":"https:\/\/uj.adatbank.ro\/lexikon\/wp-json\/wp\/v2\/types\/product"}],"replies":[{"embeddable":true,"href":"https:\/\/uj.adatbank.ro\/lexikon\/wp-json\/wp\/v2\/comments?post=14082"}],"wp:attachment":[{"href":"https:\/\/uj.adatbank.ro\/lexikon\/wp-json\/wp\/v2\/media?parent=14082"}],"wp:term":[{"taxonomy":"product_brand","embeddable":true,"href":"https:\/\/uj.adatbank.ro\/lexikon\/wp-json\/wp\/v2\/product_brand?post=14082"},{"taxonomy":"product_cat","embeddable":true,"href":"https:\/\/uj.adatbank.ro\/lexikon\/wp-json\/wp\/v2\/product_cat?post=14082"},{"taxonomy":"product_tag","embeddable":true,"href":"https:\/\/uj.adatbank.ro\/lexikon\/wp-json\/wp\/v2\/product_tag?post=14082"}],"curies":[{"name":"wp","href":"https:\/\/api.w.org\/{rel}","templated":true}]}}