{"id":14086,"date":"2025-07-15T12:50:07","date_gmt":"2025-07-15T10:50:07","guid":{"rendered":"https:\/\/uj.adatbank.ro\/lexikon\/termek\/losonczi-mozes\/"},"modified":"2025-07-15T12:50:07","modified_gmt":"2025-07-15T10:50:07","slug":"losonczi-mozes","status":"publish","type":"product","link":"https:\/\/uj.adatbank.ro\/lexikon\/termek\/losonczi-mozes\/","title":{"rendered":"LOSONCZI M\u00f3zes"},"content":{"rendered":"<p>1785, \u2020 Backamadaras, 1867.: ref. lelk\u00e9sz. \u2013 Ny\u00e1r\u00e1dszentsimonb\u00f3l h\u00edvt\u00e1k meg Backamadarasra (1811\u20131819), ahol 58 \u00e9ven kereszt\u00fcl szolg\u00e1lt (1819\u20131867). Hossz\u00fa szolg\u00e1lata ideje alatt fejezt\u00e9k be, a V\u00e1lyi P\u00e1l lelk\u00e9szs\u00e9ge idej\u00e9n alatt megkezdett, \u00faj ref. templom \u00e9p\u00edt\u00e9s\u00e9t (1818\u201325). Az \u00e9p\u00edt\u00e9shez a gy\u00fclekezet anyagi seg\u00edts\u00e9get kapott br. Szentkereszti S\u00e1muelt\u0151l, valamint az ekl\u00e9zsia tagjai anyagi lehet\u0151s\u00e9g\u00fcknek megfelel\u0151en adakoztak, az egyh\u00e1zi f\u0151hat\u00f3s\u00e1g felsz\u00f3l\u00edt\u00e1s\u00e1ra pedig az orsz\u00e1g j\u00f3tev\u0151 kereszt\u00e9nyei is adom\u00e1nyokkal t\u00e1mogatt\u00e1k a templom\u00e9p\u00edt\u00e9st. A lelk\u00e9sz gondjaiban osztozott Gergely Andr\u00e1s, tan\u00edt\u00f3 \u00e9s ifj. Sz\u00f6v\u00e9rfi J\u00e1nos, megyeb\u00edr\u00f3. Nev\u00e9hez f\u0171z\u0151dik m\u00e9g egy iskolai alap\u00edtv\u00e1ny l\u00e9trehoz\u00e1sa, amelyb\u0151l az arra \u00e9rdemes, de szeg\u00e9ny gyermekeket seg\u00edtett\u00e9k a tov\u00e1bbtanul\u00e1sban (1819\u2013). \u00daj papilakot is emeltek (1833), majd elk\u00e9sz\u00edtett\u00e9k az ekl\u00e9zsia r\u00e9szletes felm\u00e9r\u00e9s\u00e9t \u00e9s k\u00f6r\u00fcl\u00edr\u00e1s\u00e1t. Szint\u00e9n az \u0151 paps\u00e1ga ideje alatt kezdt\u00e9k el, m\u00e1rc. 15.-\u00e9t nyilv\u00e1nosan meg\u00fcnnepelni (1849. m\u00e1rc.15.). Tan\u00edt\u00f3i lak\u00e1st \u00e9p\u00edtettek, erd\u0151p\u00e1sztort \u00e9s harangoz\u00f3t fogadtak (1854\u2013), a templomba orgon\u00e1t csin\u00e1ltattak (1864), a birtokoss\u00e1g torony\u00f3r\u00e1t helyeztetett a toronyba, amelynek j\u00e1rat\u00e1s\u00e1r\u00f3l \u00e9s jav\u00edt\u00e1s\u00e1r\u00f3l a k\u00f6z\u00f6ss\u00e9g gondoskodott (1863\u2013). \u00daj temet\u0151t nyitottak, ahova ravataloz\u00f3t is \u00e9p\u00edtettek; lelk\u00e9sz\u00fck is ott lelte v\u00e9gs\u0151 nyugalm\u00e1t. <br \/><strong>Irod.:<\/strong> Backamadaras; Sepsisz\u00e9ki<\/br><\/p>\n","protected":false},"excerpt":{"rendered":"<p>1785, \u2020 Backamadaras, 1867.: ref. lelk\u00e9sz. \u2013 Ny\u00e1r\u00e1dszentsimonb\u00f3l h\u00edvt\u00e1k meg Backamadarasra (1811\u20131819), ahol 58 \u00e9ven kereszt\u00fcl szolg\u00e1lt (1819\u20131867). Hossz\u00fa szolg\u00e1lata ideje alatt fejezt\u00e9k be, a V\u00e1lyi P\u00e1l lelk\u00e9szs\u00e9ge idej\u00e9n alatt megkezdett, \u00faj ref. templom \u00e9p\u00edt\u00e9s\u00e9t (1818\u201325). Az \u00e9p\u00edt\u00e9shez a gy\u00fclekezet anyagi seg\u00edts\u00e9get kapott br. Szentkereszti S\u00e1muelt\u0151l, valamint az ekl\u00e9zsia tagjai anyagi lehet\u0151s\u00e9g\u00fcknek megfelel\u0151en adakoztak, az [&hellip;]<\/p>\n","protected":false},"featured_media":0,"comment_status":"open","ping_status":"closed","template":"","meta":[],"product_brand":[],"product_cat":[137],"product_tag":[],"class_list":{"0":"post-14086","1":"product","2":"type-product","3":"status-publish","5":"product_cat-maros-megyei-eletrajzi-lexikon","7":"first","8":"instock","9":"shipping-taxable","10":"product-type-simple"},"_links":{"self":[{"href":"https:\/\/uj.adatbank.ro\/lexikon\/wp-json\/wp\/v2\/product\/14086","targetHints":{"allow":["GET"]}}],"collection":[{"href":"https:\/\/uj.adatbank.ro\/lexikon\/wp-json\/wp\/v2\/product"}],"about":[{"href":"https:\/\/uj.adatbank.ro\/lexikon\/wp-json\/wp\/v2\/types\/product"}],"replies":[{"embeddable":true,"href":"https:\/\/uj.adatbank.ro\/lexikon\/wp-json\/wp\/v2\/comments?post=14086"}],"wp:attachment":[{"href":"https:\/\/uj.adatbank.ro\/lexikon\/wp-json\/wp\/v2\/media?parent=14086"}],"wp:term":[{"taxonomy":"product_brand","embeddable":true,"href":"https:\/\/uj.adatbank.ro\/lexikon\/wp-json\/wp\/v2\/product_brand?post=14086"},{"taxonomy":"product_cat","embeddable":true,"href":"https:\/\/uj.adatbank.ro\/lexikon\/wp-json\/wp\/v2\/product_cat?post=14086"},{"taxonomy":"product_tag","embeddable":true,"href":"https:\/\/uj.adatbank.ro\/lexikon\/wp-json\/wp\/v2\/product_tag?post=14086"}],"curies":[{"name":"wp","href":"https:\/\/api.w.org\/{rel}","templated":true}]}}