{"id":14087,"date":"2025-07-15T12:50:08","date_gmt":"2025-07-15T10:50:08","guid":{"rendered":"https:\/\/uj.adatbank.ro\/lexikon\/termek\/losonczi-peter\/"},"modified":"2025-07-15T12:50:08","modified_gmt":"2025-07-15T10:50:08","slug":"losonczi-peter","status":"publish","type":"product","link":"https:\/\/uj.adatbank.ro\/lexikon\/termek\/losonczi-peter\/","title":{"rendered":"LOSONCZI P\u00e9ter"},"content":{"rendered":"<p>? \u2020 ?: ref. lelk\u00e9sz. \u2013 Ny\u00e1r\u00e1dszentimrei \u2013sepr\u0151di pap (1767\u20131803), amikor D\u00e9v\u00e1n a zsinat kimondta (1793. j\u00fan. 11.) Torbosz*? \u2020 ?: l\u00f3 elszakad\u00e1s\u00e1t Szentimr\u00e9t\u0151l. Ny\u00e1r\u00e1dszered\u00e1ban m\u0171k\u00f6d\u00f6tt (1804\u20131810). <br \/><strong>Irod.:<\/strong> Imreh Barna; Torboszl\u00f3<\/br><\/p>\n","protected":false},"excerpt":{"rendered":"<p>? \u2020 ?: ref. lelk\u00e9sz. \u2013 Ny\u00e1r\u00e1dszentimrei \u2013sepr\u0151di pap (1767\u20131803), amikor D\u00e9v\u00e1n a zsinat kimondta (1793. j\u00fan. 11.) Torbosz*? \u2020 ?: l\u00f3 elszakad\u00e1s\u00e1t Szentimr\u00e9t\u0151l. Ny\u00e1r\u00e1dszered\u00e1ban m\u0171k\u00f6d\u00f6tt (1804\u20131810). Irod.: Imreh Barna; Torboszl\u00f3<\/p>\n","protected":false},"featured_media":0,"comment_status":"open","ping_status":"closed","template":"","meta":[],"product_brand":[],"product_cat":[137],"product_tag":[],"class_list":{"0":"post-14087","1":"product","2":"type-product","3":"status-publish","5":"product_cat-maros-megyei-eletrajzi-lexikon","7":"first","8":"instock","9":"shipping-taxable","10":"product-type-simple"},"_links":{"self":[{"href":"https:\/\/uj.adatbank.ro\/lexikon\/wp-json\/wp\/v2\/product\/14087","targetHints":{"allow":["GET"]}}],"collection":[{"href":"https:\/\/uj.adatbank.ro\/lexikon\/wp-json\/wp\/v2\/product"}],"about":[{"href":"https:\/\/uj.adatbank.ro\/lexikon\/wp-json\/wp\/v2\/types\/product"}],"replies":[{"embeddable":true,"href":"https:\/\/uj.adatbank.ro\/lexikon\/wp-json\/wp\/v2\/comments?post=14087"}],"wp:attachment":[{"href":"https:\/\/uj.adatbank.ro\/lexikon\/wp-json\/wp\/v2\/media?parent=14087"}],"wp:term":[{"taxonomy":"product_brand","embeddable":true,"href":"https:\/\/uj.adatbank.ro\/lexikon\/wp-json\/wp\/v2\/product_brand?post=14087"},{"taxonomy":"product_cat","embeddable":true,"href":"https:\/\/uj.adatbank.ro\/lexikon\/wp-json\/wp\/v2\/product_cat?post=14087"},{"taxonomy":"product_tag","embeddable":true,"href":"https:\/\/uj.adatbank.ro\/lexikon\/wp-json\/wp\/v2\/product_tag?post=14087"}],"curies":[{"name":"wp","href":"https:\/\/api.w.org\/{rel}","templated":true}]}}