{"id":14088,"date":"2025-07-15T12:50:10","date_gmt":"2025-07-15T10:50:10","guid":{"rendered":"https:\/\/uj.adatbank.ro\/lexikon\/termek\/losonczi-terezia\/"},"modified":"2025-07-15T12:50:10","modified_gmt":"2025-07-15T10:50:10","slug":"losonczi-terezia","status":"publish","type":"product","link":"https:\/\/uj.adatbank.ro\/lexikon\/termek\/losonczi-terezia\/","title":{"rendered":"LOSONCZI Terezia"},"content":{"rendered":"<p>? \u2020 ?: t\u00f6rt\u00e9nelemtan\u00e1r. \u2013 T\u00f6rt\u00e9nelemtan\u00e1r, majd aligazgat\u00f3 az mv.-i Unirea Liceumban (1999). Szerkesztette t\u00f6bbekkel a liceum \u00e9vk\u00f6nyv\u00e9t (1998\/2000.).\u2013 <strong>F. m.:<\/strong> <strong>t\u00e1rssz.:<\/strong> Revolu\u0163ia de la 1848\u20131849 \u00een scaunul Mure\u015f \u015fi \u00een \u00eemrejurimi (Ioan Moldovannal; Tg.M, 1998). <br \/><strong>Irod.:<\/strong> C.l. (1999. j\u00fan. 11.); Lic. Teoretic Unirea: Anuar (1997\u20131998)<\/br><\/p>\n","protected":false},"excerpt":{"rendered":"<p>? \u2020 ?: t\u00f6rt\u00e9nelemtan\u00e1r. \u2013 T\u00f6rt\u00e9nelemtan\u00e1r, majd aligazgat\u00f3 az mv.-i Unirea Liceumban (1999). Szerkesztette t\u00f6bbekkel a liceum \u00e9vk\u00f6nyv\u00e9t (1998\/2000.).\u2013 F. m.: t\u00e1rssz.: Revolu\u0163ia de la 1848\u20131849 \u00een scaunul Mure\u015f \u015fi \u00een \u00eemrejurimi (Ioan Moldovannal; Tg.M, 1998). Irod.: C.l. (1999. j\u00fan. 11.); Lic. Teoretic Unirea: Anuar (1997\u20131998)<\/p>\n","protected":false},"featured_media":0,"comment_status":"open","ping_status":"closed","template":"","meta":[],"product_brand":[],"product_cat":[137],"product_tag":[],"class_list":{"0":"post-14088","1":"product","2":"type-product","3":"status-publish","5":"product_cat-maros-megyei-eletrajzi-lexikon","7":"first","8":"instock","9":"shipping-taxable","10":"product-type-simple"},"_links":{"self":[{"href":"https:\/\/uj.adatbank.ro\/lexikon\/wp-json\/wp\/v2\/product\/14088","targetHints":{"allow":["GET"]}}],"collection":[{"href":"https:\/\/uj.adatbank.ro\/lexikon\/wp-json\/wp\/v2\/product"}],"about":[{"href":"https:\/\/uj.adatbank.ro\/lexikon\/wp-json\/wp\/v2\/types\/product"}],"replies":[{"embeddable":true,"href":"https:\/\/uj.adatbank.ro\/lexikon\/wp-json\/wp\/v2\/comments?post=14088"}],"wp:attachment":[{"href":"https:\/\/uj.adatbank.ro\/lexikon\/wp-json\/wp\/v2\/media?parent=14088"}],"wp:term":[{"taxonomy":"product_brand","embeddable":true,"href":"https:\/\/uj.adatbank.ro\/lexikon\/wp-json\/wp\/v2\/product_brand?post=14088"},{"taxonomy":"product_cat","embeddable":true,"href":"https:\/\/uj.adatbank.ro\/lexikon\/wp-json\/wp\/v2\/product_cat?post=14088"},{"taxonomy":"product_tag","embeddable":true,"href":"https:\/\/uj.adatbank.ro\/lexikon\/wp-json\/wp\/v2\/product_tag?post=14088"}],"curies":[{"name":"wp","href":"https:\/\/api.w.org\/{rel}","templated":true}]}}