{"id":14089,"date":"2025-07-15T12:50:12","date_gmt":"2025-07-15T10:50:12","guid":{"rendered":"https:\/\/uj.adatbank.ro\/lexikon\/termek\/losonczi-denes-iii-losonci-denes\/"},"modified":"2025-07-15T12:50:12","modified_gmt":"2025-07-15T10:50:12","slug":"losonczi-denes-iii-losonci-denes","status":"publish","type":"product","link":"https:\/\/uj.adatbank.ro\/lexikon\/termek\/losonczi-denes-iii-losonci-denes\/","title":{"rendered":"LOSONCZI. D\u00e9nes, III, Losonci D\u00e9nes"},"content":{"rendered":"<p>? \u2020 ?: birtokos, isp\u00e1n. \u2013 Fiainak Tam\u00e1s,Istv\u00e1n, Dezs\u0151 birtokmegoszt\u00e1sa ut\u00e1n alakult ki a nemzets\u00e9g h\u00e1rom \u00e1ga: Losonczi , losonczi B\u00e1nffy \u00e9s a Dezs\u0151ffy csal\u00e1dok (1319). Erd\u00e9lyi birtokaik Marosv\u00e9cst\u0151l R\u00e9genig terjedtek a k\u00f6rnyez\u0151 falvakkal egy\u00fctt. Marosv\u00e9cs,1319-ben szerepel), Magyar\u00f3, Holtmaros, Disznaj\u00f3, Dedr\u00e1dsz\u00e9plak, Vajola, Monor, Als\u00f3- \u00e9s Fels\u0151idecs, Oroszidecs, B\u00e1tos, Erd\u0151szak\u00e1l, Kissaj\u00f3, Magyarr\u00e9gen. \u0150 \u00e9s fia Tam\u00e1s telep\u00edtett\u00e9k \u00fajra sz\u00e1sz \u00e9s rom\u00e1n lakoss\u00e1ggal a tat\u00e1rj\u00e1r\u00e1s idej\u00e9n elpusztult falvakat a Maros v\u00f6lgy\u00e9ben a Luc patak mell\u00e9k\u00e9re a Teke \u00e9s Sz\u00e1szr\u00e9gen l\u00f6zti ter\u00fcletre (1241\u2013). <br \/><strong>Irod.:<\/strong> Bir\u00f3 Don\u00e1t 2006; Bir\u00f3 J\u00f3zsef 2008; Entz 1994; Kelemen Lajos 1982, 2009; Keresztes 1995; L\u00e1z\u00e1r Mikl\u00f3s: Sz\u00e9kely isp\u00e1nok \u00e9s alisp\u00e1nok a moh\u00e1csi v\u00e9szig (Bp., 1881); Nagy Iv\u00e1n; Rugonfalvi-Kiss, \u00daM\u00c9L<\/br><\/p>\n","protected":false},"excerpt":{"rendered":"<p>? \u2020 ?: birtokos, isp\u00e1n. \u2013 Fiainak Tam\u00e1s,Istv\u00e1n, Dezs\u0151 birtokmegoszt\u00e1sa ut\u00e1n alakult ki a nemzets\u00e9g h\u00e1rom \u00e1ga: Losonczi , losonczi B\u00e1nffy \u00e9s a Dezs\u0151ffy csal\u00e1dok (1319). Erd\u00e9lyi birtokaik Marosv\u00e9cst\u0151l R\u00e9genig terjedtek a k\u00f6rnyez\u0151 falvakkal egy\u00fctt. Marosv\u00e9cs,1319-ben szerepel), Magyar\u00f3, Holtmaros, Disznaj\u00f3, Dedr\u00e1dsz\u00e9plak, Vajola, Monor, Als\u00f3- \u00e9s Fels\u0151idecs, Oroszidecs, B\u00e1tos, Erd\u0151szak\u00e1l, Kissaj\u00f3, Magyarr\u00e9gen. \u0150 \u00e9s fia Tam\u00e1s [&hellip;]<\/p>\n","protected":false},"featured_media":0,"comment_status":"open","ping_status":"closed","template":"","meta":[],"product_brand":[],"product_cat":[137],"product_tag":[],"class_list":{"0":"post-14089","1":"product","2":"type-product","3":"status-publish","5":"product_cat-maros-megyei-eletrajzi-lexikon","7":"first","8":"instock","9":"shipping-taxable","10":"product-type-simple"},"_links":{"self":[{"href":"https:\/\/uj.adatbank.ro\/lexikon\/wp-json\/wp\/v2\/product\/14089","targetHints":{"allow":["GET"]}}],"collection":[{"href":"https:\/\/uj.adatbank.ro\/lexikon\/wp-json\/wp\/v2\/product"}],"about":[{"href":"https:\/\/uj.adatbank.ro\/lexikon\/wp-json\/wp\/v2\/types\/product"}],"replies":[{"embeddable":true,"href":"https:\/\/uj.adatbank.ro\/lexikon\/wp-json\/wp\/v2\/comments?post=14089"}],"wp:attachment":[{"href":"https:\/\/uj.adatbank.ro\/lexikon\/wp-json\/wp\/v2\/media?parent=14089"}],"wp:term":[{"taxonomy":"product_brand","embeddable":true,"href":"https:\/\/uj.adatbank.ro\/lexikon\/wp-json\/wp\/v2\/product_brand?post=14089"},{"taxonomy":"product_cat","embeddable":true,"href":"https:\/\/uj.adatbank.ro\/lexikon\/wp-json\/wp\/v2\/product_cat?post=14089"},{"taxonomy":"product_tag","embeddable":true,"href":"https:\/\/uj.adatbank.ro\/lexikon\/wp-json\/wp\/v2\/product_tag?post=14089"}],"curies":[{"name":"wp","href":"https:\/\/api.w.org\/{rel}","templated":true}]}}