{"id":14091,"date":"2025-07-15T12:50:16","date_gmt":"2025-07-15T10:50:16","guid":{"rendered":"https:\/\/uj.adatbank.ro\/lexikon\/termek\/losonczy-lajos\/"},"modified":"2025-07-15T12:50:16","modified_gmt":"2025-07-15T10:50:16","slug":"losonczy-lajos","status":"publish","type":"product","link":"https:\/\/uj.adatbank.ro\/lexikon\/termek\/losonczy-lajos\/","title":{"rendered":"LOSONCZY Lajos"},"content":{"rendered":"<p>? \u2020 ?: r\u00e1di\u00f3szerkeszt\u0151. \u2013A mv.-i R\u00e1di\u00f3 Studi\u00f3 szerkeszt\u0151je (1958\u201385). <br \/><strong>Irod.:<\/strong> Pesty 2014; Sz\u00f3l a R\u00e1di\u00f3.<\/br><\/p>\n","protected":false},"excerpt":{"rendered":"<p>? \u2020 ?: r\u00e1di\u00f3szerkeszt\u0151. \u2013A mv.-i R\u00e1di\u00f3 Studi\u00f3 szerkeszt\u0151je (1958\u201385). Irod.: Pesty 2014; Sz\u00f3l a R\u00e1di\u00f3.<\/p>\n","protected":false},"featured_media":0,"comment_status":"open","ping_status":"closed","template":"","meta":[],"product_brand":[],"product_cat":[137],"product_tag":[],"class_list":{"0":"post-14091","1":"product","2":"type-product","3":"status-publish","5":"product_cat-maros-megyei-eletrajzi-lexikon","7":"first","8":"instock","9":"shipping-taxable","10":"product-type-simple"},"_links":{"self":[{"href":"https:\/\/uj.adatbank.ro\/lexikon\/wp-json\/wp\/v2\/product\/14091","targetHints":{"allow":["GET"]}}],"collection":[{"href":"https:\/\/uj.adatbank.ro\/lexikon\/wp-json\/wp\/v2\/product"}],"about":[{"href":"https:\/\/uj.adatbank.ro\/lexikon\/wp-json\/wp\/v2\/types\/product"}],"replies":[{"embeddable":true,"href":"https:\/\/uj.adatbank.ro\/lexikon\/wp-json\/wp\/v2\/comments?post=14091"}],"wp:attachment":[{"href":"https:\/\/uj.adatbank.ro\/lexikon\/wp-json\/wp\/v2\/media?parent=14091"}],"wp:term":[{"taxonomy":"product_brand","embeddable":true,"href":"https:\/\/uj.adatbank.ro\/lexikon\/wp-json\/wp\/v2\/product_brand?post=14091"},{"taxonomy":"product_cat","embeddable":true,"href":"https:\/\/uj.adatbank.ro\/lexikon\/wp-json\/wp\/v2\/product_cat?post=14091"},{"taxonomy":"product_tag","embeddable":true,"href":"https:\/\/uj.adatbank.ro\/lexikon\/wp-json\/wp\/v2\/product_tag?post=14091"}],"curies":[{"name":"wp","href":"https:\/\/api.w.org\/{rel}","templated":true}]}}