{"id":14093,"date":"2025-07-15T12:50:19","date_gmt":"2025-07-15T10:50:19","guid":{"rendered":"https:\/\/uj.adatbank.ro\/lexikon\/termek\/losonczy-nicolae\/"},"modified":"2025-07-15T12:50:19","modified_gmt":"2025-07-15T10:50:19","slug":"losonczy-nicolae","status":"publish","type":"product","link":"https:\/\/uj.adatbank.ro\/lexikon\/termek\/losonczy-nicolae\/","title":{"rendered":"LOSONCZY Nicolae"},"content":{"rendered":"<p>Torda, 1911., \u2020 ? : tan\u00e1r, igazgat\u00f3, tanfel\u00fcgyel\u0151. \u2013 Tan\u00edtott: Marosfelfalun, Borb\u00e1ndon, S\u00e1rpatakon; igazgat\u00f3 Segesv\u00e1ron a 4. sz\u00e1m\u00fa elemi iskol\u00e1ban, majd tan\u00e1r \u00e9s igazgat\u00f3 a 2. sz. iskol\u00e1ban uo. <br \/><strong>Irod.:<\/strong> Omagiu<\/br><\/p>\n","protected":false},"excerpt":{"rendered":"<p>Torda, 1911., \u2020 ? : tan\u00e1r, igazgat\u00f3, tanfel\u00fcgyel\u0151. \u2013 Tan\u00edtott: Marosfelfalun, Borb\u00e1ndon, S\u00e1rpatakon; igazgat\u00f3 Segesv\u00e1ron a 4. sz\u00e1m\u00fa elemi iskol\u00e1ban, majd tan\u00e1r \u00e9s igazgat\u00f3 a 2. sz. iskol\u00e1ban uo. Irod.: Omagiu<\/p>\n","protected":false},"featured_media":0,"comment_status":"open","ping_status":"closed","template":"","meta":[],"product_brand":[],"product_cat":[137],"product_tag":[],"class_list":{"0":"post-14093","1":"product","2":"type-product","3":"status-publish","5":"product_cat-maros-megyei-eletrajzi-lexikon","7":"first","8":"instock","9":"shipping-taxable","10":"product-type-simple"},"_links":{"self":[{"href":"https:\/\/uj.adatbank.ro\/lexikon\/wp-json\/wp\/v2\/product\/14093","targetHints":{"allow":["GET"]}}],"collection":[{"href":"https:\/\/uj.adatbank.ro\/lexikon\/wp-json\/wp\/v2\/product"}],"about":[{"href":"https:\/\/uj.adatbank.ro\/lexikon\/wp-json\/wp\/v2\/types\/product"}],"replies":[{"embeddable":true,"href":"https:\/\/uj.adatbank.ro\/lexikon\/wp-json\/wp\/v2\/comments?post=14093"}],"wp:attachment":[{"href":"https:\/\/uj.adatbank.ro\/lexikon\/wp-json\/wp\/v2\/media?parent=14093"}],"wp:term":[{"taxonomy":"product_brand","embeddable":true,"href":"https:\/\/uj.adatbank.ro\/lexikon\/wp-json\/wp\/v2\/product_brand?post=14093"},{"taxonomy":"product_cat","embeddable":true,"href":"https:\/\/uj.adatbank.ro\/lexikon\/wp-json\/wp\/v2\/product_cat?post=14093"},{"taxonomy":"product_tag","embeddable":true,"href":"https:\/\/uj.adatbank.ro\/lexikon\/wp-json\/wp\/v2\/product_tag?post=14093"}],"curies":[{"name":"wp","href":"https:\/\/api.w.org\/{rel}","templated":true}]}}