{"id":14095,"date":"2025-07-15T12:50:24","date_gmt":"2025-07-15T10:50:24","guid":{"rendered":"https:\/\/uj.adatbank.ro\/lexikon\/termek\/losteiner-janos-2\/"},"modified":"2025-07-15T12:50:24","modified_gmt":"2025-07-15T10:50:24","slug":"losteiner-janos-2","status":"publish","type":"product","link":"https:\/\/uj.adatbank.ro\/lexikon\/termek\/losteiner-janos-2\/","title":{"rendered":"LOSTEINER J\u00e1nos"},"content":{"rendered":"<p>1777. jan. 25., \u2020.1858. \u00e1pr. 6. S\u00edrja a gyulafeh\u00e9rv\u00e1ri sz\u00e9kesegyh\u00e1z kript\u00e1j\u00e1ban: r. k. pap, kanonok. \u2013 Papp\u00e1 szentelt\u00e9k (1798. \u00e1pr. 5.). Tan\u00e1r Mv.-en, koll.-mi igazgat\u00f3 (1806). Pl\u00e9b\u00e1nos, esperes Sz\u00e1rhegyen (1809), Sz\u0151kefalv\u00e1n (1818\u201334), k\u00f6zben K\u00fck\u00fcll\u0151 megyei t\u00e1blab\u00edr\u00f3 (1831), erzs\u00e9betv\u00e1rosi ker\u00fcleti esperes (1832), tb. kanonok (1833). Gyulafeh\u00e9rv\u00e1ron a teol. Int\u00e9zet rektora, kanonok (1935), ap\u00e1t (1854). <br \/><strong>Irod.:<\/strong> Ferenczi S\u00e1ndor 2009<\/br><\/p>\n","protected":false},"excerpt":{"rendered":"<p>1777. jan. 25., \u2020.1858. \u00e1pr. 6. S\u00edrja a gyulafeh\u00e9rv\u00e1ri sz\u00e9kesegyh\u00e1z kript\u00e1j\u00e1ban: r. k. pap, kanonok. \u2013 Papp\u00e1 szentelt\u00e9k (1798. \u00e1pr. 5.). Tan\u00e1r Mv.-en, koll.-mi igazgat\u00f3 (1806). Pl\u00e9b\u00e1nos, esperes Sz\u00e1rhegyen (1809), Sz\u0151kefalv\u00e1n (1818\u201334), k\u00f6zben K\u00fck\u00fcll\u0151 megyei t\u00e1blab\u00edr\u00f3 (1831), erzs\u00e9betv\u00e1rosi ker\u00fcleti esperes (1832), tb. kanonok (1833). Gyulafeh\u00e9rv\u00e1ron a teol. Int\u00e9zet rektora, kanonok (1935), ap\u00e1t (1854). Irod.: Ferenczi [&hellip;]<\/p>\n","protected":false},"featured_media":0,"comment_status":"open","ping_status":"closed","template":"","meta":[],"product_brand":[],"product_cat":[137],"product_tag":[],"class_list":{"0":"post-14095","1":"product","2":"type-product","3":"status-publish","5":"product_cat-maros-megyei-eletrajzi-lexikon","7":"first","8":"instock","9":"shipping-taxable","10":"product-type-simple"},"_links":{"self":[{"href":"https:\/\/uj.adatbank.ro\/lexikon\/wp-json\/wp\/v2\/product\/14095","targetHints":{"allow":["GET"]}}],"collection":[{"href":"https:\/\/uj.adatbank.ro\/lexikon\/wp-json\/wp\/v2\/product"}],"about":[{"href":"https:\/\/uj.adatbank.ro\/lexikon\/wp-json\/wp\/v2\/types\/product"}],"replies":[{"embeddable":true,"href":"https:\/\/uj.adatbank.ro\/lexikon\/wp-json\/wp\/v2\/comments?post=14095"}],"wp:attachment":[{"href":"https:\/\/uj.adatbank.ro\/lexikon\/wp-json\/wp\/v2\/media?parent=14095"}],"wp:term":[{"taxonomy":"product_brand","embeddable":true,"href":"https:\/\/uj.adatbank.ro\/lexikon\/wp-json\/wp\/v2\/product_brand?post=14095"},{"taxonomy":"product_cat","embeddable":true,"href":"https:\/\/uj.adatbank.ro\/lexikon\/wp-json\/wp\/v2\/product_cat?post=14095"},{"taxonomy":"product_tag","embeddable":true,"href":"https:\/\/uj.adatbank.ro\/lexikon\/wp-json\/wp\/v2\/product_tag?post=14095"}],"curies":[{"name":"wp","href":"https:\/\/api.w.org\/{rel}","templated":true}]}}