{"id":14096,"date":"2025-07-15T12:50:28","date_gmt":"2025-07-15T10:50:28","guid":{"rendered":"https:\/\/uj.adatbank.ro\/lexikon\/termek\/lote-adolf\/"},"modified":"2025-07-15T12:50:28","modified_gmt":"2025-07-15T10:50:28","slug":"lote-adolf","status":"publish","type":"product","link":"https:\/\/uj.adatbank.ro\/lexikon\/termek\/lote-adolf\/","title":{"rendered":"L\u0150TE Adolf"},"content":{"rendered":"<p>? \u2020\u00a0Isonz\u00f3, 1917. aug. 17.: \u00fcgyv\u00e9djel\u0151lt. \u2013 Testv\u00e9re: Lajos, Gyula, L\u00e1z\u00e1r, S\u00f3gora: Vas Albert. \u2013 A kv.-i FJTE joghallgat\u00f3ja volt (1909\u2013). Hadi\u00f6nk\u00e9ntesk\u00e9nt vonult be a mv.-i 62. gy. ezredhez (1915. febr.\u2013), tiszti iskol\u00e1t v\u00e9gzett \u00e9s az orosz fronton harcolt mint a III. z\u00e1szl\u00f3alj seg\u00e9dtisztje. A vele egy sz\u00e1zadn\u00e1l szolg\u00e1l\u00f3 \u00f6ccs\u00e9t megkereste a halottak k\u00f6z\u00f6tt \u00e9s eltemette. Az olasz frontra ker\u00fclt \u00e9s az isonz\u00f3i csat\u00e1ban elesett. <strong>Kit\u00fcntet\u00e9sei:<\/strong> kisez\u00fcst, Signum Laudis a kardokkal, III. oszt. hadi\u00e9k\u00edtm\u00e9nyes katonai \u00e9rdemkereszt. <br \/><strong>Irod.:<\/strong> M. hadviselt zsid\u00f3k<\/br><\/p>\n","protected":false},"excerpt":{"rendered":"<p>? \u2020\u00a0Isonz\u00f3, 1917. aug. 17.: \u00fcgyv\u00e9djel\u0151lt. \u2013 Testv\u00e9re: Lajos, Gyula, L\u00e1z\u00e1r, S\u00f3gora: Vas Albert. \u2013 A kv.-i FJTE joghallgat\u00f3ja volt (1909\u2013). Hadi\u00f6nk\u00e9ntesk\u00e9nt vonult be a mv.-i 62. gy. ezredhez (1915. febr.\u2013), tiszti iskol\u00e1t v\u00e9gzett \u00e9s az orosz fronton harcolt mint a III. z\u00e1szl\u00f3alj seg\u00e9dtisztje. A vele egy sz\u00e1zadn\u00e1l szolg\u00e1l\u00f3 \u00f6ccs\u00e9t megkereste a halottak k\u00f6z\u00f6tt \u00e9s [&hellip;]<\/p>\n","protected":false},"featured_media":0,"comment_status":"open","ping_status":"closed","template":"","meta":[],"product_brand":[],"product_cat":[137],"product_tag":[],"class_list":{"0":"post-14096","1":"product","2":"type-product","3":"status-publish","5":"product_cat-maros-megyei-eletrajzi-lexikon","7":"first","8":"instock","9":"shipping-taxable","10":"product-type-simple"},"_links":{"self":[{"href":"https:\/\/uj.adatbank.ro\/lexikon\/wp-json\/wp\/v2\/product\/14096","targetHints":{"allow":["GET"]}}],"collection":[{"href":"https:\/\/uj.adatbank.ro\/lexikon\/wp-json\/wp\/v2\/product"}],"about":[{"href":"https:\/\/uj.adatbank.ro\/lexikon\/wp-json\/wp\/v2\/types\/product"}],"replies":[{"embeddable":true,"href":"https:\/\/uj.adatbank.ro\/lexikon\/wp-json\/wp\/v2\/comments?post=14096"}],"wp:attachment":[{"href":"https:\/\/uj.adatbank.ro\/lexikon\/wp-json\/wp\/v2\/media?parent=14096"}],"wp:term":[{"taxonomy":"product_brand","embeddable":true,"href":"https:\/\/uj.adatbank.ro\/lexikon\/wp-json\/wp\/v2\/product_brand?post=14096"},{"taxonomy":"product_cat","embeddable":true,"href":"https:\/\/uj.adatbank.ro\/lexikon\/wp-json\/wp\/v2\/product_cat?post=14096"},{"taxonomy":"product_tag","embeddable":true,"href":"https:\/\/uj.adatbank.ro\/lexikon\/wp-json\/wp\/v2\/product_tag?post=14096"}],"curies":[{"name":"wp","href":"https:\/\/api.w.org\/{rel}","templated":true}]}}