{"id":14097,"date":"2025-07-15T12:50:30","date_gmt":"2025-07-15T10:50:30","guid":{"rendered":"https:\/\/uj.adatbank.ro\/lexikon\/termek\/lote-gyula\/"},"modified":"2025-07-15T12:50:30","modified_gmt":"2025-07-15T10:50:30","slug":"lote-gyula","status":"publish","type":"product","link":"https:\/\/uj.adatbank.ro\/lexikon\/termek\/lote-gyula\/","title":{"rendered":"L\u0150TE Gyula"},"content":{"rendered":"<p>? \u2020\u00a0?: tisztvisel\u0151. \u2013 Testv\u00e9re: Adolf. Lajos, Izor, Jen\u0151, L\u00e1z\u00e1r, S\u00f3gora: Trieszten volt f\u0151tisztvisel\u0151. R\u00e9szt vett az I. vh.-ban, bevonult a mv.-i 62. gy. ezredhez (1915. m\u00e1rc.\u20131918). Tiszti iskol\u00e1t v\u00e9gzett \u00e9s nyelvismerete folyt\u00e1n a fiumei tengeri sz\u00e1ll\u00edt\u00e1si vezet\u0151s\u00e9ghez osztott\u00e1k be, mint hadnagy m\u0171k\u00f6d\u00f6tt. A h\u00e1bor\u00fa ut\u00e1n visszat\u00e9rt Olaszo.-ba \u00e9s Mil\u00e1n\u00f3ban volt Rt. igazgat\u00f3. <br \/><strong>Irod.:<\/strong> M. hadviselt zsid\u00f3k<\/br><\/p>\n","protected":false},"excerpt":{"rendered":"<p>? \u2020\u00a0?: tisztvisel\u0151. \u2013 Testv\u00e9re: Adolf. Lajos, Izor, Jen\u0151, L\u00e1z\u00e1r, S\u00f3gora: Trieszten volt f\u0151tisztvisel\u0151. R\u00e9szt vett az I. vh.-ban, bevonult a mv.-i 62. gy. ezredhez (1915. m\u00e1rc.\u20131918). Tiszti iskol\u00e1t v\u00e9gzett \u00e9s nyelvismerete folyt\u00e1n a fiumei tengeri sz\u00e1ll\u00edt\u00e1si vezet\u0151s\u00e9ghez osztott\u00e1k be, mint hadnagy m\u0171k\u00f6d\u00f6tt. A h\u00e1bor\u00fa ut\u00e1n visszat\u00e9rt Olaszo.-ba \u00e9s Mil\u00e1n\u00f3ban volt Rt. igazgat\u00f3. Irod.: M. [&hellip;]<\/p>\n","protected":false},"featured_media":0,"comment_status":"open","ping_status":"closed","template":"","meta":[],"product_brand":[],"product_cat":[137],"product_tag":[],"class_list":{"0":"post-14097","1":"product","2":"type-product","3":"status-publish","5":"product_cat-maros-megyei-eletrajzi-lexikon","7":"first","8":"instock","9":"shipping-taxable","10":"product-type-simple"},"_links":{"self":[{"href":"https:\/\/uj.adatbank.ro\/lexikon\/wp-json\/wp\/v2\/product\/14097","targetHints":{"allow":["GET"]}}],"collection":[{"href":"https:\/\/uj.adatbank.ro\/lexikon\/wp-json\/wp\/v2\/product"}],"about":[{"href":"https:\/\/uj.adatbank.ro\/lexikon\/wp-json\/wp\/v2\/types\/product"}],"replies":[{"embeddable":true,"href":"https:\/\/uj.adatbank.ro\/lexikon\/wp-json\/wp\/v2\/comments?post=14097"}],"wp:attachment":[{"href":"https:\/\/uj.adatbank.ro\/lexikon\/wp-json\/wp\/v2\/media?parent=14097"}],"wp:term":[{"taxonomy":"product_brand","embeddable":true,"href":"https:\/\/uj.adatbank.ro\/lexikon\/wp-json\/wp\/v2\/product_brand?post=14097"},{"taxonomy":"product_cat","embeddable":true,"href":"https:\/\/uj.adatbank.ro\/lexikon\/wp-json\/wp\/v2\/product_cat?post=14097"},{"taxonomy":"product_tag","embeddable":true,"href":"https:\/\/uj.adatbank.ro\/lexikon\/wp-json\/wp\/v2\/product_tag?post=14097"}],"curies":[{"name":"wp","href":"https:\/\/api.w.org\/{rel}","templated":true}]}}