{"id":14098,"date":"2025-07-15T12:50:31","date_gmt":"2025-07-15T10:50:31","guid":{"rendered":"https:\/\/uj.adatbank.ro\/lexikon\/termek\/lote-izor\/"},"modified":"2025-07-15T12:50:31","modified_gmt":"2025-07-15T10:50:31","slug":"lote-izor","status":"publish","type":"product","link":"https:\/\/uj.adatbank.ro\/lexikon\/termek\/lote-izor\/","title":{"rendered":"L\u0150TE Izor"},"content":{"rendered":"<p>1895.\u00a0? \u2020\u00a0Pietrokovek, 1915. j\u00fal. 19.: tisztvisel\u0151. \u2013 Testv\u00e9re: Lajos, Gyula, L\u00e1z\u00e1r,Adolf, Jen\u0151. S\u00f3gora: Vas Albert. \u2013 Ny\u00e1r\u00e1dszeredai banktisztvisel\u0151. Az I. vh-ban bevonult (1914. szept.). tiszti iskol\u00e1t v\u00e9gzett \u00e9s az orosz fronton harcolt Adolf testv\u00e9r\u00e9vel egy sz\u00e1zadban. H\u0151si hal\u00e1lt halt. <br \/><strong>Irod.:<\/strong> M. hadviselt zsid\u00f3k<\/br><\/p>\n","protected":false},"excerpt":{"rendered":"<p>1895.\u00a0? \u2020\u00a0Pietrokovek, 1915. j\u00fal. 19.: tisztvisel\u0151. \u2013 Testv\u00e9re: Lajos, Gyula, L\u00e1z\u00e1r,Adolf, Jen\u0151. S\u00f3gora: Vas Albert. \u2013 Ny\u00e1r\u00e1dszeredai banktisztvisel\u0151. Az I. vh-ban bevonult (1914. szept.). tiszti iskol\u00e1t v\u00e9gzett \u00e9s az orosz fronton harcolt Adolf testv\u00e9r\u00e9vel egy sz\u00e1zadban. H\u0151si hal\u00e1lt halt. Irod.: M. hadviselt zsid\u00f3k<\/p>\n","protected":false},"featured_media":0,"comment_status":"open","ping_status":"closed","template":"","meta":[],"product_brand":[],"product_cat":[137],"product_tag":[],"class_list":{"0":"post-14098","1":"product","2":"type-product","3":"status-publish","5":"product_cat-maros-megyei-eletrajzi-lexikon","7":"first","8":"instock","9":"shipping-taxable","10":"product-type-simple"},"_links":{"self":[{"href":"https:\/\/uj.adatbank.ro\/lexikon\/wp-json\/wp\/v2\/product\/14098","targetHints":{"allow":["GET"]}}],"collection":[{"href":"https:\/\/uj.adatbank.ro\/lexikon\/wp-json\/wp\/v2\/product"}],"about":[{"href":"https:\/\/uj.adatbank.ro\/lexikon\/wp-json\/wp\/v2\/types\/product"}],"replies":[{"embeddable":true,"href":"https:\/\/uj.adatbank.ro\/lexikon\/wp-json\/wp\/v2\/comments?post=14098"}],"wp:attachment":[{"href":"https:\/\/uj.adatbank.ro\/lexikon\/wp-json\/wp\/v2\/media?parent=14098"}],"wp:term":[{"taxonomy":"product_brand","embeddable":true,"href":"https:\/\/uj.adatbank.ro\/lexikon\/wp-json\/wp\/v2\/product_brand?post=14098"},{"taxonomy":"product_cat","embeddable":true,"href":"https:\/\/uj.adatbank.ro\/lexikon\/wp-json\/wp\/v2\/product_cat?post=14098"},{"taxonomy":"product_tag","embeddable":true,"href":"https:\/\/uj.adatbank.ro\/lexikon\/wp-json\/wp\/v2\/product_tag?post=14098"}],"curies":[{"name":"wp","href":"https:\/\/api.w.org\/{rel}","templated":true}]}}