{"id":14099,"date":"2025-07-15T12:50:33","date_gmt":"2025-07-15T10:50:33","guid":{"rendered":"https:\/\/uj.adatbank.ro\/lexikon\/termek\/lote-jeno\/"},"modified":"2025-07-15T12:50:33","modified_gmt":"2025-07-15T10:50:33","slug":"lote-jeno","status":"publish","type":"product","link":"https:\/\/uj.adatbank.ro\/lexikon\/termek\/lote-jeno\/","title":{"rendered":"L\u0150TE Jen\u0151"},"content":{"rendered":"<p>Sz\u00e9kelyk\u00e1l,1883., \u2020\u00a0?: \u00fcgyv\u00e9d. \u2013 Testv\u00e9re: Lajos, Gyula, L\u00e1z\u00e1r, Adolf, Izor. \u2013 K\u00f6z\u00e9piskol\u00e1it Mv.-en, az egyetemet Kv.-on v\u00e9gezte, \u00fcgyv\u00e9di diplom\u00e1t szerzett (1911), Ny\u00e1r\u00e1dszered\u00e1n volt \u00fcgyv\u00e9d. Az els\u0151 vh.-ban (1914. j\u00fal.\u201318. dec.), a 62. gy. e.-el az orosz fronton harcolt, megsebes\u00fclt, fogs\u00e1gba esett. Mint f\u0151hadnagy szerelt le. <strong>Kit\u00fcntet\u00e9sei:<\/strong> Br. Sign. L. kardokkal, K\u00e1roly cs. k., bajor tiszti \u00e9rem. <br \/><strong>Irod.:<\/strong> M. hadviselt zsid\u00f3k; Sz\u00e9kelyf\u00f6ld \u00ed.k<\/br><\/p>\n","protected":false},"excerpt":{"rendered":"<p>Sz\u00e9kelyk\u00e1l,1883., \u2020\u00a0?: \u00fcgyv\u00e9d. \u2013 Testv\u00e9re: Lajos, Gyula, L\u00e1z\u00e1r, Adolf, Izor. \u2013 K\u00f6z\u00e9piskol\u00e1it Mv.-en, az egyetemet Kv.-on v\u00e9gezte, \u00fcgyv\u00e9di diplom\u00e1t szerzett (1911), Ny\u00e1r\u00e1dszered\u00e1n volt \u00fcgyv\u00e9d. Az els\u0151 vh.-ban (1914. j\u00fal.\u201318. dec.), a 62. gy. e.-el az orosz fronton harcolt, megsebes\u00fclt, fogs\u00e1gba esett. Mint f\u0151hadnagy szerelt le. Kit\u00fcntet\u00e9sei: Br. Sign. L. kardokkal, K\u00e1roly cs. k., bajor tiszti [&hellip;]<\/p>\n","protected":false},"featured_media":0,"comment_status":"open","ping_status":"closed","template":"","meta":[],"product_brand":[],"product_cat":[137],"product_tag":[],"class_list":{"0":"post-14099","1":"product","2":"type-product","3":"status-publish","5":"product_cat-maros-megyei-eletrajzi-lexikon","7":"first","8":"instock","9":"shipping-taxable","10":"product-type-simple"},"_links":{"self":[{"href":"https:\/\/uj.adatbank.ro\/lexikon\/wp-json\/wp\/v2\/product\/14099","targetHints":{"allow":["GET"]}}],"collection":[{"href":"https:\/\/uj.adatbank.ro\/lexikon\/wp-json\/wp\/v2\/product"}],"about":[{"href":"https:\/\/uj.adatbank.ro\/lexikon\/wp-json\/wp\/v2\/types\/product"}],"replies":[{"embeddable":true,"href":"https:\/\/uj.adatbank.ro\/lexikon\/wp-json\/wp\/v2\/comments?post=14099"}],"wp:attachment":[{"href":"https:\/\/uj.adatbank.ro\/lexikon\/wp-json\/wp\/v2\/media?parent=14099"}],"wp:term":[{"taxonomy":"product_brand","embeddable":true,"href":"https:\/\/uj.adatbank.ro\/lexikon\/wp-json\/wp\/v2\/product_brand?post=14099"},{"taxonomy":"product_cat","embeddable":true,"href":"https:\/\/uj.adatbank.ro\/lexikon\/wp-json\/wp\/v2\/product_cat?post=14099"},{"taxonomy":"product_tag","embeddable":true,"href":"https:\/\/uj.adatbank.ro\/lexikon\/wp-json\/wp\/v2\/product_tag?post=14099"}],"curies":[{"name":"wp","href":"https:\/\/api.w.org\/{rel}","templated":true}]}}