{"id":14100,"date":"2025-07-15T12:50:35","date_gmt":"2025-07-15T10:50:35","guid":{"rendered":"https:\/\/uj.adatbank.ro\/lexikon\/termek\/lote-lajos-%c2%a7\/"},"modified":"2025-07-15T12:50:35","modified_gmt":"2025-07-15T10:50:35","slug":"lote-lajos-%c2%a7","status":"publish","type":"product","link":"https:\/\/uj.adatbank.ro\/lexikon\/termek\/lote-lajos-%c2%a7\/","title":{"rendered":"L\u0150TE Lajos, \u00a7"},"content":{"rendered":"<p>? \u2020\u00a0?: orvos. \u2013 Testv\u00e9rei: Gyula, L\u00e1z\u00e1r, Jen\u0151, Adolf, Izor. \u2013 Mv.-i orvos, honv\u00e9df\u0151orvos, r\u00e9szt vett az I. vh.-ban, (1914. j\u00fal.\u201318. nov.) kilenc h\u00f3napig volt a fronton. Orosz harct\u00e9ren z\u00e1szl\u00f3alj \u00e9s ezredf\u0151orvos f\u0151n\u00f6k. <strong>Kit\u00fcntet\u00e9sei:<\/strong> Br. Sign.L. kardokkal, V\u00f6r\u00f6skereszt tiszti jelv\u00e9ny, K\u00e1roly cs. k. Tiszti orvos Mv.-en. A zsid\u00f3 hitk\u00f6zs\u00e9g vezet\u0151s\u00e9gi tagja, iskolasz\u00e9ki eln\u00f6k. <br \/><strong>Irod.:<\/strong> Almanah Tg.M.; Id\u0151t\u00e1r 3; M. hadviselt zsid\u00f3k; Mv. \u00e9s a h\u00e1bor\u00fa 2.<\/br><\/p>\n","protected":false},"excerpt":{"rendered":"<p>? \u2020\u00a0?: orvos. \u2013 Testv\u00e9rei: Gyula, L\u00e1z\u00e1r, Jen\u0151, Adolf, Izor. \u2013 Mv.-i orvos, honv\u00e9df\u0151orvos, r\u00e9szt vett az I. vh.-ban, (1914. j\u00fal.\u201318. nov.) kilenc h\u00f3napig volt a fronton. Orosz harct\u00e9ren z\u00e1szl\u00f3alj \u00e9s ezredf\u0151orvos f\u0151n\u00f6k. Kit\u00fcntet\u00e9sei: Br. Sign.L. kardokkal, V\u00f6r\u00f6skereszt tiszti jelv\u00e9ny, K\u00e1roly cs. k. Tiszti orvos Mv.-en. A zsid\u00f3 hitk\u00f6zs\u00e9g vezet\u0151s\u00e9gi tagja, iskolasz\u00e9ki eln\u00f6k. Irod.: Almanah [&hellip;]<\/p>\n","protected":false},"featured_media":0,"comment_status":"open","ping_status":"closed","template":"","meta":[],"product_brand":[],"product_cat":[137],"product_tag":[],"class_list":{"0":"post-14100","1":"product","2":"type-product","3":"status-publish","5":"product_cat-maros-megyei-eletrajzi-lexikon","7":"first","8":"instock","9":"shipping-taxable","10":"product-type-simple"},"_links":{"self":[{"href":"https:\/\/uj.adatbank.ro\/lexikon\/wp-json\/wp\/v2\/product\/14100","targetHints":{"allow":["GET"]}}],"collection":[{"href":"https:\/\/uj.adatbank.ro\/lexikon\/wp-json\/wp\/v2\/product"}],"about":[{"href":"https:\/\/uj.adatbank.ro\/lexikon\/wp-json\/wp\/v2\/types\/product"}],"replies":[{"embeddable":true,"href":"https:\/\/uj.adatbank.ro\/lexikon\/wp-json\/wp\/v2\/comments?post=14100"}],"wp:attachment":[{"href":"https:\/\/uj.adatbank.ro\/lexikon\/wp-json\/wp\/v2\/media?parent=14100"}],"wp:term":[{"taxonomy":"product_brand","embeddable":true,"href":"https:\/\/uj.adatbank.ro\/lexikon\/wp-json\/wp\/v2\/product_brand?post=14100"},{"taxonomy":"product_cat","embeddable":true,"href":"https:\/\/uj.adatbank.ro\/lexikon\/wp-json\/wp\/v2\/product_cat?post=14100"},{"taxonomy":"product_tag","embeddable":true,"href":"https:\/\/uj.adatbank.ro\/lexikon\/wp-json\/wp\/v2\/product_tag?post=14100"}],"curies":[{"name":"wp","href":"https:\/\/api.w.org\/{rel}","templated":true}]}}