{"id":14102,"date":"2025-07-15T12:50:39","date_gmt":"2025-07-15T10:50:39","guid":{"rendered":"https:\/\/uj.adatbank.ro\/lexikon\/termek\/lote-lazar-%c2%a7\/"},"modified":"2025-07-15T12:50:39","modified_gmt":"2025-07-15T10:50:39","slug":"lote-lazar-%c2%a7","status":"publish","type":"product","link":"https:\/\/uj.adatbank.ro\/lexikon\/termek\/lote-lazar-%c2%a7\/","title":{"rendered":"L\u0150TE L\u00e1z\u00e1r, \u00a7"},"content":{"rendered":"<p>Sz\u00e9kelyk\u00e1l, 1879., \u2020 ?: keresked\u0151. \u2013 Testv\u00e9rei: Lajos, Gyula, Jen\u0151, Adolf, Izor. Feles\u00e9ge: \u00c1brah\u00e1m Fruzsina. \u2013 Keresked\u0151 csal\u00e1db\u00f3l sz\u00fcletett. Fels\u0151kereskedelmi \u00e9retts\u00e9git tett Brass\u00f3ban majd mint fatisztvisel\u0151 m\u0171k\u00f6d\u00f6tt, de hamarosan \u00f6n\u00e1ll\u00f3s\u00edtotta mag\u00e1t. Sz\u00e9kelyk\u00e1lon volt malomtulajdonos, Mv.-en a Transylv\u00e1nia sz\u00e1ll\u00f3da b\u00e9rl\u0151je (1919\u2013). R\u00e9szt vett az I. vh.-ban (1914. j\u00fal.\u201318. nov.), az orosz fronton harcolt, megsebes\u00fclt, egy \u00e9vet orosz fogs\u00e1gban t\u00f6ltr\u00f6tt \u00e9s mint hadirokkant t\u00e9rt haza \u0151rmesteri rangban. <strong>Kit\u00fcntet\u00e9sei:<\/strong> K\u00e1roly cs. k., seb. \u00e9rem ig. a. A M. Iparos Egyes\u00fclet titk\u00e1ra, majd aleln\u00f6ke (1925\u2013), mint ilyen sokat f\u00e1radozott a helyi m. iparosok helyzet\u00e9nek jav\u00edt\u00e1s\u00e1n. Megalap\u00edtotta a L\u0151te \u00c1r\u00fah\u00e1z n\u00e9ven r\u00f6vid\u00e1r\u00fa\u00fczlet\u00e9t (1926), melyet feles\u00e9g\u00e9vel k\u00f6z\u00f6sen vezetett, 7 alkalmazotja volt. A MP int\u00e9z\u0151bizotts\u00e1g\u00e1nak, a Dalm\u0171j\u00e1tsz\u00f3 T\u00e1rsas\u00e1g, a kaszin\u00f3 \u00e9s t\u00f6bb m\u00e1s egyes\u00fclet tagja volt. A sport fejleszt\u00e9se ter\u00e9n is \u00e9rdemei voltak: az MTE eln\u00f6ke, a MSE alap\u00edt\u00f3 tagja volt. <br \/><strong>Irod.:<\/strong> Id\u0151t\u00e1r 3; Ki kicsoda?; M. hadviselt zsid\u00f3k; Sz\u00e9kelyf\u00f6ld \u00ed.k.; Visnai<\/br><\/p>\n","protected":false},"excerpt":{"rendered":"<p>Sz\u00e9kelyk\u00e1l, 1879., \u2020 ?: keresked\u0151. \u2013 Testv\u00e9rei: Lajos, Gyula, Jen\u0151, Adolf, Izor. Feles\u00e9ge: \u00c1brah\u00e1m Fruzsina. \u2013 Keresked\u0151 csal\u00e1db\u00f3l sz\u00fcletett. Fels\u0151kereskedelmi \u00e9retts\u00e9git tett Brass\u00f3ban majd mint fatisztvisel\u0151 m\u0171k\u00f6d\u00f6tt, de hamarosan \u00f6n\u00e1ll\u00f3s\u00edtotta mag\u00e1t. Sz\u00e9kelyk\u00e1lon volt malomtulajdonos, Mv.-en a Transylv\u00e1nia sz\u00e1ll\u00f3da b\u00e9rl\u0151je (1919\u2013). R\u00e9szt vett az I. vh.-ban (1914. j\u00fal.\u201318. nov.), az orosz fronton harcolt, megsebes\u00fclt, egy \u00e9vet [&hellip;]<\/p>\n","protected":false},"featured_media":0,"comment_status":"open","ping_status":"closed","template":"","meta":[],"product_brand":[],"product_cat":[137],"product_tag":[],"class_list":{"0":"post-14102","1":"product","2":"type-product","3":"status-publish","5":"product_cat-maros-megyei-eletrajzi-lexikon","7":"first","8":"instock","9":"shipping-taxable","10":"product-type-simple"},"_links":{"self":[{"href":"https:\/\/uj.adatbank.ro\/lexikon\/wp-json\/wp\/v2\/product\/14102","targetHints":{"allow":["GET"]}}],"collection":[{"href":"https:\/\/uj.adatbank.ro\/lexikon\/wp-json\/wp\/v2\/product"}],"about":[{"href":"https:\/\/uj.adatbank.ro\/lexikon\/wp-json\/wp\/v2\/types\/product"}],"replies":[{"embeddable":true,"href":"https:\/\/uj.adatbank.ro\/lexikon\/wp-json\/wp\/v2\/comments?post=14102"}],"wp:attachment":[{"href":"https:\/\/uj.adatbank.ro\/lexikon\/wp-json\/wp\/v2\/media?parent=14102"}],"wp:term":[{"taxonomy":"product_brand","embeddable":true,"href":"https:\/\/uj.adatbank.ro\/lexikon\/wp-json\/wp\/v2\/product_brand?post=14102"},{"taxonomy":"product_cat","embeddable":true,"href":"https:\/\/uj.adatbank.ro\/lexikon\/wp-json\/wp\/v2\/product_cat?post=14102"},{"taxonomy":"product_tag","embeddable":true,"href":"https:\/\/uj.adatbank.ro\/lexikon\/wp-json\/wp\/v2\/product_tag?post=14102"}],"curies":[{"name":"wp","href":"https:\/\/api.w.org\/{rel}","templated":true}]}}