{"id":14103,"date":"2025-07-15T12:50:41","date_gmt":"2025-07-15T10:50:41","guid":{"rendered":"https:\/\/uj.adatbank.ro\/lexikon\/termek\/louidor-louisdor-jean\/"},"modified":"2025-07-15T12:50:41","modified_gmt":"2025-07-15T10:50:41","slug":"louidor-louisdor-jean","status":"publish","type":"product","link":"https:\/\/uj.adatbank.ro\/lexikon\/termek\/louidor-louisdor-jean\/","title":{"rendered":"LOUIDOR; Louisdor Jean"},"content":{"rendered":"<p>? \u2020\u00a0?\u00a0: \u00e9p\u00edt\u00e9sz. \u2013 A Toldalaghi palota egyik \u00e9p\u00edt\u0151je (1759\u2013). <br \/><strong>Irod.:<\/strong> Id\u0151t\u00e1r 1<\/br><\/p>\n","protected":false},"excerpt":{"rendered":"<p>? \u2020\u00a0?\u00a0: \u00e9p\u00edt\u00e9sz. \u2013 A Toldalaghi palota egyik \u00e9p\u00edt\u0151je (1759\u2013). Irod.: Id\u0151t\u00e1r 1<\/p>\n","protected":false},"featured_media":0,"comment_status":"open","ping_status":"closed","template":"","meta":[],"product_brand":[],"product_cat":[137],"product_tag":[],"class_list":{"0":"post-14103","1":"product","2":"type-product","3":"status-publish","5":"product_cat-maros-megyei-eletrajzi-lexikon","7":"first","8":"instock","9":"shipping-taxable","10":"product-type-simple"},"_links":{"self":[{"href":"https:\/\/uj.adatbank.ro\/lexikon\/wp-json\/wp\/v2\/product\/14103","targetHints":{"allow":["GET"]}}],"collection":[{"href":"https:\/\/uj.adatbank.ro\/lexikon\/wp-json\/wp\/v2\/product"}],"about":[{"href":"https:\/\/uj.adatbank.ro\/lexikon\/wp-json\/wp\/v2\/types\/product"}],"replies":[{"embeddable":true,"href":"https:\/\/uj.adatbank.ro\/lexikon\/wp-json\/wp\/v2\/comments?post=14103"}],"wp:attachment":[{"href":"https:\/\/uj.adatbank.ro\/lexikon\/wp-json\/wp\/v2\/media?parent=14103"}],"wp:term":[{"taxonomy":"product_brand","embeddable":true,"href":"https:\/\/uj.adatbank.ro\/lexikon\/wp-json\/wp\/v2\/product_brand?post=14103"},{"taxonomy":"product_cat","embeddable":true,"href":"https:\/\/uj.adatbank.ro\/lexikon\/wp-json\/wp\/v2\/product_cat?post=14103"},{"taxonomy":"product_tag","embeddable":true,"href":"https:\/\/uj.adatbank.ro\/lexikon\/wp-json\/wp\/v2\/product_tag?post=14103"}],"curies":[{"name":"wp","href":"https:\/\/api.w.org\/{rel}","templated":true}]}}