{"id":14108,"date":"2025-07-15T12:50:52","date_gmt":"2025-07-15T10:50:52","guid":{"rendered":"https:\/\/uj.adatbank.ro\/lexikon\/termek\/lovassy-marton\/"},"modified":"2025-07-15T12:50:52","modified_gmt":"2025-07-15T10:50:52","slug":"lovassy-marton","status":"publish","type":"product","link":"https:\/\/uj.adatbank.ro\/lexikon\/termek\/lovassy-marton\/","title":{"rendered":"LOVASSY M\u00e1rton"},"content":{"rendered":"<p>Abony, 1861. \u00e1pr. 18., \u2020 ?: \u00e1llamvas\u00fati \u00e1llom\u00e1sf\u0151n\u00f6k. \u2013 K\u00f6z\u00e9piskolai tanulm\u00e1nyait Debrecenben v\u00e9gezte (1871\u201378); ezut\u00e1n Bp.-en k\u00f6z\u00e9pkereskedelmi iskolai tanulm\u00e1nyokat folytatott (1875\u201379). Sz\u00fcl\u0151f\u00f6ldj\u00e9n a k\u00f6zs\u00e9gi jegyz\u0151i irod\u00e1ban nyert alkalmaz\u00e1st (1879); nemsok\u00e1ra az \u00e1llamvasutak szolg\u00e1lat\u00e1ba l\u00e9pett mint gyakornok. K\u00fcl\u00f6nb\u00f6z\u0151 szolg\u00e1lati fokozatokon kereszt\u00fcl Szolnokon, Szecs\u0151n, P\u00fcsp\u00f6klad\u00e1nyban, B\u00e1ldon (1889), Kar\u00e1csonyfalv\u00e1n (1890), R\u00e9ven, Feleden, Nagy-Diszn\u00f3don, Segesv\u00e1rt (1897) \u00e9s Sz\u00e9pviz-Szent-Mih\u00e1lyon m\u0171k\u00f6d\u00f6tt; ez ut\u00f3bbi helyen \u00e1llom\u00e1sf\u0151n\u00f6k. Galambteny\u00e9szt\u00e9ssel szakszer\u0171en foglalkozott. Cikkei a Sz\u00e1rnyasainkban (1898. A segesv\u00e1ri ki\u00e1ll\u00edt\u00e1sr\u00f3l, A d\u00e1n szarka-galamb, A galiciai ez\u00fcst-szark\u00e1r\u00f3l, Reminiscenci\u00e1k, A galamboknak t\u00e9li elk\u00fcl\u00f6n\u00edt\u00e9s\u00e9r\u0151l, 1899. A galambok k\u00f6lt\u00e9s\u00e9r\u0151l, Kikel\u00e9st\u0151l a kirep\u00fcl\u00e9sig, S\u00e1rga Wyandotte); a Zoologiai Lapokban (1899. Galambjaink eredet\u00e9r\u0151l); a Baromfiteny\u00e9szt\u00e9si Lapokban (1900. Mi\u00e9rt bukik a purcli-galamb?); ezenk\u00edv\u00fcl a P\u00e1sztor Ferencz szerkeszt\u00e9s\u00e9ben megjelent J\u00e1sz-Nagy-Kun-Szolnok c. hetilapban n\u00e9h\u00e1ny lirai k\u00f6ltem\u00e9nye L-y M-n. jegy alatt. <br \/><strong>Irod.:<\/strong> Szinnyei<\/br><\/p>\n","protected":false},"excerpt":{"rendered":"<p>Abony, 1861. \u00e1pr. 18., \u2020 ?: \u00e1llamvas\u00fati \u00e1llom\u00e1sf\u0151n\u00f6k. \u2013 K\u00f6z\u00e9piskolai tanulm\u00e1nyait Debrecenben v\u00e9gezte (1871\u201378); ezut\u00e1n Bp.-en k\u00f6z\u00e9pkereskedelmi iskolai tanulm\u00e1nyokat folytatott (1875\u201379). Sz\u00fcl\u0151f\u00f6ldj\u00e9n a k\u00f6zs\u00e9gi jegyz\u0151i irod\u00e1ban nyert alkalmaz\u00e1st (1879); nemsok\u00e1ra az \u00e1llamvasutak szolg\u00e1lat\u00e1ba l\u00e9pett mint gyakornok. K\u00fcl\u00f6nb\u00f6z\u0151 szolg\u00e1lati fokozatokon kereszt\u00fcl Szolnokon, Szecs\u0151n, P\u00fcsp\u00f6klad\u00e1nyban, B\u00e1ldon (1889), Kar\u00e1csonyfalv\u00e1n (1890), R\u00e9ven, Feleden, Nagy-Diszn\u00f3don, Segesv\u00e1rt (1897) \u00e9s Sz\u00e9pviz-Szent-Mih\u00e1lyon m\u0171k\u00f6d\u00f6tt; [&hellip;]<\/p>\n","protected":false},"featured_media":0,"comment_status":"open","ping_status":"closed","template":"","meta":[],"product_brand":[],"product_cat":[137],"product_tag":[],"class_list":{"0":"post-14108","1":"product","2":"type-product","3":"status-publish","5":"product_cat-maros-megyei-eletrajzi-lexikon","7":"first","8":"instock","9":"shipping-taxable","10":"product-type-simple"},"_links":{"self":[{"href":"https:\/\/uj.adatbank.ro\/lexikon\/wp-json\/wp\/v2\/product\/14108","targetHints":{"allow":["GET"]}}],"collection":[{"href":"https:\/\/uj.adatbank.ro\/lexikon\/wp-json\/wp\/v2\/product"}],"about":[{"href":"https:\/\/uj.adatbank.ro\/lexikon\/wp-json\/wp\/v2\/types\/product"}],"replies":[{"embeddable":true,"href":"https:\/\/uj.adatbank.ro\/lexikon\/wp-json\/wp\/v2\/comments?post=14108"}],"wp:attachment":[{"href":"https:\/\/uj.adatbank.ro\/lexikon\/wp-json\/wp\/v2\/media?parent=14108"}],"wp:term":[{"taxonomy":"product_brand","embeddable":true,"href":"https:\/\/uj.adatbank.ro\/lexikon\/wp-json\/wp\/v2\/product_brand?post=14108"},{"taxonomy":"product_cat","embeddable":true,"href":"https:\/\/uj.adatbank.ro\/lexikon\/wp-json\/wp\/v2\/product_cat?post=14108"},{"taxonomy":"product_tag","embeddable":true,"href":"https:\/\/uj.adatbank.ro\/lexikon\/wp-json\/wp\/v2\/product_tag?post=14108"}],"curies":[{"name":"wp","href":"https:\/\/api.w.org\/{rel}","templated":true}]}}