{"id":14110,"date":"2025-07-15T12:50:56","date_gmt":"2025-07-15T10:50:56","guid":{"rendered":"https:\/\/uj.adatbank.ro\/lexikon\/termek\/lovasz-jambor-ferenc\/"},"modified":"2025-07-15T12:50:56","modified_gmt":"2025-07-15T10:50:56","slug":"lovasz-jambor-ferenc","status":"publish","type":"product","link":"https:\/\/uj.adatbank.ro\/lexikon\/termek\/lovasz-jambor-ferenc\/","title":{"rendered":"LOV\u00c1SZ J\u00c1MBOR Ferenc"},"content":{"rendered":"<p>Magyar\u00f3, 1869, \u2020\u00a0Magyar\u00f3, 1961: \u00e1llatgy\u00f3gy\u00e1sz. \u2013 Magyar\u00f3n \u00f3ri\u00e1si szaktekint\u00e9lynek \u00f6rvendett, az eg\u00e9sz k\u00f6rny\u00e9ken az \u00e1llatgy\u00f3gy\u00edt\u00e1s ter\u00e9n a k\u00e9t vh. k\u00f6z\u00f6tt \u00e9s ut\u00e1na is. M\u00e9g a k\u00f6rzeti \u00e1llatorvos is sz\u00e1mos esetben ig\u00e9nybe vette tud\u00e1s\u00e1t. <br \/><strong>Irod.:<\/strong> Magyar\u00f3 h\u00e9tk\u00f6znapjai<\/br><\/p>\n","protected":false},"excerpt":{"rendered":"<p>Magyar\u00f3, 1869, \u2020\u00a0Magyar\u00f3, 1961: \u00e1llatgy\u00f3gy\u00e1sz. \u2013 Magyar\u00f3n \u00f3ri\u00e1si szaktekint\u00e9lynek \u00f6rvendett, az eg\u00e9sz k\u00f6rny\u00e9ken az \u00e1llatgy\u00f3gy\u00edt\u00e1s ter\u00e9n a k\u00e9t vh. k\u00f6z\u00f6tt \u00e9s ut\u00e1na is. M\u00e9g a k\u00f6rzeti \u00e1llatorvos is sz\u00e1mos esetben ig\u00e9nybe vette tud\u00e1s\u00e1t. Irod.: Magyar\u00f3 h\u00e9tk\u00f6znapjai<\/p>\n","protected":false},"featured_media":0,"comment_status":"open","ping_status":"closed","template":"","meta":[],"product_brand":[],"product_cat":[137],"product_tag":[],"class_list":{"0":"post-14110","1":"product","2":"type-product","3":"status-publish","5":"product_cat-maros-megyei-eletrajzi-lexikon","7":"first","8":"instock","9":"shipping-taxable","10":"product-type-simple"},"_links":{"self":[{"href":"https:\/\/uj.adatbank.ro\/lexikon\/wp-json\/wp\/v2\/product\/14110","targetHints":{"allow":["GET"]}}],"collection":[{"href":"https:\/\/uj.adatbank.ro\/lexikon\/wp-json\/wp\/v2\/product"}],"about":[{"href":"https:\/\/uj.adatbank.ro\/lexikon\/wp-json\/wp\/v2\/types\/product"}],"replies":[{"embeddable":true,"href":"https:\/\/uj.adatbank.ro\/lexikon\/wp-json\/wp\/v2\/comments?post=14110"}],"wp:attachment":[{"href":"https:\/\/uj.adatbank.ro\/lexikon\/wp-json\/wp\/v2\/media?parent=14110"}],"wp:term":[{"taxonomy":"product_brand","embeddable":true,"href":"https:\/\/uj.adatbank.ro\/lexikon\/wp-json\/wp\/v2\/product_brand?post=14110"},{"taxonomy":"product_cat","embeddable":true,"href":"https:\/\/uj.adatbank.ro\/lexikon\/wp-json\/wp\/v2\/product_cat?post=14110"},{"taxonomy":"product_tag","embeddable":true,"href":"https:\/\/uj.adatbank.ro\/lexikon\/wp-json\/wp\/v2\/product_tag?post=14110"}],"curies":[{"name":"wp","href":"https:\/\/api.w.org\/{rel}","templated":true}]}}