{"id":14111,"date":"2025-07-15T12:50:58","date_gmt":"2025-07-15T10:50:58","guid":{"rendered":"https:\/\/uj.adatbank.ro\/lexikon\/termek\/lovasz-jozsef\/"},"modified":"2025-07-15T12:50:58","modified_gmt":"2025-07-15T10:50:58","slug":"lovasz-jozsef","status":"publish","type":"product","link":"https:\/\/uj.adatbank.ro\/lexikon\/termek\/lovasz-jozsef\/","title":{"rendered":"LOV\u00c1SZ J\u00f3zsef"},"content":{"rendered":"<p>Sz\u00e1szlekence, 1899, \u2020 Mv.,1967. m\u00e1rc. 7. : jegyz\u0151; banktisztvisel\u0151. \u2013 Mv.-en volt c\u00e9gjegyz\u0151. R\u00e9szt vett az I. vh.-ban (1917\u201318), az olasz fronton harcolt, a piavei offenziv\u00e1ban megsebes\u00fclt. Mint z\u00e1szl\u00f3s szerelt le kit\u00fcntet\u00e9sekkel. Bekapcsol\u00f3dott a szakszervezeti mozgalomba, a RKP tagja lett (1927). Felel\u0151s beoszt\u00e1sban dolgozott a mv.-i Nemzeti Bank tartom\u00e1nyi fi\u00f3kj\u00e1n\u00e1l, amelynek t\u00f6bb \u00e9ven \u00e1t igazgat\u00f3ja is volt. Az RKP Tartom\u00e1nyi Rev\u00edzi\u00f3s Bizotts\u00e1g\u00e1nak tagja. Tev\u00e9kenys\u00e9g\u00e9\u00e9rt a RSZK \u00e9rdemrendjeivel \u00e9s \u00e9rdem\u00e9rmeivel t\u00fcntett\u00e9k ki. <br \/><strong>Irod.:<\/strong> Erd\u00e9lyi ezredek; L. J. [Nekrol\u00f3g] (V. Z.,1967. m\u00e1rc. 9.)<\/br><\/p>\n","protected":false},"excerpt":{"rendered":"<p>Sz\u00e1szlekence, 1899, \u2020 Mv.,1967. m\u00e1rc. 7. : jegyz\u0151; banktisztvisel\u0151. \u2013 Mv.-en volt c\u00e9gjegyz\u0151. R\u00e9szt vett az I. vh.-ban (1917\u201318), az olasz fronton harcolt, a piavei offenziv\u00e1ban megsebes\u00fclt. Mint z\u00e1szl\u00f3s szerelt le kit\u00fcntet\u00e9sekkel. Bekapcsol\u00f3dott a szakszervezeti mozgalomba, a RKP tagja lett (1927). Felel\u0151s beoszt\u00e1sban dolgozott a mv.-i Nemzeti Bank tartom\u00e1nyi fi\u00f3kj\u00e1n\u00e1l, amelynek t\u00f6bb \u00e9ven \u00e1t igazgat\u00f3ja [&hellip;]<\/p>\n","protected":false},"featured_media":0,"comment_status":"open","ping_status":"closed","template":"","meta":[],"product_brand":[],"product_cat":[137],"product_tag":[],"class_list":{"0":"post-14111","1":"product","2":"type-product","3":"status-publish","5":"product_cat-maros-megyei-eletrajzi-lexikon","7":"first","8":"instock","9":"shipping-taxable","10":"product-type-simple"},"_links":{"self":[{"href":"https:\/\/uj.adatbank.ro\/lexikon\/wp-json\/wp\/v2\/product\/14111","targetHints":{"allow":["GET"]}}],"collection":[{"href":"https:\/\/uj.adatbank.ro\/lexikon\/wp-json\/wp\/v2\/product"}],"about":[{"href":"https:\/\/uj.adatbank.ro\/lexikon\/wp-json\/wp\/v2\/types\/product"}],"replies":[{"embeddable":true,"href":"https:\/\/uj.adatbank.ro\/lexikon\/wp-json\/wp\/v2\/comments?post=14111"}],"wp:attachment":[{"href":"https:\/\/uj.adatbank.ro\/lexikon\/wp-json\/wp\/v2\/media?parent=14111"}],"wp:term":[{"taxonomy":"product_brand","embeddable":true,"href":"https:\/\/uj.adatbank.ro\/lexikon\/wp-json\/wp\/v2\/product_brand?post=14111"},{"taxonomy":"product_cat","embeddable":true,"href":"https:\/\/uj.adatbank.ro\/lexikon\/wp-json\/wp\/v2\/product_cat?post=14111"},{"taxonomy":"product_tag","embeddable":true,"href":"https:\/\/uj.adatbank.ro\/lexikon\/wp-json\/wp\/v2\/product_tag?post=14111"}],"curies":[{"name":"wp","href":"https:\/\/api.w.org\/{rel}","templated":true}]}}