{"id":14114,"date":"2025-07-15T12:51:02","date_gmt":"2025-07-15T10:51:02","guid":{"rendered":"https:\/\/uj.adatbank.ro\/lexikon\/termek\/low-wilhelm\/"},"modified":"2025-07-15T12:51:02","modified_gmt":"2025-07-15T10:51:02","slug":"low-wilhelm","status":"publish","type":"product","link":"https:\/\/uj.adatbank.ro\/lexikon\/termek\/low-wilhelm\/","title":{"rendered":"L\u00d6W Wilhelm"},"content":{"rendered":"<p>Segesv\u00e1r, 1860. j\u00fal. 13., \u2020 Segesv\u00e1r, 1939. szept. 19 : textilgy\u00e1ros. \u2013 Fiai: Wilhelem \u00e9s Rich\u00e1rd. \u2013 A k\u00f6z\u00e9piskola elv\u00e9gz\u00e9se ut\u00e1n apja textilgy\u00e1r\u00e1t vette \u00e1t Segesv\u00e1ron. 80\u2013100 munk\u00e1st foglalkoztatott, \u00e9s nagy h\u00edrn\u00e9vnek \u00f6rvendett. A gy\u00e1r term\u00e9keivel Bp.-en arany\u00e9rmet nyert (1896), egy \u00e9v m\u00falva Buk.-ben szint\u00e9n. Fiai a gy\u00e1rat tov\u00e1bbfejlesztett\u00e9k. <br \/><strong>Irod.:<\/strong> Lexiconul vie\u0163ii publice<\/br><\/p>\n","protected":false},"excerpt":{"rendered":"<p>Segesv\u00e1r, 1860. j\u00fal. 13., \u2020 Segesv\u00e1r, 1939. szept. 19 : textilgy\u00e1ros. \u2013 Fiai: Wilhelem \u00e9s Rich\u00e1rd. \u2013 A k\u00f6z\u00e9piskola elv\u00e9gz\u00e9se ut\u00e1n apja textilgy\u00e1r\u00e1t vette \u00e1t Segesv\u00e1ron. 80\u2013100 munk\u00e1st foglalkoztatott, \u00e9s nagy h\u00edrn\u00e9vnek \u00f6rvendett. A gy\u00e1r term\u00e9keivel Bp.-en arany\u00e9rmet nyert (1896), egy \u00e9v m\u00falva Buk.-ben szint\u00e9n. Fiai a gy\u00e1rat tov\u00e1bbfejlesztett\u00e9k. Irod.: Lexiconul vie\u0163ii publice<\/p>\n","protected":false},"featured_media":0,"comment_status":"open","ping_status":"closed","template":"","meta":[],"product_brand":[],"product_cat":[137],"product_tag":[],"class_list":{"0":"post-14114","1":"product","2":"type-product","3":"status-publish","5":"product_cat-maros-megyei-eletrajzi-lexikon","7":"first","8":"instock","9":"shipping-taxable","10":"product-type-simple"},"_links":{"self":[{"href":"https:\/\/uj.adatbank.ro\/lexikon\/wp-json\/wp\/v2\/product\/14114","targetHints":{"allow":["GET"]}}],"collection":[{"href":"https:\/\/uj.adatbank.ro\/lexikon\/wp-json\/wp\/v2\/product"}],"about":[{"href":"https:\/\/uj.adatbank.ro\/lexikon\/wp-json\/wp\/v2\/types\/product"}],"replies":[{"embeddable":true,"href":"https:\/\/uj.adatbank.ro\/lexikon\/wp-json\/wp\/v2\/comments?post=14114"}],"wp:attachment":[{"href":"https:\/\/uj.adatbank.ro\/lexikon\/wp-json\/wp\/v2\/media?parent=14114"}],"wp:term":[{"taxonomy":"product_brand","embeddable":true,"href":"https:\/\/uj.adatbank.ro\/lexikon\/wp-json\/wp\/v2\/product_brand?post=14114"},{"taxonomy":"product_cat","embeddable":true,"href":"https:\/\/uj.adatbank.ro\/lexikon\/wp-json\/wp\/v2\/product_cat?post=14114"},{"taxonomy":"product_tag","embeddable":true,"href":"https:\/\/uj.adatbank.ro\/lexikon\/wp-json\/wp\/v2\/product_tag?post=14114"}],"curies":[{"name":"wp","href":"https:\/\/api.w.org\/{rel}","templated":true}]}}