{"id":14117,"date":"2025-07-15T12:51:09","date_gmt":"2025-07-15T10:51:09","guid":{"rendered":"https:\/\/uj.adatbank.ro\/lexikon\/termek\/lowy-margit\/"},"modified":"2025-07-15T12:51:09","modified_gmt":"2025-07-15T10:51:09","slug":"lowy-margit","status":"publish","type":"product","link":"https:\/\/uj.adatbank.ro\/lexikon\/termek\/lowy-margit\/","title":{"rendered":"L\u0150WY Margit"},"content":{"rendered":"<p>? \u2020\u00a0?: orvos. \u2013 Apja. L\u00f6wy Ferenc, rabbi Mv.-en. \u2013 Mv.-en nyitotta meg rendel\u0151j\u00e9t (1928) A mv.-i Kaszin\u00f3 egyik els\u0151 n\u0151i tagja (1932). Gyermekgy\u00f3gy\u00e1sz orvos A KZSIT tagja (1935\u2013)..Val\u00f3sz\u00edn\u0171, hogy apj\u00e1val egy\u00fctt hunyt el Auschwitzban. <br \/><strong>Irod.:<\/strong> Kiss Cs. M; P\u00e1l-Antal- Szab\u00f3<\/br><\/p>\n","protected":false},"excerpt":{"rendered":"<p>? \u2020\u00a0?: orvos. \u2013 Apja. L\u00f6wy Ferenc, rabbi Mv.-en. \u2013 Mv.-en nyitotta meg rendel\u0151j\u00e9t (1928) A mv.-i Kaszin\u00f3 egyik els\u0151 n\u0151i tagja (1932). Gyermekgy\u00f3gy\u00e1sz orvos A KZSIT tagja (1935\u2013)..Val\u00f3sz\u00edn\u0171, hogy apj\u00e1val egy\u00fctt hunyt el Auschwitzban. Irod.: Kiss Cs. M; P\u00e1l-Antal- Szab\u00f3<\/p>\n","protected":false},"featured_media":0,"comment_status":"open","ping_status":"closed","template":"","meta":[],"product_brand":[],"product_cat":[137],"product_tag":[],"class_list":{"0":"post-14117","1":"product","2":"type-product","3":"status-publish","5":"product_cat-maros-megyei-eletrajzi-lexikon","7":"first","8":"instock","9":"shipping-taxable","10":"product-type-simple"},"_links":{"self":[{"href":"https:\/\/uj.adatbank.ro\/lexikon\/wp-json\/wp\/v2\/product\/14117","targetHints":{"allow":["GET"]}}],"collection":[{"href":"https:\/\/uj.adatbank.ro\/lexikon\/wp-json\/wp\/v2\/product"}],"about":[{"href":"https:\/\/uj.adatbank.ro\/lexikon\/wp-json\/wp\/v2\/types\/product"}],"replies":[{"embeddable":true,"href":"https:\/\/uj.adatbank.ro\/lexikon\/wp-json\/wp\/v2\/comments?post=14117"}],"wp:attachment":[{"href":"https:\/\/uj.adatbank.ro\/lexikon\/wp-json\/wp\/v2\/media?parent=14117"}],"wp:term":[{"taxonomy":"product_brand","embeddable":true,"href":"https:\/\/uj.adatbank.ro\/lexikon\/wp-json\/wp\/v2\/product_brand?post=14117"},{"taxonomy":"product_cat","embeddable":true,"href":"https:\/\/uj.adatbank.ro\/lexikon\/wp-json\/wp\/v2\/product_cat?post=14117"},{"taxonomy":"product_tag","embeddable":true,"href":"https:\/\/uj.adatbank.ro\/lexikon\/wp-json\/wp\/v2\/product_tag?post=14117"}],"curies":[{"name":"wp","href":"https:\/\/api.w.org\/{rel}","templated":true}]}}