{"id":14119,"date":"2025-07-15T12:51:13","date_gmt":"2025-07-15T10:51:13","guid":{"rendered":"https:\/\/uj.adatbank.ro\/lexikon\/termek\/luca-a-ioan-%c2%a7\/"},"modified":"2025-07-15T12:51:13","modified_gmt":"2025-07-15T10:51:13","slug":"luca-a-ioan-%c2%a7","status":"publish","type":"product","link":"https:\/\/uj.adatbank.ro\/lexikon\/termek\/luca-a-ioan-%c2%a7\/","title":{"rendered":"LUCA, A. Ioan, \u00a7"},"content":{"rendered":"<p>Muska, 1909. m\u00e1j. 2., \u2020 Marosludas, 1985. m\u00e1j. 24.: tan\u00edt\u00f3, polg\u00e1rmester. \u2013 Iskol\u00e1it sz\u00fcl\u0151faluj\u00e1ban, gimn.-ot Top\u00e1nfalv\u00e1n, a tan\u00edt\u00f3k\u00e9pz\u0151t Ploiestin v\u00e9gezte. Els\u0151 munkahelye Cintos, ahol igazgat\u00f3 is volt. Pezsg\u0151 kult\u00far\u00e9letet teremtett, t\u00e1nccsoportot, k\u00f3rust alak\u00edtott. T\u00e1nccsoportj\u00e1val r\u00e9szt vett Berlinben a nemzetk\u00f6zi folkl\u00f3rfesztiv\u00e1lon (1936). Cintoson \u00faj iskol\u00e1t \u00e9p\u00edttetett, ami\u00e9rt kit\u00fcntett\u00e9k a \u201dR\u0103splata muncii pentru construc\u0163iuni \u015fcolare\u201d Az iskola\u00e9p\u00edt\u00e9s\u00e9rt \u00e9rdemrenddel. A sz\u00e9lesk\u00f6r\u0171 takar\u00e9koss\u00e1gra val\u00f3 nevel\u00e9s\u00e9rt a Takar\u00e9kp\u00e9nzt\u00e1r \u00c9rdemoklevel\u00e9vel jutalmazt\u00e1k (1938). R\u00e9szt vett a II. vh.-ban, ahol h\u0151siess\u00e9g\u00e9t I.Mih\u00e1ly kir\u00e1ly a \u201eB\u0103rb\u0103\u0163ie \u015fi credin\u0163\u0103\u201d F\u00e9rfiass\u00e1g \u00e9s Hit \u00e9remmel t\u00fcntette ki. Megb\u00edzt\u00e1k Ludas v\u00e1ros els\u0151 lic.-nak megszervez\u00e9s\u00e9vel, amelynek igazgat\u00f3ja is volt (1953). Ludas k\u00f6zs\u00e9g utols\u00f3 (1956\u20131960) \u00e9s Ludas v\u00e1ros els\u0151 polg\u00e1rmestere (1960\u20131961). Polg\u00e1rmesters\u00e9ge ut\u00e1n \u00fajb\u00f3l a 2-es sz. \u00c1ltal\u00e1nos Iskola igazgat\u00f3ja (1961\u2013), amelynek fel\u00e9p\u00edt\u00e9se \u00e9s felszerel\u00e9se az \u0151 ir\u00e1ny\u00edt\u00e1s\u00e1val t\u00f6rt\u00e9nt. Azon kev\u00e9s taner\u0151k k\u00f6z\u00e9 tartozott, akit Rom\u00e1nia n\u00e9gy \u00e1llamf\u0151je t\u00fcntetett ki: II.K\u00e1roly kir\u00e1ly, I. Mih\u00e1ly kir\u00e1ly, Gheorghe Gheorghiu Dej, N. Ceau\u015fescu. Megkapta a Steaua Rom\u00e2niei Rom\u00e1nia Csillaga kit\u00fcntet\u00e9st (1974). Post mortem Ludas v\u00e1ros d\u00edszpolg\u00e1r\u00e1v\u00e1 avatt\u00e1k, az \u00e1ltala \u00e9p\u00edtett iskola felvette az \u0151 nev\u00e9t. <br \/><strong>Irod.:<\/strong> Dasc\u0103li mure\u015feni, 1<\/br><\/p>\n","protected":false},"excerpt":{"rendered":"<p>Muska, 1909. m\u00e1j. 2., \u2020 Marosludas, 1985. m\u00e1j. 24.: tan\u00edt\u00f3, polg\u00e1rmester. \u2013 Iskol\u00e1it sz\u00fcl\u0151faluj\u00e1ban, gimn.-ot Top\u00e1nfalv\u00e1n, a tan\u00edt\u00f3k\u00e9pz\u0151t Ploiestin v\u00e9gezte. Els\u0151 munkahelye Cintos, ahol igazgat\u00f3 is volt. Pezsg\u0151 kult\u00far\u00e9letet teremtett, t\u00e1nccsoportot, k\u00f3rust alak\u00edtott. T\u00e1nccsoportj\u00e1val r\u00e9szt vett Berlinben a nemzetk\u00f6zi folkl\u00f3rfesztiv\u00e1lon (1936). Cintoson \u00faj iskol\u00e1t \u00e9p\u00edttetett, ami\u00e9rt kit\u00fcntett\u00e9k a \u201dR\u0103splata muncii pentru construc\u0163iuni \u015fcolare\u201d Az iskola\u00e9p\u00edt\u00e9s\u00e9rt [&hellip;]<\/p>\n","protected":false},"featured_media":0,"comment_status":"open","ping_status":"closed","template":"","meta":[],"product_brand":[],"product_cat":[137],"product_tag":[],"class_list":{"0":"post-14119","1":"product","2":"type-product","3":"status-publish","5":"product_cat-maros-megyei-eletrajzi-lexikon","7":"first","8":"instock","9":"shipping-taxable","10":"product-type-simple"},"_links":{"self":[{"href":"https:\/\/uj.adatbank.ro\/lexikon\/wp-json\/wp\/v2\/product\/14119","targetHints":{"allow":["GET"]}}],"collection":[{"href":"https:\/\/uj.adatbank.ro\/lexikon\/wp-json\/wp\/v2\/product"}],"about":[{"href":"https:\/\/uj.adatbank.ro\/lexikon\/wp-json\/wp\/v2\/types\/product"}],"replies":[{"embeddable":true,"href":"https:\/\/uj.adatbank.ro\/lexikon\/wp-json\/wp\/v2\/comments?post=14119"}],"wp:attachment":[{"href":"https:\/\/uj.adatbank.ro\/lexikon\/wp-json\/wp\/v2\/media?parent=14119"}],"wp:term":[{"taxonomy":"product_brand","embeddable":true,"href":"https:\/\/uj.adatbank.ro\/lexikon\/wp-json\/wp\/v2\/product_brand?post=14119"},{"taxonomy":"product_cat","embeddable":true,"href":"https:\/\/uj.adatbank.ro\/lexikon\/wp-json\/wp\/v2\/product_cat?post=14119"},{"taxonomy":"product_tag","embeddable":true,"href":"https:\/\/uj.adatbank.ro\/lexikon\/wp-json\/wp\/v2\/product_tag?post=14119"}],"curies":[{"name":"wp","href":"https:\/\/api.w.org\/{rel}","templated":true}]}}