{"id":14120,"date":"2025-07-15T12:51:14","date_gmt":"2025-07-15T10:51:14","guid":{"rendered":"https:\/\/uj.adatbank.ro\/lexikon\/termek\/luca-grigore\/"},"modified":"2025-07-15T12:51:14","modified_gmt":"2025-07-15T10:51:14","slug":"luca-grigore","status":"publish","type":"product","link":"https:\/\/uj.adatbank.ro\/lexikon\/termek\/luca-grigore\/","title":{"rendered":"LUCA, Grigore"},"content":{"rendered":"<p>? \u2020 ?: ort. pap, esperes. \u2013 El\u0151sz\u00f6r Orosziban szolg\u00e1lt, majd B\u00e1nffy Gy\u00f6rgy korm\u00e1nyz\u00e1s\u00e1nak idej\u00e9ben Sz\u00e9kelyvaj\u00e1ba ker\u00fclt. Neve a sz\u00e9kelyvajai (V\u0103lenii-Oaia) ort. templom gerend\u00e1j\u00e1ba v\u00e9sve maradt fenn, ahol B\u00e1nffy korm\u00e1nyz\u00f3 seg\u00edts\u00e9g\u00e9vel \u00e9p\u00edtettek \u00faj templomot (1695). <br \/><strong>Irod.:<\/strong> \u015eincan 2006<\/br><\/p>\n","protected":false},"excerpt":{"rendered":"<p>? \u2020 ?: ort. pap, esperes. \u2013 El\u0151sz\u00f6r Orosziban szolg\u00e1lt, majd B\u00e1nffy Gy\u00f6rgy korm\u00e1nyz\u00e1s\u00e1nak idej\u00e9ben Sz\u00e9kelyvaj\u00e1ba ker\u00fclt. Neve a sz\u00e9kelyvajai (V\u0103lenii-Oaia) ort. templom gerend\u00e1j\u00e1ba v\u00e9sve maradt fenn, ahol B\u00e1nffy korm\u00e1nyz\u00f3 seg\u00edts\u00e9g\u00e9vel \u00e9p\u00edtettek \u00faj templomot (1695). Irod.: \u015eincan 2006<\/p>\n","protected":false},"featured_media":0,"comment_status":"open","ping_status":"closed","template":"","meta":[],"product_brand":[],"product_cat":[137],"product_tag":[],"class_list":{"0":"post-14120","1":"product","2":"type-product","3":"status-publish","5":"product_cat-maros-megyei-eletrajzi-lexikon","7":"first","8":"instock","9":"shipping-taxable","10":"product-type-simple"},"_links":{"self":[{"href":"https:\/\/uj.adatbank.ro\/lexikon\/wp-json\/wp\/v2\/product\/14120","targetHints":{"allow":["GET"]}}],"collection":[{"href":"https:\/\/uj.adatbank.ro\/lexikon\/wp-json\/wp\/v2\/product"}],"about":[{"href":"https:\/\/uj.adatbank.ro\/lexikon\/wp-json\/wp\/v2\/types\/product"}],"replies":[{"embeddable":true,"href":"https:\/\/uj.adatbank.ro\/lexikon\/wp-json\/wp\/v2\/comments?post=14120"}],"wp:attachment":[{"href":"https:\/\/uj.adatbank.ro\/lexikon\/wp-json\/wp\/v2\/media?parent=14120"}],"wp:term":[{"taxonomy":"product_brand","embeddable":true,"href":"https:\/\/uj.adatbank.ro\/lexikon\/wp-json\/wp\/v2\/product_brand?post=14120"},{"taxonomy":"product_cat","embeddable":true,"href":"https:\/\/uj.adatbank.ro\/lexikon\/wp-json\/wp\/v2\/product_cat?post=14120"},{"taxonomy":"product_tag","embeddable":true,"href":"https:\/\/uj.adatbank.ro\/lexikon\/wp-json\/wp\/v2\/product_tag?post=14120"}],"curies":[{"name":"wp","href":"https:\/\/api.w.org\/{rel}","templated":true}]}}