{"id":14121,"date":"2025-07-15T12:51:17","date_gmt":"2025-07-15T10:51:17","guid":{"rendered":"https:\/\/uj.adatbank.ro\/lexikon\/termek\/luca-nicolae\/"},"modified":"2025-07-15T12:51:17","modified_gmt":"2025-07-15T10:51:17","slug":"luca-nicolae","status":"publish","type":"product","link":"https:\/\/uj.adatbank.ro\/lexikon\/termek\/luca-nicolae\/","title":{"rendered":"LUCA, Nicolae"},"content":{"rendered":"<p>1844., \u2020 Nad\u0103\u015fa, 1912. j\u00fan. 23.: ort. tan\u00edt\u00f3. \u2013 Tanulm\u00e1nyai: 4 ped.-i oszt. \u00e9s pedag.-i tanfolyam. G\u00f6rg\u00e9nyn\u00e1dason tan\u00edtott (1891\u2013).<br \/><strong>Irod.:<\/strong> Dobozi<\/br><\/p>\n","protected":false},"excerpt":{"rendered":"<p>1844., \u2020 Nad\u0103\u015fa, 1912. j\u00fan. 23.: ort. tan\u00edt\u00f3. \u2013 Tanulm\u00e1nyai: 4 ped.-i oszt. \u00e9s pedag.-i tanfolyam. G\u00f6rg\u00e9nyn\u00e1dason tan\u00edtott (1891\u2013).Irod.: Dobozi<\/p>\n","protected":false},"featured_media":0,"comment_status":"open","ping_status":"closed","template":"","meta":[],"product_brand":[],"product_cat":[137],"product_tag":[],"class_list":{"0":"post-14121","1":"product","2":"type-product","3":"status-publish","5":"product_cat-maros-megyei-eletrajzi-lexikon","7":"first","8":"instock","9":"shipping-taxable","10":"product-type-simple"},"_links":{"self":[{"href":"https:\/\/uj.adatbank.ro\/lexikon\/wp-json\/wp\/v2\/product\/14121","targetHints":{"allow":["GET"]}}],"collection":[{"href":"https:\/\/uj.adatbank.ro\/lexikon\/wp-json\/wp\/v2\/product"}],"about":[{"href":"https:\/\/uj.adatbank.ro\/lexikon\/wp-json\/wp\/v2\/types\/product"}],"replies":[{"embeddable":true,"href":"https:\/\/uj.adatbank.ro\/lexikon\/wp-json\/wp\/v2\/comments?post=14121"}],"wp:attachment":[{"href":"https:\/\/uj.adatbank.ro\/lexikon\/wp-json\/wp\/v2\/media?parent=14121"}],"wp:term":[{"taxonomy":"product_brand","embeddable":true,"href":"https:\/\/uj.adatbank.ro\/lexikon\/wp-json\/wp\/v2\/product_brand?post=14121"},{"taxonomy":"product_cat","embeddable":true,"href":"https:\/\/uj.adatbank.ro\/lexikon\/wp-json\/wp\/v2\/product_cat?post=14121"},{"taxonomy":"product_tag","embeddable":true,"href":"https:\/\/uj.adatbank.ro\/lexikon\/wp-json\/wp\/v2\/product_tag?post=14121"}],"curies":[{"name":"wp","href":"https:\/\/api.w.org\/{rel}","templated":true}]}}