{"id":14123,"date":"2025-07-15T12:51:20","date_gmt":"2025-07-15T10:51:20","guid":{"rendered":"https:\/\/uj.adatbank.ro\/lexikon\/termek\/luca-stefan-%c2%a7\/"},"modified":"2025-07-15T12:51:20","modified_gmt":"2025-07-15T10:51:20","slug":"luca-stefan-%c2%a7","status":"publish","type":"product","link":"https:\/\/uj.adatbank.ro\/lexikon\/termek\/luca-stefan-%c2%a7\/","title":{"rendered":"LUCA, \u015etefan, \u00a7"},"content":{"rendered":"<p>Bergenye,1924. szept. 7., \u2020 1991, ?: \u00edr\u00f3, \u00fajs\u00e1g\u00edr\u00f3. \u2013 Tan\u00edt\u00f3k\u00e9pz\u0151t v\u00e9gzett Bal\u00e1zsfalv\u00e1n (1943), majd irodalmat tanult a Mihai Eminescu Irodalom Int\u00e9zetben (1952- 54). Mv.-en \u00fajs\u00e1g\u00edr\u00f3 az Ardealul nou c. lapn\u00e1l (1946\u2013), majd kult\u00faraktivista (1952-ig). Buk.-ben szerk. a Contemporanul c. lapn\u00e1l (1954), t\u00f6bb idegen nyelv\u0171 rom\u00e1n kiadv\u00e1ny \u00e9s a Gazeta literar\u0103 c.irodalmi lap szerk.-je (1954\u201368). A Mihai Eminescu Kiad\u00f3 szerk.-s\u00e9g munkat\u00e1rsa (1969\u201372). Munkat\u00e1rs volt a Contemporanul, Gazeta literar\u0103, Sc\u00e2nteia, Luceaf\u0103rul, Sc\u00e2nteia tineretului, T\u00e2n\u0103rul scriitor, Tribuna, Via\u0163a rom\u00e2neasc\u0103 c. lapokn\u00e1l. Buk.-ben versei\u00e9rt megkapta a T\u00e2n\u0103rul scriitor c foly\u00f3irat I. d\u00edj\u00e1t (1953). \u2013 <strong>F. m.:<\/strong> Ci\u015fmele \u015fi noroi (Buc., 1954); Aventurile lui Nucu: (Buc., 1956); Din satul meu (Buc., 1956); Zile de iulie (Buc., 1956); An de \u015fcoal\u0103 (Buc., 1957); Lala (Buc., 1957); C\u0103l\u0103tor pe \u00eentinsul patriei (Buc.,1960); Drumul trece prin p\u0103dure (Buc., 1960); Balul intelectualilor (Buc.,1961, 1964, 1971; Az inteligencia b\u00e1lja, ford. Vigh K\u00e1roly; Buk., 1964); Zile de iulie (Buc., 1961); Itinerar neobi\u015fnuit (Buc.,1962); \u00censemn\u0103rile unui \u00eenv\u0103\u0163\u0103tor (Buc., 1963); Septembrie pe Cri\u015furi (Buc., 1963, 1968); Az intelligencia b\u00e1lja. (Reg\u00e9ny. Ford\u00edtotta: V\u00edgh K\u00e1roly, Buk, 1964); Mo\u015ftenirea (Buc., 1964); S\u0103lcia sup\u0103rat\u0103 (Buc. 1965); Servieta Eleonorei (Buc., 1965); Sub cerul toamnei de atuci (Buc., 1965); Cuib de viespi (Buc., 1966); Penumbre (Buc.,1969); Nu e senin\u0103 diminea\u0163a (Buc.,1970); Cheia de fa (Buc., 1972); antolog.: Comoara cea mare (Buc., 1961); Marea de aur (Buc., 1961); Pe drumul victoriei (Buc.,1961); Prietenul meu de la catedr\u0103 (Buc., 1962); Moment istoric 1\u20132. (Buc., 1962); Nuvela rom\u00e2n\u0103 contemporan\u0103 1\u20133. (Buc., 1964); Clopote de argint (Buc., 1974); <strong>szerk.:<\/strong> S\u00fct\u0151 Andr\u00e1s: Zablujdenia-Salamona (el\u0151sz\u00f3; Buc., 1957); Dulfu, Petre: Ispr\u0103viile lui P\u0103cal\u0103 (el\u0151sz\u00f3; Buc., 1958); Karinthy Frigyes: Da\u0163i-mi voie domnule profesor.(el\u0151sz\u00f3; Buc., 1961, 1977); Maizza, Enzo: Mulatrul (el\u0151sz\u00f3; Buc., 1963); <strong>ford.:<\/strong> F\u00e1y Andr\u00e1s: Fabule (Buc.,1955). <br \/><strong>Irod.:<\/strong> Cosma; Domokos 1966; Domokos 1978; DSR; Personalit\u0103\u0163i Mure\u015fene; Pop Tofolean-F\u00fcl\u00f6p, R\u00e9thy\u2013\u00dajv\u00e1ri\u2013V\u00e1czi<\/br><\/p>\n","protected":false},"excerpt":{"rendered":"<p>Bergenye,1924. szept. 7., \u2020 1991, ?: \u00edr\u00f3, \u00fajs\u00e1g\u00edr\u00f3. \u2013 Tan\u00edt\u00f3k\u00e9pz\u0151t v\u00e9gzett Bal\u00e1zsfalv\u00e1n (1943), majd irodalmat tanult a Mihai Eminescu Irodalom Int\u00e9zetben (1952- 54). Mv.-en \u00fajs\u00e1g\u00edr\u00f3 az Ardealul nou c. lapn\u00e1l (1946\u2013), majd kult\u00faraktivista (1952-ig). Buk.-ben szerk. a Contemporanul c. lapn\u00e1l (1954), t\u00f6bb idegen nyelv\u0171 rom\u00e1n kiadv\u00e1ny \u00e9s a Gazeta literar\u0103 c.irodalmi lap szerk.-je (1954\u201368). A [&hellip;]<\/p>\n","protected":false},"featured_media":0,"comment_status":"open","ping_status":"closed","template":"","meta":[],"product_brand":[],"product_cat":[137],"product_tag":[],"class_list":{"0":"post-14123","1":"product","2":"type-product","3":"status-publish","5":"product_cat-maros-megyei-eletrajzi-lexikon","7":"first","8":"instock","9":"shipping-taxable","10":"product-type-simple"},"_links":{"self":[{"href":"https:\/\/uj.adatbank.ro\/lexikon\/wp-json\/wp\/v2\/product\/14123","targetHints":{"allow":["GET"]}}],"collection":[{"href":"https:\/\/uj.adatbank.ro\/lexikon\/wp-json\/wp\/v2\/product"}],"about":[{"href":"https:\/\/uj.adatbank.ro\/lexikon\/wp-json\/wp\/v2\/types\/product"}],"replies":[{"embeddable":true,"href":"https:\/\/uj.adatbank.ro\/lexikon\/wp-json\/wp\/v2\/comments?post=14123"}],"wp:attachment":[{"href":"https:\/\/uj.adatbank.ro\/lexikon\/wp-json\/wp\/v2\/media?parent=14123"}],"wp:term":[{"taxonomy":"product_brand","embeddable":true,"href":"https:\/\/uj.adatbank.ro\/lexikon\/wp-json\/wp\/v2\/product_brand?post=14123"},{"taxonomy":"product_cat","embeddable":true,"href":"https:\/\/uj.adatbank.ro\/lexikon\/wp-json\/wp\/v2\/product_cat?post=14123"},{"taxonomy":"product_tag","embeddable":true,"href":"https:\/\/uj.adatbank.ro\/lexikon\/wp-json\/wp\/v2\/product_tag?post=14123"}],"curies":[{"name":"wp","href":"https:\/\/api.w.org\/{rel}","templated":true}]}}