{"id":14128,"date":"2025-07-15T12:51:30","date_gmt":"2025-07-15T10:51:30","guid":{"rendered":"https:\/\/uj.adatbank.ro\/lexikon\/termek\/ludany-gyorgy\/"},"modified":"2025-07-15T12:51:30","modified_gmt":"2025-07-15T10:51:30","slug":"ludany-gyorgy","status":"publish","type":"product","link":"https:\/\/uj.adatbank.ro\/lexikon\/termek\/ludany-gyorgy\/","title":{"rendered":"LUD\u00c1NY Gy\u00f6rgy"},"content":{"rendered":"<p>Debrecen, 1907. aug. 15., \u2020 Bp., 1981. aug. 15.: orvos, \u00e9lettani \u00e9s k\u00f3r\u00e9lettani kutat\u00f3. \u2013 A debreceni egy.-en tanult (1926\u201332), emellett az egy. \u00e9lettani int.-\u00e9ben externista (1926\u2013), d\u00edjas gyakornok (1928\u201331), majd a b\u00e9csi egy..en (1929\u2013), a baseli egy. \u00e9lettani int.-\u00e9ben folytatott tanulm\u00e1nyokat (1931\u201332), egyidej\u0171leg (1931\u201332) a freiburgi egy. \u00e9lettani int.-\u00e9ben tan\u00e1rseg\u00e9d. Tanulm\u00e1nyokat k\u00f6z\u00f6lt a Pfl\u00fcger&#8217;s Arch\u00edv c. szaklapban. Orvosi tanulm\u00e1nyaival egyidej\u0171leg a debreceni egy.-en n\u00e9gy szemeszteren kereszt\u00fcl zool\u00f3gi\u00e1t, botanik\u00e1t \u00e9s fizik\u00e1t is tanult. A debreceni egy.-en orvosi oklevelet szerzett (1932\u2013), uo. az egy. \u00e9lettani int.-\u00e9ben fizet\u00e9stelen gyakornok (1932\u2013), a tihanyi M. Biol. Kutat\u00f3int.-ben az \u00c1ll\u00e1stalan Diplom\u00e1sok Orsz. Bizotts\u00e1g\u00e1nak st\u00e1tus\u00e1ban gyakornok (1934\u201335). A genfi egy. gy\u00f3gyszertani int.-\u00e9ben kutatott (1935), a bp.-i egy. \u00e1ltal\u00e1nos k\u00f3rtani \u00e9s bakteriol\u00f3giai int.-\u00e9ben tan\u00e1rseg\u00e9d (1935\u2013), adjunktus (1936\u201340), a k\u00eds\u00e9rleti k\u00f3rtan c. t\u00e1rgyk\u00f6r mag\u00e1ntan\u00e1ra (1938\u2013). A kv.-i egy.-en az \u00e9lettan ny. rk. (1940\u2013), ny. r. tan\u00e1ra (1945\u201347), az \u00e9lettani int. ig.( 1940\u201347). Mv.-en az OGYI-ben az \u00e9lettan tansz\u00e9kvezet\u0151 egy. tan\u00e1ra (1947\u201348), az \u00e9lettani int\u00e9zet ig.-ja (1947\u201348). Miut\u00e1n visszak\u00fcldt\u00e9k a k\u00fclf\u00f6ldi tan\u00e1rokat Rom\u00e1ni\u00e1b\u00f3l, \u00edgy a bp.-i egy.-en a seb\u00e9szet ny. r. tan\u00e1ra (1948\u2013), a bp.-i orvostud., k\u00f3r\u00e9lettani int.-\u00e9ben docens (1951\u2013), a II. sz. seb\u00e9szeti klinik\u00e1n docens \u00e9s a laborat\u00f3rium vezet\u0151je nyugd\u00edjaz\u00e1s\u00e1ig (1960\u201370). Az orvostudom\u00e1ny doktora (1973). Mo.-on a k\u00eds\u00e9rletes seb\u00e9szet egyik megteremt\u0151je, az alkalmazott \u00e9s seb\u00e9szeti vonatkoz\u00e1s\u00fa \u00e9lettani kutat\u00e1sok nemzetk\u00f6zileg elismert szaktekint\u00e9lye. \u2013 <strong>F. m.:<\/strong> \u00c9lettan (Mv, 1947); <strong>t\u00e1rssz.:<\/strong> A k\u00eds\u00e9rletes orvostudom\u00e1ny m\u00f3dszerei, (Bp., 1954, 1958). <br \/><strong>Irod.:<\/strong> Fodor-Bal\u00e1zs: Mv-.i \u00fatikalauz (Mv., 1996, 2000); Genersich; Guly\u00e1s, P\u00e9terffy \u00c1.- P.P.; RMIL; Sz\u00f6ll\u0151si 2009; \u00daM\u00c9L; Viharban<\/br><\/p>\n","protected":false},"excerpt":{"rendered":"<p>Debrecen, 1907. aug. 15., \u2020 Bp., 1981. aug. 15.: orvos, \u00e9lettani \u00e9s k\u00f3r\u00e9lettani kutat\u00f3. \u2013 A debreceni egy.-en tanult (1926\u201332), emellett az egy. \u00e9lettani int.-\u00e9ben externista (1926\u2013), d\u00edjas gyakornok (1928\u201331), majd a b\u00e9csi egy..en (1929\u2013), a baseli egy. \u00e9lettani int.-\u00e9ben folytatott tanulm\u00e1nyokat (1931\u201332), egyidej\u0171leg (1931\u201332) a freiburgi egy. \u00e9lettani int.-\u00e9ben tan\u00e1rseg\u00e9d. Tanulm\u00e1nyokat k\u00f6z\u00f6lt a Pfl\u00fcger&#8217;s [&hellip;]<\/p>\n","protected":false},"featured_media":0,"comment_status":"open","ping_status":"closed","template":"","meta":[],"product_brand":[],"product_cat":[137],"product_tag":[],"class_list":{"0":"post-14128","1":"product","2":"type-product","3":"status-publish","5":"product_cat-maros-megyei-eletrajzi-lexikon","7":"first","8":"instock","9":"shipping-taxable","10":"product-type-simple"},"_links":{"self":[{"href":"https:\/\/uj.adatbank.ro\/lexikon\/wp-json\/wp\/v2\/product\/14128","targetHints":{"allow":["GET"]}}],"collection":[{"href":"https:\/\/uj.adatbank.ro\/lexikon\/wp-json\/wp\/v2\/product"}],"about":[{"href":"https:\/\/uj.adatbank.ro\/lexikon\/wp-json\/wp\/v2\/types\/product"}],"replies":[{"embeddable":true,"href":"https:\/\/uj.adatbank.ro\/lexikon\/wp-json\/wp\/v2\/comments?post=14128"}],"wp:attachment":[{"href":"https:\/\/uj.adatbank.ro\/lexikon\/wp-json\/wp\/v2\/media?parent=14128"}],"wp:term":[{"taxonomy":"product_brand","embeddable":true,"href":"https:\/\/uj.adatbank.ro\/lexikon\/wp-json\/wp\/v2\/product_brand?post=14128"},{"taxonomy":"product_cat","embeddable":true,"href":"https:\/\/uj.adatbank.ro\/lexikon\/wp-json\/wp\/v2\/product_cat?post=14128"},{"taxonomy":"product_tag","embeddable":true,"href":"https:\/\/uj.adatbank.ro\/lexikon\/wp-json\/wp\/v2\/product_tag?post=14128"}],"curies":[{"name":"wp","href":"https:\/\/api.w.org\/{rel}","templated":true}]}}