{"id":14129,"date":"2025-07-15T12:51:34","date_gmt":"2025-07-15T10:51:34","guid":{"rendered":"https:\/\/uj.adatbank.ro\/lexikon\/termek\/ludke-walterlutke\/"},"modified":"2025-07-15T12:51:34","modified_gmt":"2025-07-15T10:51:34","slug":"ludke-walterlutke","status":"publish","type":"product","link":"https:\/\/uj.adatbank.ro\/lexikon\/termek\/ludke-walterlutke\/","title":{"rendered":"L\u00dcDKE, Walter,L\u00fctke"},"content":{"rendered":"<p>Arad, 1933.,\u2020 Mv., 1994. febr. 28.: orvos. \u2013 Feles\u00e9ge Bo\u00f3sy Ibolya.- Nagyenyeden tan\u00edt\u00f3k\u00e9pz\u0151t v\u00e9gzett majd a MOGYE-n szerzett orvosi diplom\u00e1t (1958). K\u00f6rzeti orvos B\u00e1gyogon majd Szunyogdon, \u00fczemorvos Resic\u00e1n, k\u00f6rorvos Dern\u00e1n. Mv.-en a Sanepidn\u00e9l Munkaeg\u00e9szs\u00e9gtan\u00e1sz oszt\u00e1lyvezet\u0151 f\u0151orvos, a mv.-i Munkaeg\u00e9szs\u00e9gtani \u00e9s Toxikol\u00f3giai Laborat\u00f3rium munkat\u00e1rsa. <br \/><strong>Irod.:<\/strong> Kiss Csekme M, MOGYE; P\u00e9terffy, \u00c1, P\u00e9terffy: A: A mv.-i ref. temet\u0151 orvos-s\u00edrjai (Mv, 2017) [Nekrol\u00f3g](N\u00fa.,1994. m\u00e1rc. 2.)<\/br><\/p>\n","protected":false},"excerpt":{"rendered":"<p>Arad, 1933.,\u2020 Mv., 1994. febr. 28.: orvos. \u2013 Feles\u00e9ge Bo\u00f3sy Ibolya.- Nagyenyeden tan\u00edt\u00f3k\u00e9pz\u0151t v\u00e9gzett majd a MOGYE-n szerzett orvosi diplom\u00e1t (1958). K\u00f6rzeti orvos B\u00e1gyogon majd Szunyogdon, \u00fczemorvos Resic\u00e1n, k\u00f6rorvos Dern\u00e1n. Mv.-en a Sanepidn\u00e9l Munkaeg\u00e9szs\u00e9gtan\u00e1sz oszt\u00e1lyvezet\u0151 f\u0151orvos, a mv.-i Munkaeg\u00e9szs\u00e9gtani \u00e9s Toxikol\u00f3giai Laborat\u00f3rium munkat\u00e1rsa. Irod.: Kiss Csekme M, MOGYE; P\u00e9terffy, \u00c1, P\u00e9terffy: A: A mv.-i ref. [&hellip;]<\/p>\n","protected":false},"featured_media":0,"comment_status":"open","ping_status":"closed","template":"","meta":[],"product_brand":[],"product_cat":[137],"product_tag":[],"class_list":{"0":"post-14129","1":"product","2":"type-product","3":"status-publish","5":"product_cat-maros-megyei-eletrajzi-lexikon","7":"first","8":"instock","9":"shipping-taxable","10":"product-type-simple"},"_links":{"self":[{"href":"https:\/\/uj.adatbank.ro\/lexikon\/wp-json\/wp\/v2\/product\/14129","targetHints":{"allow":["GET"]}}],"collection":[{"href":"https:\/\/uj.adatbank.ro\/lexikon\/wp-json\/wp\/v2\/product"}],"about":[{"href":"https:\/\/uj.adatbank.ro\/lexikon\/wp-json\/wp\/v2\/types\/product"}],"replies":[{"embeddable":true,"href":"https:\/\/uj.adatbank.ro\/lexikon\/wp-json\/wp\/v2\/comments?post=14129"}],"wp:attachment":[{"href":"https:\/\/uj.adatbank.ro\/lexikon\/wp-json\/wp\/v2\/media?parent=14129"}],"wp:term":[{"taxonomy":"product_brand","embeddable":true,"href":"https:\/\/uj.adatbank.ro\/lexikon\/wp-json\/wp\/v2\/product_brand?post=14129"},{"taxonomy":"product_cat","embeddable":true,"href":"https:\/\/uj.adatbank.ro\/lexikon\/wp-json\/wp\/v2\/product_cat?post=14129"},{"taxonomy":"product_tag","embeddable":true,"href":"https:\/\/uj.adatbank.ro\/lexikon\/wp-json\/wp\/v2\/product_tag?post=14129"}],"curies":[{"name":"wp","href":"https:\/\/api.w.org\/{rel}","templated":true}]}}