{"id":14130,"date":"2025-07-15T12:51:36","date_gmt":"2025-07-15T10:51:36","guid":{"rendered":"https:\/\/uj.adatbank.ro\/lexikon\/termek\/ludosianu-nicolae\/"},"modified":"2025-07-15T12:51:36","modified_gmt":"2025-07-15T10:51:36","slug":"ludosianu-nicolae","status":"publish","type":"product","link":"https:\/\/uj.adatbank.ro\/lexikon\/termek\/ludosianu-nicolae\/","title":{"rendered":"LUDO\u015eIANU, Nicolae"},"content":{"rendered":"<p>Marosludas,\u00a0? \u2020\u00a0?: g\u00f6r\u00f6g kat. pap. \u2013 Val\u00f3sz\u00edn\u0171, hogy Bal\u00e1zsfalv\u00e1n tanult, ahol a szerzetesek gondnoka (1762\u201365), papp\u00e1 szentelt\u00e9k (1765) \u00e9s a Marosludasra k\u00fcldt\u00e9k. <br \/><strong>Irod.:<\/strong> Com\u015fa; Com\u015fa\u2013Seiceanu<\/br><\/p>\n","protected":false},"excerpt":{"rendered":"<p>Marosludas,\u00a0? \u2020\u00a0?: g\u00f6r\u00f6g kat. pap. \u2013 Val\u00f3sz\u00edn\u0171, hogy Bal\u00e1zsfalv\u00e1n tanult, ahol a szerzetesek gondnoka (1762\u201365), papp\u00e1 szentelt\u00e9k (1765) \u00e9s a Marosludasra k\u00fcldt\u00e9k. Irod.: Com\u015fa; Com\u015fa\u2013Seiceanu<\/p>\n","protected":false},"featured_media":0,"comment_status":"open","ping_status":"closed","template":"","meta":[],"product_brand":[],"product_cat":[137],"product_tag":[],"class_list":{"0":"post-14130","1":"product","2":"type-product","3":"status-publish","5":"product_cat-maros-megyei-eletrajzi-lexikon","7":"first","8":"instock","9":"shipping-taxable","10":"product-type-simple"},"_links":{"self":[{"href":"https:\/\/uj.adatbank.ro\/lexikon\/wp-json\/wp\/v2\/product\/14130","targetHints":{"allow":["GET"]}}],"collection":[{"href":"https:\/\/uj.adatbank.ro\/lexikon\/wp-json\/wp\/v2\/product"}],"about":[{"href":"https:\/\/uj.adatbank.ro\/lexikon\/wp-json\/wp\/v2\/types\/product"}],"replies":[{"embeddable":true,"href":"https:\/\/uj.adatbank.ro\/lexikon\/wp-json\/wp\/v2\/comments?post=14130"}],"wp:attachment":[{"href":"https:\/\/uj.adatbank.ro\/lexikon\/wp-json\/wp\/v2\/media?parent=14130"}],"wp:term":[{"taxonomy":"product_brand","embeddable":true,"href":"https:\/\/uj.adatbank.ro\/lexikon\/wp-json\/wp\/v2\/product_brand?post=14130"},{"taxonomy":"product_cat","embeddable":true,"href":"https:\/\/uj.adatbank.ro\/lexikon\/wp-json\/wp\/v2\/product_cat?post=14130"},{"taxonomy":"product_tag","embeddable":true,"href":"https:\/\/uj.adatbank.ro\/lexikon\/wp-json\/wp\/v2\/product_tag?post=14130"}],"curies":[{"name":"wp","href":"https:\/\/api.w.org\/{rel}","templated":true}]}}