{"id":14133,"date":"2025-07-15T12:51:42","date_gmt":"2025-07-15T10:51:42","guid":{"rendered":"https:\/\/uj.adatbank.ro\/lexikon\/termek\/luidor-janos-louis-dor-ludor-janos\/"},"modified":"2025-07-15T12:51:42","modified_gmt":"2025-07-15T10:51:42","slug":"luidor-janos-louis-dor-ludor-janos","status":"publish","type":"product","link":"https:\/\/uj.adatbank.ro\/lexikon\/termek\/luidor-janos-louis-dor-ludor-janos\/","title":{"rendered":"LUIDOR, J\u00e1nos, Louis d`Or, Ludor J\u00e1nos"},"content":{"rendered":"<p>? \u2020\u00a01764.: \u00e9p\u00edt\u00e9sz. \u2013 Francia eredet\u0171 tervez\u0151 \u00e9p\u00edt\u00e9sz. Rokok\u00f3 \u00e9p\u00edt\u0151mester Mv.-en a Toldalagi palot\u00e1t tervezte \u00e9s \u00e9p\u00edtette (1759\u201362), bels\u0151 d\u00edsz\u00edt\u00e9s\u00e9t Anton Schuchbauer \u00e9s Schmidt P\u00e1l k\u00e9sz\u00edtette, 13 \u00e9vig. <br \/><strong>Irod.:<\/strong> Imreh; Moln\u00e1r; Sz\u00e9pr\u00e9ti: R\u00e9gi \u00e9s \u00faj vil\u00e1g; \u00daIL<\/br><\/p>\n","protected":false},"excerpt":{"rendered":"<p>? \u2020\u00a01764.: \u00e9p\u00edt\u00e9sz. \u2013 Francia eredet\u0171 tervez\u0151 \u00e9p\u00edt\u00e9sz. Rokok\u00f3 \u00e9p\u00edt\u0151mester Mv.-en a Toldalagi palot\u00e1t tervezte \u00e9s \u00e9p\u00edtette (1759\u201362), bels\u0151 d\u00edsz\u00edt\u00e9s\u00e9t Anton Schuchbauer \u00e9s Schmidt P\u00e1l k\u00e9sz\u00edtette, 13 \u00e9vig. Irod.: Imreh; Moln\u00e1r; Sz\u00e9pr\u00e9ti: R\u00e9gi \u00e9s \u00faj vil\u00e1g; \u00daIL<\/p>\n","protected":false},"featured_media":0,"comment_status":"open","ping_status":"closed","template":"","meta":[],"product_brand":[],"product_cat":[137],"product_tag":[],"class_list":{"0":"post-14133","1":"product","2":"type-product","3":"status-publish","5":"product_cat-maros-megyei-eletrajzi-lexikon","7":"first","8":"instock","9":"shipping-taxable","10":"product-type-simple"},"_links":{"self":[{"href":"https:\/\/uj.adatbank.ro\/lexikon\/wp-json\/wp\/v2\/product\/14133","targetHints":{"allow":["GET"]}}],"collection":[{"href":"https:\/\/uj.adatbank.ro\/lexikon\/wp-json\/wp\/v2\/product"}],"about":[{"href":"https:\/\/uj.adatbank.ro\/lexikon\/wp-json\/wp\/v2\/types\/product"}],"replies":[{"embeddable":true,"href":"https:\/\/uj.adatbank.ro\/lexikon\/wp-json\/wp\/v2\/comments?post=14133"}],"wp:attachment":[{"href":"https:\/\/uj.adatbank.ro\/lexikon\/wp-json\/wp\/v2\/media?parent=14133"}],"wp:term":[{"taxonomy":"product_brand","embeddable":true,"href":"https:\/\/uj.adatbank.ro\/lexikon\/wp-json\/wp\/v2\/product_brand?post=14133"},{"taxonomy":"product_cat","embeddable":true,"href":"https:\/\/uj.adatbank.ro\/lexikon\/wp-json\/wp\/v2\/product_cat?post=14133"},{"taxonomy":"product_tag","embeddable":true,"href":"https:\/\/uj.adatbank.ro\/lexikon\/wp-json\/wp\/v2\/product_tag?post=14133"}],"curies":[{"name":"wp","href":"https:\/\/api.w.org\/{rel}","templated":true}]}}