{"id":14139,"date":"2025-07-15T12:51:53","date_gmt":"2025-07-15T10:51:53","guid":{"rendered":"https:\/\/uj.adatbank.ro\/lexikon\/termek\/lukacs-adam-gyorgy-p\/"},"modified":"2025-07-15T12:51:53","modified_gmt":"2025-07-15T10:51:53","slug":"lukacs-adam-gyorgy-p","status":"publish","type":"product","link":"https:\/\/uj.adatbank.ro\/lexikon\/termek\/lukacs-adam-gyorgy-p\/","title":{"rendered":"LUK\u00c1CS \u00c1d\u00e1m Gy\u00f6rgy, P."},"content":{"rendered":"<p>Lemh\u00e9ny, 1840. aug. 2., \u2020\u00a0Sz\u00e9kelyb\u0151, 1914. nov. 21.: ferences szerzetes. \u2013 Be\u00f6lt\u00f6z\u00f6tt (1861.okt. 3.), felszentelt\u00e9k (1867. okt. 10.). Lelk\u00e9sz volt Sz\u00e9kelyb\u0151ben. <br \/><strong>Irod.:<\/strong> Gy\u00f6rgy: A ferencrendiek<\/br><\/p>\n","protected":false},"excerpt":{"rendered":"<p>Lemh\u00e9ny, 1840. aug. 2., \u2020\u00a0Sz\u00e9kelyb\u0151, 1914. nov. 21.: ferences szerzetes. \u2013 Be\u00f6lt\u00f6z\u00f6tt (1861.okt. 3.), felszentelt\u00e9k (1867. okt. 10.). Lelk\u00e9sz volt Sz\u00e9kelyb\u0151ben. Irod.: Gy\u00f6rgy: A ferencrendiek<\/p>\n","protected":false},"featured_media":0,"comment_status":"open","ping_status":"closed","template":"","meta":[],"product_brand":[],"product_cat":[137],"product_tag":[],"class_list":{"0":"post-14139","1":"product","2":"type-product","3":"status-publish","5":"product_cat-maros-megyei-eletrajzi-lexikon","7":"first","8":"instock","9":"shipping-taxable","10":"product-type-simple"},"_links":{"self":[{"href":"https:\/\/uj.adatbank.ro\/lexikon\/wp-json\/wp\/v2\/product\/14139","targetHints":{"allow":["GET"]}}],"collection":[{"href":"https:\/\/uj.adatbank.ro\/lexikon\/wp-json\/wp\/v2\/product"}],"about":[{"href":"https:\/\/uj.adatbank.ro\/lexikon\/wp-json\/wp\/v2\/types\/product"}],"replies":[{"embeddable":true,"href":"https:\/\/uj.adatbank.ro\/lexikon\/wp-json\/wp\/v2\/comments?post=14139"}],"wp:attachment":[{"href":"https:\/\/uj.adatbank.ro\/lexikon\/wp-json\/wp\/v2\/media?parent=14139"}],"wp:term":[{"taxonomy":"product_brand","embeddable":true,"href":"https:\/\/uj.adatbank.ro\/lexikon\/wp-json\/wp\/v2\/product_brand?post=14139"},{"taxonomy":"product_cat","embeddable":true,"href":"https:\/\/uj.adatbank.ro\/lexikon\/wp-json\/wp\/v2\/product_cat?post=14139"},{"taxonomy":"product_tag","embeddable":true,"href":"https:\/\/uj.adatbank.ro\/lexikon\/wp-json\/wp\/v2\/product_tag?post=14139"}],"curies":[{"name":"wp","href":"https:\/\/api.w.org\/{rel}","templated":true}]}}