{"id":14140,"date":"2025-07-15T12:51:57","date_gmt":"2025-07-15T10:51:57","guid":{"rendered":"https:\/\/uj.adatbank.ro\/lexikon\/termek\/lukacs-antal\/"},"modified":"2025-07-15T12:51:57","modified_gmt":"2025-07-15T10:51:57","slug":"lukacs-antal","status":"publish","type":"product","link":"https:\/\/uj.adatbank.ro\/lexikon\/termek\/lukacs-antal\/","title":{"rendered":"LUK\u00c1CS Antal"},"content":{"rendered":"<p>1794., \u2020\u00a0Mv.,1837.nov.6.: <br \/><strong>Irod.:<\/strong> Pusk\u00e1s-Sz\u00e1sz \u00c1.R<\/br><\/p>\n","protected":false},"excerpt":{"rendered":"<p>1794., \u2020\u00a0Mv.,1837.nov.6.: Irod.: Pusk\u00e1s-Sz\u00e1sz \u00c1.R<\/p>\n","protected":false},"featured_media":0,"comment_status":"open","ping_status":"closed","template":"","meta":[],"product_brand":[],"product_cat":[137],"product_tag":[],"class_list":{"0":"post-14140","1":"product","2":"type-product","3":"status-publish","5":"product_cat-maros-megyei-eletrajzi-lexikon","7":"first","8":"instock","9":"shipping-taxable","10":"product-type-simple"},"_links":{"self":[{"href":"https:\/\/uj.adatbank.ro\/lexikon\/wp-json\/wp\/v2\/product\/14140","targetHints":{"allow":["GET"]}}],"collection":[{"href":"https:\/\/uj.adatbank.ro\/lexikon\/wp-json\/wp\/v2\/product"}],"about":[{"href":"https:\/\/uj.adatbank.ro\/lexikon\/wp-json\/wp\/v2\/types\/product"}],"replies":[{"embeddable":true,"href":"https:\/\/uj.adatbank.ro\/lexikon\/wp-json\/wp\/v2\/comments?post=14140"}],"wp:attachment":[{"href":"https:\/\/uj.adatbank.ro\/lexikon\/wp-json\/wp\/v2\/media?parent=14140"}],"wp:term":[{"taxonomy":"product_brand","embeddable":true,"href":"https:\/\/uj.adatbank.ro\/lexikon\/wp-json\/wp\/v2\/product_brand?post=14140"},{"taxonomy":"product_cat","embeddable":true,"href":"https:\/\/uj.adatbank.ro\/lexikon\/wp-json\/wp\/v2\/product_cat?post=14140"},{"taxonomy":"product_tag","embeddable":true,"href":"https:\/\/uj.adatbank.ro\/lexikon\/wp-json\/wp\/v2\/product_tag?post=14140"}],"curies":[{"name":"wp","href":"https:\/\/api.w.org\/{rel}","templated":true}]}}