{"id":14141,"date":"2025-07-15T12:51:58","date_gmt":"2025-07-15T10:51:58","guid":{"rendered":"https:\/\/uj.adatbank.ro\/lexikon\/termek\/lukacs-bela-%c2%a7\/"},"modified":"2025-07-15T12:51:58","modified_gmt":"2025-07-15T10:51:58","slug":"lukacs-bela-%c2%a7","status":"publish","type":"product","link":"https:\/\/uj.adatbank.ro\/lexikon\/termek\/lukacs-bela-%c2%a7\/","title":{"rendered":"LUK\u00c1CS B\u00e9la, \u00a7"},"content":{"rendered":"<p>Zalatna, 1847. \u00e1pr. 27., \u2020 Bp., 1901. jan. 7.: politikus, k\u00f6zgazd\u00e1sz, ogy.-i k\u00e9pvisel\u0151, kereskedelem\u00fcgyi miniszter.\u2013 Feles\u00e9ge: Gajz\u00e1g\u00f3 Fatim\u00e9. \u2013 \u00c9desapja erzs\u00e9betv\u00e1rosi Luk\u00e1cs Simon gazdag b\u00e1nyatulajdonos, anyja G\u00e1l Ter\u00e9z (\u00f6rm\u00e9ny sz\u00e1rmaz\u00e1s\u00fa erd\u00e9lyi magyarok), \u00e9s \u00f6t testv\u00e9re valamennyien a presz\u00e1kai rom\u00e1n m\u00e9sz\u00e1rl\u00e1s \u00e1ldozatai lettek (1848. okt\u00f3ber 24-\u00e9n). \u0150 is csak rom\u00e1n dajk\u00e1ja seg\u00edts\u00e9g\u00e9vel tudott megmenek\u00fclni a sz\u00f6rny\u0171 v\u00e9ront\u00e1sb\u00f3l. A k\u00f6z\u00e9piskol\u00e1t Gyulafeh\u00e9rv\u00e1rt, a jogot Pesten v\u00e9gezte (1869). Sz\u00e9pirodalmi m\u0171veket, k\u00e9s\u0151bb katonai, t\u00f6rt\u00e9nelmi, p\u00e9nz\u00fcgyi, ad\u00f3z\u00e1si \u00e9s nemzetgazdas\u00e1gi tanulm\u00e1nyokat \u00edrt. Munkat\u00e1rsa volt a Haz\u00e1nk majd a Hon. c. lapoknak. Szerk.-tette a K\u00f6zv\u00e9lem\u00e9ny c. lapot. N\u00e9h\u00e1ny \u00e9vig az \u00e1llami sz\u00e1mvev\u0151sz\u00e9kn\u00e9l \u00e9s a m. p\u00e9nz\u00fcgyminiszt\u00e9riumn\u00e1l dolgozott; Szamos\u00fajv\u00e1r k\u00e9pvisel\u0151je volt (1872\u2013) az ogy.-ben; a M\u00c1V \u2013n\u00e1l igazgat\u00f3; k\u00f6zleked\u00e9s\u00fcgyi miniszt\u00e9riumi \u00e1llamtitk\u00e1r. El\u0151bb Hunyad megye, majd Als\u00f3feh\u00e9rmegye t\u00f6rv\u00e9nyhat\u00f3s\u00e1gi bizotts\u00e1g\u00e1nak tagja. Mv. I. ker\u00fclet\u00e9t k\u00e9pviselte az ogy.-ben korm\u00e1nyp\u00e1rti programmal (1887\u20131892; 1892\u20131896). T\u00e1mogatta a mv.-i Sz\u00e9kelyf\u00f6ldi Iparm\u00fazeum l\u00e9tes\u00edt\u00e9s\u00e9t, a megnyit\u00f3n is r\u00e9sztvett (1893). Kereskedelem\u00fcgyi miniszteri \u00e1llamtitk\u00e1r (1889\u201392). Az els\u0151 Wekerle korm\u00e1nyban kereskedelem\u00fcgyi miniszter (1892. j\u00fal.\u20131895. jan.). A kir\u00e1ly korm\u00e1nybiztosa a p\u00e1rizsi vil\u00e1gki\u00e1ll\u00edt\u00e1s m. oszt\u00e1ly\u00e1nak rendez\u00e9s\u00e9re (1900). Tagja az erd\u00e9lyi R. K. St\u00e1tus-gy\u0171l\u00e9snek, levelez\u0151 tagja a MTA-nak. Mv. d\u00edszpolg\u00e1ra, v. b. t. t., a millennium alkalm\u00e1val megkapta az I. oszt. Vaskoronarendet (1896); P\u00e1rizsban megkapta a Becs\u00fcletrend f\u0151tiszti kit\u0171ntet\u00e9s\u00e9t (1900). El\u0151ad\u00f3 volt a KZST \u00f6sszej\u00f6veteleken, k\u00f6z\u00f6lt a Kv., Mv.-i F\u00fczetek-ben. \u00d6ngyilkos lett. \u2013 <strong>F. m.:<\/strong> A m. keleti vas\u00fat (Kv., 1870); Az 1848\u201349. p\u00e9nz\u00fcgy (Pest, 1871); Az arany rabjai : Elbesz\u00e9l\u00e9sek Erd\u00e9ly aranyvid\u00e9k\u00e9r\u0151l \u00e9s a b\u00e1ny\u00e1szn\u00e9p \u00e9let\u00e9r\u0151l (Pest, 1872); A v\u00e1laszt\u00e1sok el\u0151tt. K\u00fcl\u00f6n\u00f6s tekintettel Erd\u00e9lyre (Pest, 1872); Ausztria \u00e9s Magyaro. p\u00e9nz\u00fcgyi \u00e9s ad\u00f3rendszere (Bp., 1876); K\u00fcl\u00f6n v\u00e9lem\u00e9nyek a v\u00e1mszerz\u0151d\u00e9s, a v\u00e1mtarifa \u00e9s a Lloyd szerz\u0151d\u00e9s t\u00e1rgy\u00e1ban (Bp., 1878); Besz\u00e9de a k\u00e9pvisel\u0151h\u00e1z 1878. nov. 22. \u00fcl\u00e9s\u00e9n (Bp., 1879); \u00c1llamh\u00e1ztart\u00e1s \u00e9s ad\u00f3z\u00e1s Angli\u00e1ban (Bp., 1884); \u00c1llamh\u00e1ztart\u00e1s \u00e9s ad\u00f3z\u00e1s Francio.-ban (Bp., 1884). <br \/><strong>Irod.:<\/strong> Id\u0151t\u00e1r 5 \/1.; Marosi-KZST; MNL; Nagy- Bod\u00f3 Tibor. Per\u00e9nyi Luk\u00e1csok a t\u00f6rt\u00e9nelem sodr\u00e1s\u00e1ban (N\u00fa., 2022.j\u00fan.24.); Nagy \u2013Bod\u00f3 Tibor: A Marosv\u00e1s\u00e1rhelyi \u00d6rm\u00e9ny-Magyar Kultur\u00e1lis Egyes\u00fclet \u00fajabb k\u00f6nyv megjelen\u00e9s\u00e9t seg\u00edtette (N\u00fa., 2022. dec. 16.); Szinnyei; \u00daj ogy.-i almanach (1887\u201392)<\/br><\/p>\n","protected":false},"excerpt":{"rendered":"<p>Zalatna, 1847. \u00e1pr. 27., \u2020 Bp., 1901. jan. 7.: politikus, k\u00f6zgazd\u00e1sz, ogy.-i k\u00e9pvisel\u0151, kereskedelem\u00fcgyi miniszter.\u2013 Feles\u00e9ge: Gajz\u00e1g\u00f3 Fatim\u00e9. \u2013 \u00c9desapja erzs\u00e9betv\u00e1rosi Luk\u00e1cs Simon gazdag b\u00e1nyatulajdonos, anyja G\u00e1l Ter\u00e9z (\u00f6rm\u00e9ny sz\u00e1rmaz\u00e1s\u00fa erd\u00e9lyi magyarok), \u00e9s \u00f6t testv\u00e9re valamennyien a presz\u00e1kai rom\u00e1n m\u00e9sz\u00e1rl\u00e1s \u00e1ldozatai lettek (1848. okt\u00f3ber 24-\u00e9n). \u0150 is csak rom\u00e1n dajk\u00e1ja seg\u00edts\u00e9g\u00e9vel tudott megmenek\u00fclni a sz\u00f6rny\u0171 [&hellip;]<\/p>\n","protected":false},"featured_media":0,"comment_status":"open","ping_status":"closed","template":"","meta":[],"product_brand":[],"product_cat":[137],"product_tag":[],"class_list":{"0":"post-14141","1":"product","2":"type-product","3":"status-publish","5":"product_cat-maros-megyei-eletrajzi-lexikon","7":"first","8":"instock","9":"shipping-taxable","10":"product-type-simple"},"_links":{"self":[{"href":"https:\/\/uj.adatbank.ro\/lexikon\/wp-json\/wp\/v2\/product\/14141","targetHints":{"allow":["GET"]}}],"collection":[{"href":"https:\/\/uj.adatbank.ro\/lexikon\/wp-json\/wp\/v2\/product"}],"about":[{"href":"https:\/\/uj.adatbank.ro\/lexikon\/wp-json\/wp\/v2\/types\/product"}],"replies":[{"embeddable":true,"href":"https:\/\/uj.adatbank.ro\/lexikon\/wp-json\/wp\/v2\/comments?post=14141"}],"wp:attachment":[{"href":"https:\/\/uj.adatbank.ro\/lexikon\/wp-json\/wp\/v2\/media?parent=14141"}],"wp:term":[{"taxonomy":"product_brand","embeddable":true,"href":"https:\/\/uj.adatbank.ro\/lexikon\/wp-json\/wp\/v2\/product_brand?post=14141"},{"taxonomy":"product_cat","embeddable":true,"href":"https:\/\/uj.adatbank.ro\/lexikon\/wp-json\/wp\/v2\/product_cat?post=14141"},{"taxonomy":"product_tag","embeddable":true,"href":"https:\/\/uj.adatbank.ro\/lexikon\/wp-json\/wp\/v2\/product_tag?post=14141"}],"curies":[{"name":"wp","href":"https:\/\/api.w.org\/{rel}","templated":true}]}}