{"id":14147,"date":"2025-07-15T12:52:09","date_gmt":"2025-07-15T10:52:09","guid":{"rendered":"https:\/\/uj.adatbank.ro\/lexikon\/termek\/lukacs-istvan\/"},"modified":"2025-07-15T12:52:09","modified_gmt":"2025-07-15T10:52:09","slug":"lukacs-istvan","status":"publish","type":"product","link":"https:\/\/uj.adatbank.ro\/lexikon\/termek\/lukacs-istvan\/","title":{"rendered":"LUK\u00c1CS Istv\u00e1n"},"content":{"rendered":"<p>Ny\u00e1r\u00e1dandr\u00e1sfalva, 1919. m\u00e1rc.6.,\u2020\u00a0A F\u00fcl\u00f6p Lajos-f\u00e9le jehovista csoport tagja.. A mv.-i Katonai \u00dcgy\u00e9szs\u00e9g v\u00e1d al\u00e1 helyezte. <br \/><strong>Irod.:<\/strong> 1956 Erd\u00e9lyben<\/br><\/p>\n","protected":false},"excerpt":{"rendered":"<p>Ny\u00e1r\u00e1dandr\u00e1sfalva, 1919. m\u00e1rc.6.,\u2020\u00a0A F\u00fcl\u00f6p Lajos-f\u00e9le jehovista csoport tagja.. A mv.-i Katonai \u00dcgy\u00e9szs\u00e9g v\u00e1d al\u00e1 helyezte. Irod.: 1956 Erd\u00e9lyben<\/p>\n","protected":false},"featured_media":0,"comment_status":"open","ping_status":"closed","template":"","meta":[],"product_brand":[],"product_cat":[137],"product_tag":[],"class_list":{"0":"post-14147","1":"product","2":"type-product","3":"status-publish","5":"product_cat-maros-megyei-eletrajzi-lexikon","7":"first","8":"instock","9":"shipping-taxable","10":"product-type-simple"},"_links":{"self":[{"href":"https:\/\/uj.adatbank.ro\/lexikon\/wp-json\/wp\/v2\/product\/14147","targetHints":{"allow":["GET"]}}],"collection":[{"href":"https:\/\/uj.adatbank.ro\/lexikon\/wp-json\/wp\/v2\/product"}],"about":[{"href":"https:\/\/uj.adatbank.ro\/lexikon\/wp-json\/wp\/v2\/types\/product"}],"replies":[{"embeddable":true,"href":"https:\/\/uj.adatbank.ro\/lexikon\/wp-json\/wp\/v2\/comments?post=14147"}],"wp:attachment":[{"href":"https:\/\/uj.adatbank.ro\/lexikon\/wp-json\/wp\/v2\/media?parent=14147"}],"wp:term":[{"taxonomy":"product_brand","embeddable":true,"href":"https:\/\/uj.adatbank.ro\/lexikon\/wp-json\/wp\/v2\/product_brand?post=14147"},{"taxonomy":"product_cat","embeddable":true,"href":"https:\/\/uj.adatbank.ro\/lexikon\/wp-json\/wp\/v2\/product_cat?post=14147"},{"taxonomy":"product_tag","embeddable":true,"href":"https:\/\/uj.adatbank.ro\/lexikon\/wp-json\/wp\/v2\/product_tag?post=14147"}],"curies":[{"name":"wp","href":"https:\/\/api.w.org\/{rel}","templated":true}]}}